{"id":2395,"date":"2025-07-21T14:59:25","date_gmt":"2025-07-21T12:59:25","guid":{"rendered":"https:\/\/kunstmarkt-kreuzberg.com\/?post_type=product&#038;p=2395"},"modified":"2026-03-27T20:56:28","modified_gmt":"2026-03-27T19:56:28","slug":"denn-sie-wissen-nicht-was-sie-tun-rebel-without-a-cause","status":"publish","type":"product","link":"https:\/\/kunstmarkt-kreuzberg.com\/fr\/product\/car-ils-ne-savent-pas-ce-quils-font-rebel-without-a-cause\/","title":{"rendered":"&#8230; denn sie wissen nicht, was sie tun (Rebel Without a Cause), 1955"},"content":{"rendered":"<h3>Description du film<\/h3>\n<p>Ce film est un drame embl\u00e9matique des ann\u00e9es 1950, consid\u00e9r\u00e9 comme un film culte et une \u0153uvre pionni\u00e8re qui, pour la premi\u00e8re fois, abordait explicitement les probl\u00e8mes et l'ali\u00e9nation de la jeunesse am\u00e9ricaine d'apr\u00e8s-guerre - la fameuse Silent Generation. L'action se d\u00e9roule sur une seule journ\u00e9e et une seule nuit et raconte l'histoire de Jim Stark (James Dean), un adolescent rebelle et fils d'une famille ais\u00e9e qui d\u00e9m\u00e9nage avec sa famille dans une nouvelle ville. Jim cherche d\u00e9sesp\u00e9r\u00e9ment la reconnaissance, l'amour et un point d'appui dans un monde qui lui offre l'absence de stabilit\u00e9, et lutte contre la faiblesse de son p\u00e8re et la domination de sa m\u00e8re. Dans son nouveau lyc\u00e9e, Jim entre rapidement en conflit avec un gang de semi-d\u00e9linquants. Il se lie d'amiti\u00e9 avec la vuln\u00e9rable Judy (Natalie Wood) et le solitaire Plato (Sal Mineo), qui ont tous deux des probl\u00e8mes similaires avec leurs familles. Le conflit d\u00e9g\u00e9n\u00e8re en une \u00e9preuve de courage mortelle (appel\u00e9e \u201eChicken Run\u201c), au cours de laquelle de jeunes hommes se pr\u00e9cipitent vers un pr\u00e9cipice au volant de voitures vol\u00e9es, et le premier \u00e0 sauter est le l\u00e2che. Le film est un cri d'amour impitoyable et un portrait existentialiste sur le sentiment de \u201ediff\u00e9rence\u201c et la recherche d'identit\u00e9. Il a fait de James Dean une l\u00e9gende posthume et le prototype de l'adolescent rebelle et anticonformiste. La dramaturgie dramatique en couleur et les performances intenses des acteurs ont consolid\u00e9 le statut du film en tant que classique intemporel.<\/p>\n<p>&nbsp;<\/p>\n<p>&nbsp;<\/p>\n<p class=\"p1\">R\u00e9alisation<span class=\"Apple-converted-space\">\u00a0 \u00a0 \u00a0 \u00a0 \u00a0 \u00a0 \u00a0 \u00a0 \u00a0 \u00a0 \u00a0 \u00a0 \u00a0 \u00a0 \u00a0 \u00a0 \u00a0 \u00a0 \u00a0 <\/span>Nicholas Ray<\/p>\n<p class=\"p1\">Ann\u00e9e de publication<span class=\"Apple-converted-space\">\u00a0 \u00a0 \u00a0 \u00a0 \u00a0 \u00a0 <\/span>1955<\/p>\n<p class=\"p1\">Production<span class=\"Apple-converted-space\">\u00a0 \u00a0 \u00a0 \u00a0 \u00a0 \u00a0 \u00a0 \u00a0 \u00a0 \u00a0 \u00a0 \u00a0 \u00a0 <\/span>\u00c9tats-Unis, Warner Bros.<\/p>\n<p class=\"p1\"><span class=\"Apple-converted-space\">\u00a0\u00a0 \u00a0 \u00a0 \u00a0 \u00a0 \u00a0 \u00a0 \u00a0 \u00a0 \u00a0 \u00a0 \u00a0 \u00a0 \u00a0 \u00a0 \u00a0 \u00a0 \u00a0 \u00a0 \u00a0 \u00a0 \u00a0 \u00a0 \u00a0 <\/span>David Weisbart<\/p>\n<p class=\"p1\">Langue <span class=\"Apple-converted-space\">\u00a0 \u00a0 \u00a0 \u00a0 \u00a0 \u00a0 \u00a0 \u00a0 \u00a0 \u00a0 \u00a0 \u00a0 \u00a0 \u00a0 \u00a0 <\/span>Anglais<\/p>\n<p class=\"p1\">Longueur<span class=\"Apple-converted-space\">\u00a0 \u00a0 \u00a0 \u00a0 \u00a0 \u00a0 \u00a0 \u00a0 \u00a0 \u00a0 \u00a0 \u00a0 \u00a0 \u00a0 \u00a0 \u00a0 \u00a0 \u00a0 <\/span>106 minutes<\/p>\n<p class=\"p1\">Sc\u00e9nario<span class=\"Apple-converted-space\">\u00a0 \u00a0 \u00a0 \u00a0 \u00a0 \u00a0 \u00a0 \u00a0 \u00a0 \u00a0 \u00a0 \u00a0 \u00a0 \u00a0 <\/span>Stewart Stern<\/p>\n<p class=\"p1\">Cam\u00e9ra<span class=\"Apple-converted-space\">\u00a0 \u00a0 \u00a0 \u00a0 \u00a0 \u00a0 \u00a0 \u00a0 \u00a0 \u00a0 \u00a0 \u00a0 \u00a0 \u00a0 \u00a0 \u00a0 <\/span>Ernest Haller<\/p>\n<p class=\"p1\">Coupe <span class=\"Apple-converted-space\">\u00a0 \u00a0 \u00a0 \u00a0 \u00a0 \u00a0 \u00a0 \u00a0 \u00a0 \u00a0 \u00a0 \u00a0 \u00a0 \u00a0 \u00a0 \u00a0 <\/span>William H. Ziegler<\/p>\n<p class=\"p1\">Musique<span class=\"Apple-converted-space\">\u00a0 \u00a0 \u00a0 \u00a0 \u00a0 \u00a0 \u00a0 \u00a0 \u00a0 \u00a0 \u00a0 \u00a0 \u00a0 \u00a0 \u00a0 \u00a0 \u00a0 \u00a0 <\/span>Leonard Rosenman<\/p>\n<p class=\"p1\">Occupation<span class=\"Apple-converted-space\">\u00a0 \u00a0 \u00a0 \u00a0 \u00a0 \u00a0 \u00a0 \u00a0 \u00a0 \u00a0 \u00a0 \u00a0 \u00a0 <\/span>James Dean, Natalie Wood, Sal Mineo, Dennis Hopper<\/p>","protected":false},"excerpt":{"rendered":"<p><strong>Affiche allemande<\/strong> \u2014 <strong>84,1 cm * 59,4 cm, DIN A1<\/strong><\/p>\n<ul>\n<li>Imprimer sur papier haut de gamme <strong>200 g, matt<\/strong><\/li>\n<li>Brillance maximale des couleurs et haute r\u00e9sistance aux UV<\/li>\n<li>Emball\u00e9 en toute s\u00e9curit\u00e9 (11 x 11 x 72 cm)<\/li>\n<\/ul>","protected":false},"featured_media":2738,"template":"","meta":{"site-sidebar-layout":"default","site-content-layout":"","ast-site-content-layout":"default","site-content-style":"default","site-sidebar-style":"default","ast-global-header-display":"","ast-banner-title-visibility":"","ast-main-header-display":"","ast-hfb-above-header-display":"","ast-hfb-below-header-display":"","ast-hfb-mobile-header-display":"","site-post-title":"","ast-breadcrumbs-content":"","ast-featured-img":"","footer-sml-layout":"","ast-disable-related-posts":"","theme-transparent-header-meta":"default","adv-header-id-meta":"","stick-header-meta":"","header-above-stick-meta":"","header-main-stick-meta":"","header-below-stick-meta":"","astra-migrate-meta-layouts":"set","ast-page-background-enabled":"default","ast-page-background-meta":{"desktop":{"background-color":"var(--ast-global-color-4)","background-image":"","background-repeat":"repeat","background-position":"center center","background-size":"auto","background-attachment":"scroll","background-type":"","background-media":"","overlay-type":"","overlay-color":"","overlay-opacity":"","overlay-gradient":""},"tablet":{"background-color":"","background-image":"","background-repeat":"repeat","background-position":"center center","background-size":"auto","background-attachment":"scroll","background-type":"","background-media":"","overlay-type":"","overlay-color":"","overlay-opacity":"","overlay-gradient":""},"mobile":{"background-color":"","background-image":"","background-repeat":"repeat","background-position":"center center","background-size":"auto","background-attachment":"scroll","background-type":"","background-media":"","overlay-type":"","overlay-color":"","overlay-opacity":"","overlay-gradient":""}},"ast-content-background-meta":{"desktop":{"background-color":"var(--ast-global-color-5)","background-image":"","background-repeat":"repeat","background-position":"center center","background-size":"auto","background-attachment":"scroll","background-type":"","background-media":"","overlay-type":"","overlay-color":"","overlay-opacity":"","overlay-gradient":""},"tablet":{"background-color":"var(--ast-global-color-5)","background-image":"","background-repeat":"repeat","background-position":"center center","background-size":"auto","background-attachment":"scroll","background-type":"","background-media":"","overlay-type":"","overlay-color":"","overlay-opacity":"","overlay-gradient":""},"mobile":{"background-color":"var(--ast-global-color-5)","background-image":"","background-repeat":"repeat","background-position":"center center","background-size":"auto","background-attachment":"scroll","background-type":"","background-media":"","overlay-type":"","overlay-color":"","overlay-opacity":"","overlay-gradient":""}}},"product_brand":[],"product_cat":[53],"product_tag":[],"class_list":{"0":"post-2395","1":"product","2":"type-product","3":"status-publish","4":"has-post-thumbnail","6":"product_cat-deutsche-filmplakate","7":"desktop-align-left","8":"tablet-align-left","9":"mobile-align-left","11":"first","12":"instock","13":"taxable","14":"shipping-taxable","15":"purchasable","16":"product-type-simple"},"_links":{"self":[{"href":"https:\/\/kunstmarkt-kreuzberg.com\/fr\/wp-json\/wp\/v2\/product\/2395","targetHints":{"allow":["GET"]}}],"collection":[{"href":"https:\/\/kunstmarkt-kreuzberg.com\/fr\/wp-json\/wp\/v2\/product"}],"about":[{"href":"https:\/\/kunstmarkt-kreuzberg.com\/fr\/wp-json\/wp\/v2\/types\/product"}],"version-history":[{"count":1,"href":"https:\/\/kunstmarkt-kreuzberg.com\/fr\/wp-json\/wp\/v2\/product\/2395\/revisions"}],"predecessor-version":[{"id":3330,"href":"https:\/\/kunstmarkt-kreuzberg.com\/fr\/wp-json\/wp\/v2\/product\/2395\/revisions\/3330"}],"wp:featuredmedia":[{"embeddable":true,"href":"https:\/\/kunstmarkt-kreuzberg.com\/fr\/wp-json\/wp\/v2\/media\/2738"}],"wp:attachment":[{"href":"https:\/\/kunstmarkt-kreuzberg.com\/fr\/wp-json\/wp\/v2\/media?parent=2395"}],"wp:term":[{"taxonomy":"product_brand","embeddable":true,"href":"https:\/\/kunstmarkt-kreuzberg.com\/fr\/wp-json\/wp\/v2\/product_brand?post=2395"},{"taxonomy":"product_cat","embeddable":true,"href":"https:\/\/kunstmarkt-kreuzberg.com\/fr\/wp-json\/wp\/v2\/product_cat?post=2395"},{"taxonomy":"product_tag","embeddable":true,"href":"https:\/\/kunstmarkt-kreuzberg.com\/fr\/wp-json\/wp\/v2\/product_tag?post=2395"}],"curies":[{"name":"wp","href":"https:\/\/api.w.org\/{rel}","templated":true}]}}