{"id":1887,"date":"2025-07-20T09:52:38","date_gmt":"2025-07-20T07:52:38","guid":{"rendered":"https:\/\/german-poster.com\/?post_type=product&#038;p=1887"},"modified":"2026-03-27T20:52:00","modified_gmt":"2026-03-27T19:52:00","slug":"berlin-die-sinfonie-der-grossstadt-deutsches-plakat-1927","status":"publish","type":"product","link":"https:\/\/kunstmarkt-kreuzberg.com\/fr\/product\/berlin-la-symphonie-de-la-grande-ville-affiche-allemande-1927\/","title":{"rendered":"Berlin \u2013 Die Sinfonie der Grosstadt \u2013 Deutsches Plakat (1927)"},"content":{"rendered":"<h2 data-start=\"1688\" data-end=\"1709\">Description du film<\/h2>\n<p>Berlin \u2013 Die Sinfonie der Gro\u00dfstadt ist ein dokumentarisch-experimenteller Stummfilm von Walter Ruttmann, der 1927 Premiere feierte. Der Film zeigt einen Tag im Leben der pulsierenden Metropole Berlin \u2013 vom Erwachen am Morgen bis zur n\u00e4chtlichen Vergn\u00fcgungsszene \u2013 und verbindet dabei dokumentarische Bilder mit einem rhythmischen Schnitt, der das urbane Leben wie eine Sinfonie erscheinen l\u00e4sst.<\/p>\n<p>Ruttmanns Werk gilt als Meilenstein der filmischen Avantgarde und der Stadt-Sinfonien der 1920er Jahre. Mit seiner Kombination aus realistischen Aufnahmen, filmischer Montagekunst und der eigens komponierten Musik von Edmund Meisel vermittelt der Film ein eindrucksvolles Zeitbild der Weimarer Hauptstadt.<\/p>\n<table class=\"w-fit min-w-(--thread-content-width)\" data-start=\"225\" data-end=\"1681\">\n<thead data-start=\"225\" data-end=\"335\">\n<tr data-start=\"225\" data-end=\"335\">\n<th style=\"text-align: left;\" data-start=\"225\" data-end=\"252\" data-col-size=\"sm\"><strong data-start=\"227\" data-end=\"240\">Cat\u00e9gorie<\/strong><\/th>\n<th style=\"text-align: left;\" data-start=\"252\" data-end=\"335\" data-col-size=\"md\"><strong data-start=\"254\" data-end=\"269\">Information<\/strong><\/th>\n<\/tr>\n<\/thead>\n<tbody data-start=\"448\" data-end=\"1681\">\n<tr data-start=\"448\" data-end=\"559\">\n<td data-start=\"448\" data-end=\"475\" data-col-size=\"sm\"><strong data-start=\"450\" data-end=\"471\">Type d'affiche \/ Taille<\/strong><\/td>\n<td data-start=\"475\" data-end=\"559\" data-col-size=\"md\">Affiche allemande - <strong>67 cm x 100 cm<\/strong><\/td>\n<\/tr>\n<tr data-start=\"560\" data-end=\"671\">\n<td data-start=\"560\" data-end=\"588\" data-col-size=\"sm\"><strong data-start=\"562\" data-end=\"581\">Pays de production<\/strong><\/td>\n<td data-start=\"588\" data-end=\"671\" data-col-size=\"md\">Allemagne<\/td>\n<\/tr>\n<tr data-start=\"672\" data-end=\"783\">\n<td data-start=\"672\" data-end=\"700\" data-col-size=\"sm\"><strong data-start=\"674\" data-end=\"685\">Langue<\/strong><\/td>\n<td data-start=\"700\" data-end=\"783\" data-col-size=\"md\">Film muet<\/td>\n<\/tr>\n<tr data-start=\"784\" data-end=\"895\">\n<td data-start=\"784\" data-end=\"812\" data-col-size=\"sm\"><strong data-start=\"786\" data-end=\"798\">Premi\u00e8re<\/strong><\/td>\n<td data-start=\"812\" data-end=\"895\" data-col-size=\"md\">23 septembre 1927 \u00e0 Berlin<\/td>\n<\/tr>\n<tr data-start=\"896\" data-end=\"1007\">\n<td data-start=\"896\" data-end=\"924\" data-col-size=\"sm\"><strong data-start=\"898\" data-end=\"907\">Longueur<\/strong><\/td>\n<td data-start=\"924\" data-end=\"1007\" data-col-size=\"md\">environ 65 minutes<\/td>\n<\/tr>\n<tr data-start=\"1008\" data-end=\"1119\">\n<td data-start=\"1008\" data-end=\"1036\" data-col-size=\"sm\"><strong data-start=\"1010\" data-end=\"1019\">R\u00e9alisation<\/strong><\/td>\n<td data-start=\"1036\" data-end=\"1119\" data-col-size=\"md\">Walter Ruttmann<\/td>\n<\/tr>\n<tr data-start=\"1120\" data-end=\"1231\">\n<td data-start=\"1120\" data-end=\"1148\" data-col-size=\"sm\"><strong data-start=\"1122\" data-end=\"1134\">Sc\u00e9nario<\/strong><\/td>\n<td data-start=\"1148\" data-end=\"1231\" data-col-size=\"md\">Carl Mayer (collaboration)<\/td>\n<\/tr>\n<tr data-start=\"1232\" data-end=\"1343\">\n<td data-start=\"1232\" data-end=\"1260\" data-col-size=\"sm\"><strong data-start=\"1234\" data-end=\"1248\">Production<\/strong><\/td>\n<td data-start=\"1260\" data-end=\"1343\" data-col-size=\"md\">Deutsche Vereins-Film AG<\/td>\n<\/tr>\n<tr data-start=\"1344\" data-end=\"1455\">\n<td data-start=\"1344\" data-end=\"1372\" data-col-size=\"sm\"><strong data-start=\"1346\" data-end=\"1356\">Cam\u00e9ra<\/strong><\/td>\n<td data-start=\"1372\" data-end=\"1455\" data-col-size=\"md\">Karl Freund, Reimar Kuntze, L\u00e1szl\u00f3 Sch\u00e4ffer, Robert Baberske<\/td>\n<\/tr>\n<tr data-start=\"1456\" data-end=\"1568\">\n<td data-start=\"1456\" data-end=\"1484\" data-col-size=\"sm\"><strong data-start=\"1458\" data-end=\"1467\">Musique<\/strong><\/td>\n<td data-start=\"1484\" data-end=\"1568\" data-col-size=\"md\">Edmund Meisel (musique originale)<\/td>\n<\/tr>\n<tr data-start=\"1569\" data-end=\"1681\">\n<td data-start=\"1569\" data-end=\"1597\" data-col-size=\"sm\"><strong data-start=\"1571\" data-end=\"1584\">Occupation<\/strong><\/td>\n<td data-start=\"1597\" data-end=\"1681\" data-col-size=\"md\">- (Film documentaire muet, pas d'acteurs au sens classique du terme)<\/td>\n<\/tr>\n<\/tbody>\n<\/table>\n<p>&nbsp;<\/p>","protected":false},"excerpt":{"rendered":"<p><strong data-start=\"515\" data-end=\"532\">Affiche allemande\u00a0<\/strong><\/p>\n<ul>\n<li>Druck auf Premiumpapier, 200 g, matt, <strong>67 cm x 100 cm<\/strong><\/li>\n<li>Brillance maximale des couleurs et haute r\u00e9sistance aux UV<\/li>\n<li>Emball\u00e9 en toute s\u00e9curit\u00e9 (11 x 11 x 72 cm)<\/li>\n<\/ul>","protected":false},"featured_media":2741,"template":"","meta":{"site-sidebar-layout":"default","site-content-layout":"","ast-site-content-layout":"default","site-content-style":"default","site-sidebar-style":"default","ast-global-header-display":"","ast-banner-title-visibility":"","ast-main-header-display":"","ast-hfb-above-header-display":"","ast-hfb-below-header-display":"","ast-hfb-mobile-header-display":"","site-post-title":"","ast-breadcrumbs-content":"","ast-featured-img":"","footer-sml-layout":"","ast-disable-related-posts":"","theme-transparent-header-meta":"default","adv-header-id-meta":"","stick-header-meta":"","header-above-stick-meta":"","header-main-stick-meta":"","header-below-stick-meta":"","astra-migrate-meta-layouts":"set","ast-page-background-enabled":"default","ast-page-background-meta":{"desktop":{"background-color":"var(--ast-global-color-4)","background-image":"","background-repeat":"repeat","background-position":"center center","background-size":"auto","background-attachment":"scroll","background-type":"","background-media":"","overlay-type":"","overlay-color":"","overlay-opacity":"","overlay-gradient":""},"tablet":{"background-color":"","background-image":"","background-repeat":"repeat","background-position":"center center","background-size":"auto","background-attachment":"scroll","background-type":"","background-media":"","overlay-type":"","overlay-color":"","overlay-opacity":"","overlay-gradient":""},"mobile":{"background-color":"","background-image":"","background-repeat":"repeat","background-position":"center center","background-size":"auto","background-attachment":"scroll","background-type":"","background-media":"","overlay-type":"","overlay-color":"","overlay-opacity":"","overlay-gradient":""}},"ast-content-background-meta":{"desktop":{"background-color":"var(--ast-global-color-5)","background-image":"","background-repeat":"repeat","background-position":"center center","background-size":"auto","background-attachment":"scroll","background-type":"","background-media":"","overlay-type":"","overlay-color":"","overlay-opacity":"","overlay-gradient":""},"tablet":{"background-color":"var(--ast-global-color-5)","background-image":"","background-repeat":"repeat","background-position":"center center","background-size":"auto","background-attachment":"scroll","background-type":"","background-media":"","overlay-type":"","overlay-color":"","overlay-opacity":"","overlay-gradient":""},"mobile":{"background-color":"var(--ast-global-color-5)","background-image":"","background-repeat":"repeat","background-position":"center center","background-size":"auto","background-attachment":"scroll","background-type":"","background-media":"","overlay-type":"","overlay-color":"","overlay-opacity":"","overlay-gradient":""}}},"product_brand":[],"product_cat":[53],"product_tag":[],"class_list":{"0":"post-1887","1":"product","2":"type-product","3":"status-publish","4":"has-post-thumbnail","6":"product_cat-deutsche-filmplakate","7":"desktop-align-left","8":"tablet-align-left","9":"mobile-align-left","11":"first","12":"instock","13":"taxable","14":"shipping-taxable","15":"product-type-simple"},"_links":{"self":[{"href":"https:\/\/kunstmarkt-kreuzberg.com\/fr\/wp-json\/wp\/v2\/product\/1887","targetHints":{"allow":["GET"]}}],"collection":[{"href":"https:\/\/kunstmarkt-kreuzberg.com\/fr\/wp-json\/wp\/v2\/product"}],"about":[{"href":"https:\/\/kunstmarkt-kreuzberg.com\/fr\/wp-json\/wp\/v2\/types\/product"}],"version-history":[{"count":2,"href":"https:\/\/kunstmarkt-kreuzberg.com\/fr\/wp-json\/wp\/v2\/product\/1887\/revisions"}],"predecessor-version":[{"id":3329,"href":"https:\/\/kunstmarkt-kreuzberg.com\/fr\/wp-json\/wp\/v2\/product\/1887\/revisions\/3329"}],"wp:featuredmedia":[{"embeddable":true,"href":"https:\/\/kunstmarkt-kreuzberg.com\/fr\/wp-json\/wp\/v2\/media\/2741"}],"wp:attachment":[{"href":"https:\/\/kunstmarkt-kreuzberg.com\/fr\/wp-json\/wp\/v2\/media?parent=1887"}],"wp:term":[{"taxonomy":"product_brand","embeddable":true,"href":"https:\/\/kunstmarkt-kreuzberg.com\/fr\/wp-json\/wp\/v2\/product_brand?post=1887"},{"taxonomy":"product_cat","embeddable":true,"href":"https:\/\/kunstmarkt-kreuzberg.com\/fr\/wp-json\/wp\/v2\/product_cat?post=1887"},{"taxonomy":"product_tag","embeddable":true,"href":"https:\/\/kunstmarkt-kreuzberg.com\/fr\/wp-json\/wp\/v2\/product_tag?post=1887"}],"curies":[{"name":"wp","href":"https:\/\/api.w.org\/{rel}","templated":true}]}}