{"id":1883,"date":"2025-07-01T02:00:59","date_gmt":"2025-07-01T00:00:59","guid":{"rendered":"https:\/\/german-poster.com\/?post_type=product&#038;p=1883"},"modified":"2026-03-10T11:57:05","modified_gmt":"2026-03-10T10:57:05","slug":"exas-doc-snyder-haelt-die-welt-in-atem-deutsches-plakat-1993","status":"publish","type":"product","link":"https:\/\/kunstmarkt-kreuzberg.com\/fr\/product\/exas-doc-snyder-tient-le-monde-en-haleine-affiche-allemande-1993\/","title":{"rendered":"Texas - Doc Snyder h\u00e4lt die Welt in Atem - Affiche allemande (1993)"},"content":{"rendered":"<h2 data-start=\"1679\" data-end=\"1700\">Description du film<\/h2>\n<p data-start=\"1702\" data-end=\"1964\" class=\"translation-block\"><em data-start=\"1702\" data-end=\"1744\">Texas - Doc Snyder tient le monde en haleine<\/em> est une <strong data-start=\"1754\" data-end=\"1772\">parodie de western<\/strong> de et avec <strong data-start=\"1785\" data-end=\"1804\">Helge Schneider<\/strong>, qui est sortie au cin\u00e9ma en 1993. Schneider ne joue pas seulement le h\u00e9ros de western taciturne Doc Snyder, mais aussi sa m\u00e8re, son fr\u00e8re et d'autres personnages.<\/p>\n<p data-start=\"1966\" data-end=\"2239\" class=\"translation-block\">Le film caricature les motifs classiques du western avec un humour absurde, des dialogues bizarres et des interm\u00e8des surr\u00e9alistes. Avec son style original, ses interludes musicaux et son humour anarchique, le film est devenu un <strong data-start=\"2187\" data-end=\"2204\">classique culte<\/strong> du cin\u00e9ma ind\u00e9pendant allemand.<\/p>\n<hr \/>\n<table>\n<thead data-start=\"200\" data-end=\"310\">\n<tr data-start=\"200\" data-end=\"310\">\n<th style=\"text-align: left;\" data-start=\"200\" data-end=\"227\" data-col-size=\"sm\"><strong data-start=\"202\" data-end=\"215\">Cat\u00e9gorie<\/strong><\/th>\n<th style=\"text-align: left;\" data-start=\"227\" data-end=\"310\" data-col-size=\"md\"><strong data-start=\"229\" data-end=\"244\">Information<\/strong><\/th>\n<\/tr>\n<\/thead>\n<\/table>\n<div>\n<table>\n<tbody>\n<tr data-start=\"423\" data-end=\"534\">\n<td data-start=\"423\" data-end=\"450\" data-col-size=\"sm\"><strong data-start=\"425\" data-end=\"446\">Type d'affiche \/ Taille<\/strong><\/td>\n<td data-start=\"450\" data-end=\"534\" data-col-size=\"md\">Affiche allemande - <strong>59,4cm x 84,1cm, DIN A1<\/strong><\/td>\n<\/tr>\n<\/tbody>\n<\/table>\n<\/div>\n<div>\n<table>\n<tbody>\n<tr data-start=\"535\" data-end=\"646\">\n<td data-start=\"535\" data-end=\"563\" data-col-size=\"sm\"><strong data-start=\"537\" data-end=\"556\">Pays de production<\/strong><\/td>\n<td data-start=\"563\" data-end=\"646\" data-col-size=\"md\">Allemagne<\/td>\n<\/tr>\n<\/tbody>\n<\/table>\n<\/div>\n<div>\n<table>\n<tbody>\n<tr data-start=\"647\" data-end=\"758\">\n<td data-start=\"647\" data-end=\"675\" data-col-size=\"sm\"><strong data-start=\"649\" data-end=\"660\">Langue<\/strong><\/td>\n<td data-start=\"675\" data-end=\"758\" data-col-size=\"md\">Allemand<\/td>\n<\/tr>\n<\/tbody>\n<\/table>\n<\/div>\n<div>\n<table>\n<tbody>\n<tr data-start=\"759\" data-end=\"870\">\n<td data-start=\"759\" data-end=\"787\" data-col-size=\"sm\"><strong data-start=\"761\" data-end=\"781\">Ann\u00e9e de publication<\/strong><\/td>\n<td data-start=\"787\" data-end=\"870\" data-col-size=\"md\">1993<\/td>\n<\/tr>\n<\/tbody>\n<\/table>\n<\/div>\n<div>\n<table>\n<tbody>\n<tr data-start=\"871\" data-end=\"982\">\n<td data-start=\"871\" data-end=\"899\" data-col-size=\"sm\"><strong data-start=\"873\" data-end=\"882\">Longueur<\/strong><\/td>\n<td data-start=\"899\" data-end=\"982\" data-col-size=\"md\">92 minutes<\/td>\n<\/tr>\n<\/tbody>\n<\/table>\n<\/div>\n<div>\n<table>\n<tbody>\n<tr data-start=\"983\" data-end=\"1094\">\n<td data-start=\"983\" data-end=\"1011\" data-col-size=\"sm\"><strong data-start=\"985\" data-end=\"994\">R\u00e9alisation<\/strong><\/td>\n<td data-start=\"1011\" data-end=\"1094\" data-col-size=\"md\">Helge Schneider<\/td>\n<\/tr>\n<\/tbody>\n<\/table>\n<\/div>\n<div>\n<table>\n<tbody>\n<tr data-start=\"1095\" data-end=\"1206\">\n<td data-start=\"1095\" data-end=\"1123\" data-col-size=\"sm\"><strong data-start=\"1097\" data-end=\"1109\">Sc\u00e9nario<\/strong><\/td>\n<td data-start=\"1123\" data-end=\"1206\" data-col-size=\"md\">Helge Schneider<\/td>\n<\/tr>\n<\/tbody>\n<\/table>\n<\/div>\n<div>\n<table>\n<tbody>\n<tr data-start=\"1207\" data-end=\"1318\">\n<td data-start=\"1207\" data-end=\"1235\" data-col-size=\"sm\"><strong data-start=\"1209\" data-end=\"1223\">Production<\/strong><\/td>\n<td data-start=\"1235\" data-end=\"1318\" data-col-size=\"md\">Trixter Film GmbH<\/td>\n<\/tr>\n<\/tbody>\n<\/table>\n<\/div>\n<div>\n<table>\n<tbody>\n<tr data-start=\"1319\" data-end=\"1430\">\n<td data-start=\"1319\" data-end=\"1347\" data-col-size=\"sm\"><strong data-start=\"1321\" data-end=\"1331\">Cam\u00e9ra<\/strong><\/td>\n<td data-start=\"1347\" data-end=\"1430\" data-col-size=\"md\">Bernd Heinl<\/td>\n<\/tr>\n<\/tbody>\n<\/table>\n<\/div>\n<div>\n<table>\n<tbody>\n<tr data-start=\"1431\" data-end=\"1542\">\n<td data-start=\"1431\" data-end=\"1459\" data-col-size=\"sm\"><strong data-start=\"1433\" data-end=\"1442\">Musique<\/strong><\/td>\n<td data-start=\"1459\" data-end=\"1542\" data-col-size=\"md\">Helge Schneider<\/td>\n<\/tr>\n<\/tbody>\n<\/table>\n<\/div>\n<div>\n<table>\n<tbody>\n<tr data-start=\"1543\" data-end=\"1672\">\n<td data-start=\"1543\" data-end=\"1571\" data-col-size=\"sm\"><strong data-start=\"1545\" data-end=\"1558\">Occupation<\/strong><\/td>\n<td data-start=\"1571\" data-end=\"1672\" data-col-size=\"md\">Helge Schneider (dans plusieurs r\u00f4les), Andreas Kunze, Heike-Melba Fendel, Ron Williams, Jimmy Woode<\/td>\n<\/tr>\n<\/tbody>\n<\/table>\n<\/div>","protected":false},"excerpt":{"rendered":"<p>Affiche allemande - <strong>59,4cm x 84,1cm, DIN A1<\/strong><\/p>\n<ul>\n<li>Druck auf Premiumpapier, 200 g, matt<\/li>\n<li>Brillance maximale des couleurs et haute r\u00e9sistance aux UV<\/li>\n<li>Emball\u00e9 en toute s\u00e9curit\u00e9 (11 x 11 x 72 cm)<\/li>\n<\/ul>","protected":false},"featured_media":2754,"template":"","meta":{"site-sidebar-layout":"default","site-content-layout":"","ast-site-content-layout":"default","site-content-style":"default","site-sidebar-style":"default","ast-global-header-display":"","ast-banner-title-visibility":"","ast-main-header-display":"","ast-hfb-above-header-display":"","ast-hfb-below-header-display":"","ast-hfb-mobile-header-display":"","site-post-title":"","ast-breadcrumbs-content":"","ast-featured-img":"","footer-sml-layout":"","ast-disable-related-posts":"","theme-transparent-header-meta":"default","adv-header-id-meta":"","stick-header-meta":"","header-above-stick-meta":"","header-main-stick-meta":"","header-below-stick-meta":"","astra-migrate-meta-layouts":"set","ast-page-background-enabled":"default","ast-page-background-meta":{"desktop":{"background-color":"var(--ast-global-color-4)","background-image":"","background-repeat":"repeat","background-position":"center center","background-size":"auto","background-attachment":"scroll","background-type":"","background-media":"","overlay-type":"","overlay-color":"","overlay-opacity":"","overlay-gradient":""},"tablet":{"background-color":"","background-image":"","background-repeat":"repeat","background-position":"center center","background-size":"auto","background-attachment":"scroll","background-type":"","background-media":"","overlay-type":"","overlay-color":"","overlay-opacity":"","overlay-gradient":""},"mobile":{"background-color":"","background-image":"","background-repeat":"repeat","background-position":"center center","background-size":"auto","background-attachment":"scroll","background-type":"","background-media":"","overlay-type":"","overlay-color":"","overlay-opacity":"","overlay-gradient":""}},"ast-content-background-meta":{"desktop":{"background-color":"var(--ast-global-color-5)","background-image":"","background-repeat":"repeat","background-position":"center center","background-size":"auto","background-attachment":"scroll","background-type":"","background-media":"","overlay-type":"","overlay-color":"","overlay-opacity":"","overlay-gradient":""},"tablet":{"background-color":"var(--ast-global-color-5)","background-image":"","background-repeat":"repeat","background-position":"center center","background-size":"auto","background-attachment":"scroll","background-type":"","background-media":"","overlay-type":"","overlay-color":"","overlay-opacity":"","overlay-gradient":""},"mobile":{"background-color":"var(--ast-global-color-5)","background-image":"","background-repeat":"repeat","background-position":"center center","background-size":"auto","background-attachment":"scroll","background-type":"","background-media":"","overlay-type":"","overlay-color":"","overlay-opacity":"","overlay-gradient":""}}},"product_brand":[],"product_cat":[53],"product_tag":[],"class_list":{"0":"post-1883","1":"product","2":"type-product","3":"status-publish","4":"has-post-thumbnail","6":"product_cat-deutsche-filmplakate","7":"desktop-align-left","8":"tablet-align-left","9":"mobile-align-left","11":"first","12":"instock","13":"taxable","14":"shipping-taxable","15":"purchasable","16":"product-type-simple"},"_links":{"self":[{"href":"https:\/\/kunstmarkt-kreuzberg.com\/fr\/wp-json\/wp\/v2\/product\/1883","targetHints":{"allow":["GET"]}}],"collection":[{"href":"https:\/\/kunstmarkt-kreuzberg.com\/fr\/wp-json\/wp\/v2\/product"}],"about":[{"href":"https:\/\/kunstmarkt-kreuzberg.com\/fr\/wp-json\/wp\/v2\/types\/product"}],"version-history":[{"count":0,"href":"https:\/\/kunstmarkt-kreuzberg.com\/fr\/wp-json\/wp\/v2\/product\/1883\/revisions"}],"wp:featuredmedia":[{"embeddable":true,"href":"https:\/\/kunstmarkt-kreuzberg.com\/fr\/wp-json\/wp\/v2\/media\/2754"}],"wp:attachment":[{"href":"https:\/\/kunstmarkt-kreuzberg.com\/fr\/wp-json\/wp\/v2\/media?parent=1883"}],"wp:term":[{"taxonomy":"product_brand","embeddable":true,"href":"https:\/\/kunstmarkt-kreuzberg.com\/fr\/wp-json\/wp\/v2\/product_brand?post=1883"},{"taxonomy":"product_cat","embeddable":true,"href":"https:\/\/kunstmarkt-kreuzberg.com\/fr\/wp-json\/wp\/v2\/product_cat?post=1883"},{"taxonomy":"product_tag","embeddable":true,"href":"https:\/\/kunstmarkt-kreuzberg.com\/fr\/wp-json\/wp\/v2\/product_tag?post=1883"}],"curies":[{"name":"wp","href":"https:\/\/api.w.org\/{rel}","templated":true}]}}