{"id":1748,"date":"2025-09-15T13:43:40","date_gmt":"2025-09-15T11:43:40","guid":{"rendered":"https:\/\/german-poster.com\/?post_type=product&#038;p=1748"},"modified":"2026-03-13T16:55:54","modified_gmt":"2026-03-13T15:55:54","slug":"metropolis-franzoesisches-plakat-1927","status":"publish","type":"product","link":"https:\/\/kunstmarkt-kreuzberg.com\/fr\/product\/metropolis-affiche-francaise-1927\/","title":{"rendered":"Metropolis \u2013 Franz\u00f6sisches Plakat"},"content":{"rendered":"<p><span class=\"--l --r container-source\"><span class=\"--l --r bg-blue-50 text-unit-source\">Metropolis est un film muet allemand monumental r\u00e9alis\u00e9 par Fritz Lang en 1927, bas\u00e9 sur le roman de Thea von Harbou (1925). Ce r\u00e9cit visionnaire d'une grande ville futuriste o\u00f9 r\u00e8gne une \u00e9lite et o\u00f9 la classe ouvri\u00e8re est exploit\u00e9e dans des usines souterraines, compte parmi les plus grands jalons de l'histoire du cin\u00e9ma.<\/span><\/span><\/p>\n<p><span class=\"--l --r container-source\">La version fran\u00e7aise de l'affiche, r\u00e9alis\u00e9e par Boris Bilinski, met en valeur la dimension artistique et expressionniste du film. Avec ses visions architecturales spectaculaires, ses effets sp\u00e9ciaux innovants d'Eugen Sch\u00fcfftan et la musique de Gottfried Huppertz, Metropolis a durablement marqu\u00e9 le langage visuel du film de science-fiction et influenc\u00e9 des g\u00e9n\u00e9rations de cin\u00e9astes dans le monde entier.<\/span><\/p>\n<p>&nbsp;<\/p>\n<hr \/>\n<table class=\"w-fit min-w-(--thread-content-width)\" data-start=\"177\" data-end=\"1997\">\n<thead data-start=\"177\" data-end=\"289\">\n<tr data-start=\"177\" data-end=\"289\">\n<th style=\"text-align: left;\" data-start=\"177\" data-end=\"206\" data-col-size=\"sm\"><strong data-start=\"179\" data-end=\"192\">Cat\u00e9gorie<\/strong><\/th>\n<th style=\"text-align: left;\" data-start=\"206\" data-end=\"289\" data-col-size=\"md\"><strong data-start=\"208\" data-end=\"223\">Information<\/strong><\/th>\n<\/tr>\n<\/thead>\n<tbody data-start=\"404\" data-end=\"1997\">\n<tr data-start=\"404\" data-end=\"517\">\n<td data-start=\"404\" data-end=\"434\" data-col-size=\"sm\"><strong data-start=\"406\" data-end=\"427\">Type d'affiche \/ Taille<\/strong><\/td>\n<td data-start=\"434\" data-end=\"517\" data-col-size=\"md\" class=\"translation-block\">Affiche fran\u00e7aise - <strong data-start=\"459\" data-end=\"474\">100 \u00d7 70 cm<\/strong><\/td>\n<\/tr>\n<tr data-start=\"518\" data-end=\"631\">\n<td data-start=\"518\" data-end=\"548\" data-col-size=\"sm\"><strong data-start=\"520\" data-end=\"534\">Production<\/strong><\/td>\n<td data-start=\"548\" data-end=\"631\" data-col-size=\"md\">Allemagne - Universum Film AG (UFA)<\/td>\n<\/tr>\n<tr data-start=\"632\" data-end=\"744\">\n<td data-start=\"632\" data-end=\"662\" data-col-size=\"sm\"><strong data-start=\"634\" data-end=\"646\">Premi\u00e8re<\/strong><\/td>\n<td data-start=\"662\" data-end=\"744\" data-col-size=\"md\">10 janvier 1927<\/td>\n<\/tr>\n<tr data-start=\"745\" data-end=\"857\">\n<td data-start=\"745\" data-end=\"775\" data-col-size=\"sm\"><strong data-start=\"747\" data-end=\"756\">Longueur<\/strong><\/td>\n<td data-start=\"775\" data-end=\"857\" data-col-size=\"md\">153 minutes<\/td>\n<\/tr>\n<tr data-start=\"858\" data-end=\"971\">\n<td data-start=\"858\" data-end=\"888\" data-col-size=\"sm\"><strong data-start=\"860\" data-end=\"880\">Cr\u00e9ation d'affiches<\/strong><\/td>\n<td data-start=\"888\" data-end=\"971\" data-col-size=\"md\">Boris Bilinski<\/td>\n<\/tr>\n<tr data-start=\"972\" data-end=\"1085\">\n<td data-start=\"972\" data-end=\"1002\" data-col-size=\"sm\"><strong data-start=\"974\" data-end=\"983\">R\u00e9alisation<\/strong><\/td>\n<td data-start=\"1002\" data-end=\"1085\" data-col-size=\"md\">Fritz Lang<\/td>\n<\/tr>\n<tr data-start=\"1086\" data-end=\"1199\">\n<td data-start=\"1086\" data-end=\"1116\" data-col-size=\"sm\"><strong data-start=\"1088\" data-end=\"1100\">Sc\u00e9nario<\/strong><\/td>\n<td data-start=\"1116\" data-end=\"1199\" data-col-size=\"md\">Thea von Harbou, Fritz Lang<\/td>\n<\/tr>\n<tr data-start=\"1200\" data-end=\"1313\">\n<td data-start=\"1200\" data-end=\"1230\" data-col-size=\"sm\"><strong data-start=\"1202\" data-end=\"1212\">Cam\u00e9ra<\/strong><\/td>\n<td data-start=\"1230\" data-end=\"1313\" data-col-size=\"md\">Karl Freund, G\u00fcnther Rittau, Walter Ruttmann<\/td>\n<\/tr>\n<tr data-start=\"1314\" data-end=\"1426\">\n<td data-start=\"1314\" data-end=\"1344\" data-col-size=\"sm\"><strong data-start=\"1316\" data-end=\"1327\">Effets<\/strong><\/td>\n<td data-start=\"1344\" data-end=\"1426\" data-col-size=\"md\">Eugen Sch\u00fcfftan<\/td>\n<\/tr>\n<tr data-start=\"1427\" data-end=\"1540\">\n<td data-start=\"1427\" data-end=\"1457\" data-col-size=\"sm\"><strong data-start=\"1429\" data-end=\"1438\">Musique<\/strong><\/td>\n<td data-start=\"1457\" data-end=\"1540\" data-col-size=\"md\">Gottfried Huppertz<\/td>\n<\/tr>\n<tr data-start=\"1541\" data-end=\"1654\">\n<td data-start=\"1541\" data-end=\"1571\" data-col-size=\"sm\"><strong data-start=\"1543\" data-end=\"1554\">Coupe<\/strong><\/td>\n<td data-start=\"1571\" data-end=\"1654\" data-col-size=\"md\">Fritz Lang<\/td>\n<\/tr>\n<tr data-start=\"1655\" data-end=\"1768\">\n<td data-start=\"1655\" data-end=\"1685\" data-col-size=\"sm\"><strong data-start=\"1657\" data-end=\"1685\">Architecture du film \/ Constructions<\/strong><\/td>\n<td data-start=\"1685\" data-end=\"1768\" data-col-size=\"md\">Otto Hunte, Erich Kettelhut, Karl Vollbrecht<\/td>\n<\/tr>\n<tr data-start=\"1769\" data-end=\"1883\">\n<td data-start=\"1769\" data-end=\"1799\" data-col-size=\"sm\"><strong data-start=\"1771\" data-end=\"1784\">Occupation<\/strong><\/td>\n<td data-start=\"1799\" data-end=\"1883\" data-col-size=\"md\">Brigitte Helm, Gustav Fr\u00f6hlich, Alfred Abel, Rudolf Klein-Rogge, Heinrich George<\/td>\n<\/tr>\n<tr data-start=\"1884\" data-end=\"1997\">\n<td data-start=\"1884\" data-end=\"1914\" data-col-size=\"sm\"><strong data-start=\"1886\" data-end=\"1896\">Budget<\/strong><\/td>\n<td data-start=\"1914\" data-end=\"1997\" data-col-size=\"md\">environ 5,3 millions de Reichsmark<\/td>\n<\/tr>\n<\/tbody>\n<\/table>","protected":false},"excerpt":{"rendered":"<p class=\"translation-block\">Affiche fran\u00e7aise - <strong data-start=\"459\" data-end=\"474\">100 \u00d7 70 cm<\/strong><\/p>\n<ul>\n<li>Druck auf Premiumpapier, 250 g, matt<\/li>\n<li>Brillance maximale des couleurs et haute r\u00e9sistance aux UV<\/li>\n<li>Aspect \u00e9l\u00e9gant gr\u00e2ce au bord blanc de 3 mm de large<\/li>\n<li>Emball\u00e9 en toute s\u00e9curit\u00e9 (11 x 11 x 72 cm)<\/li>\n<\/ul>","protected":false},"featured_media":2760,"template":"","meta":{"site-sidebar-layout":"default","site-content-layout":"","ast-site-content-layout":"default","site-content-style":"default","site-sidebar-style":"default","ast-global-header-display":"","ast-banner-title-visibility":"","ast-main-header-display":"","ast-hfb-above-header-display":"","ast-hfb-below-header-display":"","ast-hfb-mobile-header-display":"","site-post-title":"","ast-breadcrumbs-content":"","ast-featured-img":"","footer-sml-layout":"","ast-disable-related-posts":"","theme-transparent-header-meta":"default","adv-header-id-meta":"","stick-header-meta":"","header-above-stick-meta":"","header-main-stick-meta":"","header-below-stick-meta":"","astra-migrate-meta-layouts":"set","ast-page-background-enabled":"default","ast-page-background-meta":{"desktop":{"background-color":"var(--ast-global-color-4)","background-image":"","background-repeat":"repeat","background-position":"center center","background-size":"auto","background-attachment":"scroll","background-type":"","background-media":"","overlay-type":"","overlay-color":"","overlay-opacity":"","overlay-gradient":""},"tablet":{"background-color":"","background-image":"","background-repeat":"repeat","background-position":"center center","background-size":"auto","background-attachment":"scroll","background-type":"","background-media":"","overlay-type":"","overlay-color":"","overlay-opacity":"","overlay-gradient":""},"mobile":{"background-color":"","background-image":"","background-repeat":"repeat","background-position":"center center","background-size":"auto","background-attachment":"scroll","background-type":"","background-media":"","overlay-type":"","overlay-color":"","overlay-opacity":"","overlay-gradient":""}},"ast-content-background-meta":{"desktop":{"background-color":"var(--ast-global-color-5)","background-image":"","background-repeat":"repeat","background-position":"center center","background-size":"auto","background-attachment":"scroll","background-type":"","background-media":"","overlay-type":"","overlay-color":"","overlay-opacity":"","overlay-gradient":""},"tablet":{"background-color":"var(--ast-global-color-5)","background-image":"","background-repeat":"repeat","background-position":"center center","background-size":"auto","background-attachment":"scroll","background-type":"","background-media":"","overlay-type":"","overlay-color":"","overlay-opacity":"","overlay-gradient":""},"mobile":{"background-color":"var(--ast-global-color-5)","background-image":"","background-repeat":"repeat","background-position":"center center","background-size":"auto","background-attachment":"scroll","background-type":"","background-media":"","overlay-type":"","overlay-color":"","overlay-opacity":"","overlay-gradient":""}}},"product_brand":[],"product_cat":[78],"product_tag":[],"class_list":{"0":"post-1748","1":"product","2":"type-product","3":"status-publish","4":"has-post-thumbnail","6":"product_cat-franzoesische-filmplakate","7":"desktop-align-left","8":"tablet-align-left","9":"mobile-align-left","11":"first","12":"instock","13":"taxable","14":"shipping-taxable","15":"purchasable","16":"product-type-simple"},"_links":{"self":[{"href":"https:\/\/kunstmarkt-kreuzberg.com\/fr\/wp-json\/wp\/v2\/product\/1748","targetHints":{"allow":["GET"]}}],"collection":[{"href":"https:\/\/kunstmarkt-kreuzberg.com\/fr\/wp-json\/wp\/v2\/product"}],"about":[{"href":"https:\/\/kunstmarkt-kreuzberg.com\/fr\/wp-json\/wp\/v2\/types\/product"}],"version-history":[{"count":0,"href":"https:\/\/kunstmarkt-kreuzberg.com\/fr\/wp-json\/wp\/v2\/product\/1748\/revisions"}],"wp:featuredmedia":[{"embeddable":true,"href":"https:\/\/kunstmarkt-kreuzberg.com\/fr\/wp-json\/wp\/v2\/media\/2760"}],"wp:attachment":[{"href":"https:\/\/kunstmarkt-kreuzberg.com\/fr\/wp-json\/wp\/v2\/media?parent=1748"}],"wp:term":[{"taxonomy":"product_brand","embeddable":true,"href":"https:\/\/kunstmarkt-kreuzberg.com\/fr\/wp-json\/wp\/v2\/product_brand?post=1748"},{"taxonomy":"product_cat","embeddable":true,"href":"https:\/\/kunstmarkt-kreuzberg.com\/fr\/wp-json\/wp\/v2\/product_cat?post=1748"},{"taxonomy":"product_tag","embeddable":true,"href":"https:\/\/kunstmarkt-kreuzberg.com\/fr\/wp-json\/wp\/v2\/product_tag?post=1748"}],"curies":[{"name":"wp","href":"https:\/\/api.w.org\/{rel}","templated":true}]}}