{"id":1742,"date":"2025-09-05T08:41:34","date_gmt":"2025-09-05T06:41:34","guid":{"rendered":"https:\/\/german-poster.com\/?post_type=product&#038;p=1742"},"modified":"2026-01-29T15:20:45","modified_gmt":"2026-01-29T14:20:45","slug":"metropolis-italienisches-plakat-1927-restaurierte-fassung","status":"publish","type":"product","link":"https:\/\/kunstmarkt-kreuzberg.com\/fr\/product\/metropolis-affiche-italienne-1927-version-restauree\/","title":{"rendered":"Metropolis - Affiche italienne (1927, version restaur\u00e9e)"},"content":{"rendered":"<h2 data-start=\"1678\" data-end=\"1699\">Description du film<\/h2>\n<p data-start=\"1701\" data-end=\"2165\" class=\"translation-block\"><em data-start=\"1701\" data-end=\"1713\">Metropolis<\/em> est un <strong data-start=\"1722\" data-end=\"1758\">film muet monumental allemand<\/strong> de <strong data-start=\"1763\" data-end=\"1777\">Fritz Lang<\/strong> de 1927, bas\u00e9 sur le roman du m\u00eame nom de <strong data-start=\"1839\" data-end=\"1858\">Thea von Harbou<\/strong> (1925). Le film propose une vision futuriste de la grande ville, dans laquelle existe une soci\u00e9t\u00e9 strictement s\u00e9par\u00e9e entre l'\u00e9lite dirigeante et les ouvriers exploit\u00e9s. Un conflit dramatique se d\u00e9veloppe entre les deux camps, qui culmine dans la recherche d'un \u201em\u00e9diateur entre la t\u00eate et la main\u201c.<\/p>\n<p data-start=\"2167\" data-end=\"2534\" class=\"translation-block\">Avec ses spectaculaires <strong data-start=\"2192\" data-end=\"2222\">constructions expressionnistes<\/strong>, ses effets visionnaires et la musique de <strong data-start=\"2262\" data-end=\"2284\">Gottfried Huppertz<\/strong>, <em data-start=\"2290\" data-end=\"2302\">Metropolis<\/em> est consid\u00e9r\u00e9 comme un <strong data-start=\"2307\" data-end=\"2341\">jalon de l'histoire du cin\u00e9ma<\/strong>. La version restaur\u00e9e, en collaboration avec la <strong data-start=\"2395\" data-end=\"2432\">Fondation Friedrich-Wilhelm-Murnau<\/strong>, a permis, bien des d\u00e9cennies plus tard, de retrouver l'\u0153uvre originale dans sa quasi-totalit\u00e9 sur grand \u00e9cran.<\/p>\n<hr \/>\n<table class=\"w-fit min-w-(--thread-content-width)\" data-start=\"192\" data-end=\"1671\">\n<thead data-start=\"192\" data-end=\"304\">\n<tr data-start=\"192\" data-end=\"304\">\n<th style=\"text-align: left;\" data-start=\"192\" data-end=\"221\" data-col-size=\"sm\"><strong data-start=\"194\" data-end=\"207\">Cat\u00e9gorie<\/strong><\/th>\n<th style=\"text-align: left;\" data-start=\"221\" data-end=\"304\" data-col-size=\"md\"><strong data-start=\"223\" data-end=\"238\">Information<\/strong><\/th>\n<\/tr>\n<\/thead>\n<tbody data-start=\"419\" data-end=\"1671\">\n<tr data-start=\"419\" data-end=\"532\">\n<td data-start=\"419\" data-end=\"449\" data-col-size=\"sm\"><strong data-start=\"421\" data-end=\"442\">Type d'affiche \/ Taille<\/strong><\/td>\n<td data-start=\"449\" data-end=\"532\" data-col-size=\"md\">Affiche italienne -\u00a0<strong data-start=\"474\" data-end=\"489\">70 cm * 100 cm<\/strong><\/td>\n<\/tr>\n<tr data-start=\"533\" data-end=\"646\">\n<td data-start=\"533\" data-end=\"563\" data-col-size=\"sm\"><strong data-start=\"535\" data-end=\"549\">Production<\/strong><\/td>\n<td data-start=\"563\" data-end=\"646\" data-col-size=\"md\">Allemagne - Universum Film AG (UFA)<\/td>\n<\/tr>\n<tr data-start=\"647\" data-end=\"759\">\n<td data-start=\"647\" data-end=\"677\" data-col-size=\"sm\"><strong data-start=\"649\" data-end=\"661\">Premi\u00e8re<\/strong><\/td>\n<td data-start=\"677\" data-end=\"759\" data-col-size=\"md\">10 janvier 1927<\/td>\n<\/tr>\n<tr data-start=\"760\" data-end=\"872\">\n<td data-start=\"760\" data-end=\"790\" data-col-size=\"sm\"><strong data-start=\"762\" data-end=\"771\">Longueur<\/strong><\/td>\n<td data-start=\"790\" data-end=\"872\" data-col-size=\"md\">153 minutes<\/td>\n<\/tr>\n<tr data-start=\"873\" data-end=\"986\">\n<td data-start=\"873\" data-end=\"903\" data-col-size=\"sm\"><strong data-start=\"875\" data-end=\"884\">R\u00e9alisation<\/strong><\/td>\n<td data-start=\"903\" data-end=\"986\" data-col-size=\"md\">Fritz Lang<\/td>\n<\/tr>\n<tr data-start=\"987\" data-end=\"1100\">\n<td data-start=\"987\" data-end=\"1017\" data-col-size=\"sm\"><strong data-start=\"989\" data-end=\"1001\">Sc\u00e9nario<\/strong><\/td>\n<td data-start=\"1017\" data-end=\"1100\" data-col-size=\"md\">Thea von Harbou, Fritz Lang<\/td>\n<\/tr>\n<tr data-start=\"1101\" data-end=\"1214\">\n<td data-start=\"1101\" data-end=\"1131\" data-col-size=\"sm\"><strong data-start=\"1103\" data-end=\"1113\">Cam\u00e9ra<\/strong><\/td>\n<td data-start=\"1131\" data-end=\"1214\" data-col-size=\"md\">Karl Freund, G\u00fcnther Rittau, Walter Ruttmann<\/td>\n<\/tr>\n<tr data-start=\"1215\" data-end=\"1328\">\n<td data-start=\"1215\" data-end=\"1245\" data-col-size=\"sm\"><strong data-start=\"1217\" data-end=\"1228\">Coupe<\/strong><\/td>\n<td data-start=\"1245\" data-end=\"1328\" data-col-size=\"md\">Fritz Lang<\/td>\n<\/tr>\n<tr data-start=\"1329\" data-end=\"1442\">\n<td data-start=\"1329\" data-end=\"1359\" data-col-size=\"sm\"><strong data-start=\"1331\" data-end=\"1340\">Musique<\/strong><\/td>\n<td data-start=\"1359\" data-end=\"1442\" data-col-size=\"md\">Gottfried Huppertz<\/td>\n<\/tr>\n<tr data-start=\"1443\" data-end=\"1556\">\n<td data-start=\"1443\" data-end=\"1473\" data-col-size=\"sm\"><strong data-start=\"1445\" data-end=\"1473\">Architecture du film \/ Constructions<\/strong><\/td>\n<td data-start=\"1473\" data-end=\"1556\" data-col-size=\"md\">Otto Hunte, Erich Kettelhut, Karl Vollbrecht<\/td>\n<\/tr>\n<tr data-start=\"1557\" data-end=\"1671\">\n<td data-start=\"1557\" data-end=\"1587\" data-col-size=\"sm\"><strong data-start=\"1559\" data-end=\"1572\">Occupation<\/strong><\/td>\n<td data-start=\"1587\" data-end=\"1671\" data-col-size=\"md\">Brigitte Helm, Gustav Fr\u00f6hlich, Alfred Abel, Heinrich George, Rudolf Klein-Rogge<\/td>\n<\/tr>\n<\/tbody>\n<\/table>","protected":false},"excerpt":{"rendered":"<p>Affiche italienne -\u00a0<strong data-start=\"459\" data-end=\"474\">70 cm * 100 cm<\/strong><\/p>\n<ul>\n<li>Imprimer sur papier haut de gamme <strong>200 g, matt<\/strong><\/li>\n<li>Brillance maximale des couleurs et haute r\u00e9sistance aux UV<\/li>\n<li>Emball\u00e9 en toute s\u00e9curit\u00e9 (11 x 11 x 72 cm)<\/li>\n<\/ul>","protected":false},"featured_media":2750,"template":"","meta":{"site-sidebar-layout":"default","site-content-layout":"","ast-site-content-layout":"default","site-content-style":"default","site-sidebar-style":"default","ast-global-header-display":"","ast-banner-title-visibility":"","ast-main-header-display":"","ast-hfb-above-header-display":"","ast-hfb-below-header-display":"","ast-hfb-mobile-header-display":"","site-post-title":"","ast-breadcrumbs-content":"","ast-featured-img":"","footer-sml-layout":"","ast-disable-related-posts":"","theme-transparent-header-meta":"default","adv-header-id-meta":"","stick-header-meta":"","header-above-stick-meta":"","header-main-stick-meta":"","header-below-stick-meta":"","astra-migrate-meta-layouts":"set","ast-page-background-enabled":"default","ast-page-background-meta":{"desktop":{"background-color":"var(--ast-global-color-4)","background-image":"","background-repeat":"repeat","background-position":"center center","background-size":"auto","background-attachment":"scroll","background-type":"","background-media":"","overlay-type":"","overlay-color":"","overlay-opacity":"","overlay-gradient":""},"tablet":{"background-color":"","background-image":"","background-repeat":"repeat","background-position":"center center","background-size":"auto","background-attachment":"scroll","background-type":"","background-media":"","overlay-type":"","overlay-color":"","overlay-opacity":"","overlay-gradient":""},"mobile":{"background-color":"","background-image":"","background-repeat":"repeat","background-position":"center center","background-size":"auto","background-attachment":"scroll","background-type":"","background-media":"","overlay-type":"","overlay-color":"","overlay-opacity":"","overlay-gradient":""}},"ast-content-background-meta":{"desktop":{"background-color":"var(--ast-global-color-5)","background-image":"","background-repeat":"repeat","background-position":"center center","background-size":"auto","background-attachment":"scroll","background-type":"","background-media":"","overlay-type":"","overlay-color":"","overlay-opacity":"","overlay-gradient":""},"tablet":{"background-color":"var(--ast-global-color-5)","background-image":"","background-repeat":"repeat","background-position":"center center","background-size":"auto","background-attachment":"scroll","background-type":"","background-media":"","overlay-type":"","overlay-color":"","overlay-opacity":"","overlay-gradient":""},"mobile":{"background-color":"var(--ast-global-color-5)","background-image":"","background-repeat":"repeat","background-position":"center center","background-size":"auto","background-attachment":"scroll","background-type":"","background-media":"","overlay-type":"","overlay-color":"","overlay-opacity":"","overlay-gradient":""}}},"product_brand":[],"product_cat":[77],"product_tag":[],"class_list":{"0":"post-1742","1":"product","2":"type-product","3":"status-publish","4":"has-post-thumbnail","6":"product_cat-italienische-filmplakate","7":"desktop-align-left","8":"tablet-align-left","9":"mobile-align-left","11":"first","12":"instock","13":"taxable","14":"shipping-taxable","15":"purchasable","16":"product-type-simple"},"_links":{"self":[{"href":"https:\/\/kunstmarkt-kreuzberg.com\/fr\/wp-json\/wp\/v2\/product\/1742","targetHints":{"allow":["GET"]}}],"collection":[{"href":"https:\/\/kunstmarkt-kreuzberg.com\/fr\/wp-json\/wp\/v2\/product"}],"about":[{"href":"https:\/\/kunstmarkt-kreuzberg.com\/fr\/wp-json\/wp\/v2\/types\/product"}],"version-history":[{"count":0,"href":"https:\/\/kunstmarkt-kreuzberg.com\/fr\/wp-json\/wp\/v2\/product\/1742\/revisions"}],"wp:featuredmedia":[{"embeddable":true,"href":"https:\/\/kunstmarkt-kreuzberg.com\/fr\/wp-json\/wp\/v2\/media\/2750"}],"wp:attachment":[{"href":"https:\/\/kunstmarkt-kreuzberg.com\/fr\/wp-json\/wp\/v2\/media?parent=1742"}],"wp:term":[{"taxonomy":"product_brand","embeddable":true,"href":"https:\/\/kunstmarkt-kreuzberg.com\/fr\/wp-json\/wp\/v2\/product_brand?post=1742"},{"taxonomy":"product_cat","embeddable":true,"href":"https:\/\/kunstmarkt-kreuzberg.com\/fr\/wp-json\/wp\/v2\/product_cat?post=1742"},{"taxonomy":"product_tag","embeddable":true,"href":"https:\/\/kunstmarkt-kreuzberg.com\/fr\/wp-json\/wp\/v2\/product_tag?post=1742"}],"curies":[{"name":"wp","href":"https:\/\/api.w.org\/{rel}","templated":true}]}}