{"id":1707,"date":"2025-08-30T17:04:30","date_gmt":"2025-08-30T15:04:30","guid":{"rendered":"https:\/\/german-poster.com\/?post_type=product&#038;p=1707"},"modified":"2026-03-10T11:43:43","modified_gmt":"2026-03-10T10:43:43","slug":"frau-im-mond-deutsches-plakat-1929","status":"publish","type":"product","link":"https:\/\/kunstmarkt-kreuzberg.com\/fr\/product\/femme-dans-la-lune-affiche-allemande-1929\/","title":{"rendered":"Femme dans la lune - affiche allemande (1929)"},"content":{"rendered":"<h2 data-start=\"1847\" data-end=\"1868\">Description du film<\/h2>\n<p data-start=\"1870\" data-end=\"2156\" class=\"translation-block\"><em data-start=\"1870\" data-end=\"1884\">La femme dans la lune<\/em> est un <strong data-start=\"1893\" data-end=\"1922\">film muet de science-fiction<\/strong> de <strong data-start=\"1927\" data-end=\"1941\">Fritz Lang<\/strong> sorti en 1929, bas\u00e9 sur un roman de <strong data-start=\"1991\" data-end=\"2010\">Thea von Harbou<\/strong>. Le film raconte l'histoire d'une exp\u00e9dition vers la Lune qui m\u00eale aventure, visions techniques et conflits humains.<\/p>\n<p data-start=\"2158\" data-end=\"2535\" class=\"translation-block\">L'un des premiers films spatiaux r\u00e9alistes, il impressionne par ses d\u00e9cors somptueux et sa repr\u00e9sentation visionnaire de la technique. L'introduction du <strong data-start=\"2345\" data-end=\"2359\">compte \u00e0 rebours<\/strong> comme \u00e9l\u00e9ment de tension est devenue particuli\u00e8rement c\u00e9l\u00e8bre : comme personne ne pouvait pr\u00e9voir combien de temps il durerait, Lang a fait compter \u00e0 rebours - un principe qui a \u00e9t\u00e9 repris plus tard dans l'espace r\u00e9el.<\/p>\n<p data-start=\"2537\" data-end=\"2717\" class=\"translation-block\">Avec son m\u00e9lange de r\u00e9cit d'aventures, de fantaisie scientifique et d'images expressionnistes, <em data-start=\"2647\" data-end=\"2661\">La femme dans la lune<\/em> est consid\u00e9r\u00e9 comme <strong data-start=\"2666\" data-end=\"2714\">le jalon des d\u00e9buts du cin\u00e9ma de science-fiction<\/strong>.<\/p>\n<hr \/>\n<table class=\"w-fit min-w-(--thread-content-width)\" data-start=\"162\" data-end=\"1840\">\n<thead data-start=\"162\" data-end=\"272\">\n<tr data-start=\"162\" data-end=\"272\">\n<th style=\"text-align: left;\" data-start=\"162\" data-end=\"189\" data-col-size=\"sm\"><strong data-start=\"164\" data-end=\"177\">Cat\u00e9gorie<\/strong><\/th>\n<th style=\"text-align: left;\" data-start=\"189\" data-end=\"272\" data-col-size=\"md\"><strong data-start=\"191\" data-end=\"206\">Information<\/strong><\/th>\n<\/tr>\n<\/thead>\n<tbody data-start=\"385\" data-end=\"1840\">\n<tr data-start=\"385\" data-end=\"496\">\n<td data-start=\"385\" data-end=\"412\" data-col-size=\"sm\"><strong data-start=\"387\" data-end=\"408\">Type d'affiche \/ Taille<\/strong><\/td>\n<td data-start=\"412\" data-end=\"496\" data-col-size=\"md\">Affiche allemande - <strong>39 cm x 84,1 cm<\/strong><\/td>\n<\/tr>\n<tr data-start=\"497\" data-end=\"608\">\n<td data-start=\"497\" data-end=\"525\" data-col-size=\"sm\"><strong data-start=\"499\" data-end=\"511\">Premi\u00e8re<\/strong><\/td>\n<td data-start=\"525\" data-end=\"608\" data-col-size=\"md\">15 octobre 1929, Zoo Palast Berlin<\/td>\n<\/tr>\n<tr data-start=\"609\" data-end=\"720\">\n<td data-start=\"609\" data-end=\"637\" data-col-size=\"sm\"><strong data-start=\"611\" data-end=\"631\">Cr\u00e9ation d'affiches<\/strong><\/td>\n<td data-start=\"637\" data-end=\"720\" data-col-size=\"md\">Alfred Herrmann<\/td>\n<\/tr>\n<tr data-start=\"721\" data-end=\"832\">\n<td data-start=\"721\" data-end=\"749\" data-col-size=\"sm\"><strong data-start=\"723\" data-end=\"742\">Pays de production<\/strong><\/td>\n<td data-start=\"749\" data-end=\"832\" data-col-size=\"md\">Allemagne<\/td>\n<\/tr>\n<tr data-start=\"833\" data-end=\"944\">\n<td data-start=\"833\" data-end=\"861\" data-col-size=\"sm\"><strong data-start=\"835\" data-end=\"846\">Langue<\/strong><\/td>\n<td data-start=\"861\" data-end=\"944\" data-col-size=\"md\">allemand (film muet)<\/td>\n<\/tr>\n<tr data-start=\"945\" data-end=\"1056\">\n<td data-start=\"945\" data-end=\"973\" data-col-size=\"sm\"><strong data-start=\"947\" data-end=\"956\">Longueur<\/strong><\/td>\n<td data-start=\"973\" data-end=\"1056\" data-col-size=\"md\">161 minutes<\/td>\n<\/tr>\n<tr data-start=\"1057\" data-end=\"1168\">\n<td data-start=\"1057\" data-end=\"1085\" data-col-size=\"sm\"><strong data-start=\"1059\" data-end=\"1073\">Production<\/strong><\/td>\n<td data-start=\"1085\" data-end=\"1168\" data-col-size=\"md\">Fritz Lang Film pour la UFA (Universum Film AG)<\/td>\n<\/tr>\n<tr data-start=\"1169\" data-end=\"1280\">\n<td data-start=\"1169\" data-end=\"1197\" data-col-size=\"sm\"><strong data-start=\"1171\" data-end=\"1180\">R\u00e9alisation<\/strong><\/td>\n<td data-start=\"1197\" data-end=\"1280\" data-col-size=\"md\">Fritz Lang<\/td>\n<\/tr>\n<tr data-start=\"1281\" data-end=\"1392\">\n<td data-start=\"1281\" data-end=\"1309\" data-col-size=\"sm\"><strong data-start=\"1283\" data-end=\"1295\">Sc\u00e9nario<\/strong><\/td>\n<td data-start=\"1309\" data-end=\"1392\" data-col-size=\"md\">Thea von Harbou<\/td>\n<\/tr>\n<tr data-start=\"1393\" data-end=\"1504\">\n<td data-start=\"1393\" data-end=\"1421\" data-col-size=\"sm\"><strong data-start=\"1395\" data-end=\"1408\">Producteur<\/strong><\/td>\n<td data-start=\"1421\" data-end=\"1504\" data-col-size=\"md\">Fritz Lang<\/td>\n<\/tr>\n<tr data-start=\"1505\" data-end=\"1616\">\n<td data-start=\"1505\" data-end=\"1533\" data-col-size=\"sm\"><strong data-start=\"1507\" data-end=\"1517\">Cam\u00e9ra<\/strong><\/td>\n<td data-start=\"1533\" data-end=\"1616\" data-col-size=\"md\">Curt Courant, Otto Kanturek<\/td>\n<\/tr>\n<tr data-start=\"1617\" data-end=\"1728\">\n<td data-start=\"1617\" data-end=\"1645\" data-col-size=\"sm\"><strong data-start=\"1619\" data-end=\"1628\">Musique<\/strong><\/td>\n<td data-start=\"1645\" data-end=\"1728\" data-col-size=\"md\">Willy Schmidt-Gentner<\/td>\n<\/tr>\n<tr data-start=\"1729\" data-end=\"1840\">\n<td data-start=\"1729\" data-end=\"1757\" data-col-size=\"sm\"><strong data-start=\"1731\" data-end=\"1744\">Occupation<\/strong><\/td>\n<td data-start=\"1757\" data-end=\"1840\" data-col-size=\"md\">Willy Fritsch, Gerda Maurus, Gustav von Wangenheim, Klaus Pohl, Fritz Rasp<\/td>\n<\/tr>\n<\/tbody>\n<\/table>","protected":false},"excerpt":{"rendered":"<p>Affiche allemande - <strong>39 cm x 84,1 cm<\/strong><\/p>\n<ul>\n<li>Imprimer sur papier haut de gamme <strong>250 g, matt<\/strong><\/li>\n<li>Brillance maximale des couleurs et haute r\u00e9sistance aux UV<\/li>\n<li>Emball\u00e9 en toute s\u00e9curit\u00e9 (11 x 11 x 72 cm)<\/li>\n<\/ul>","protected":false},"featured_media":2749,"template":"","meta":{"site-sidebar-layout":"default","site-content-layout":"","ast-site-content-layout":"default","site-content-style":"default","site-sidebar-style":"default","ast-global-header-display":"","ast-banner-title-visibility":"","ast-main-header-display":"","ast-hfb-above-header-display":"","ast-hfb-below-header-display":"","ast-hfb-mobile-header-display":"","site-post-title":"","ast-breadcrumbs-content":"","ast-featured-img":"","footer-sml-layout":"","ast-disable-related-posts":"","theme-transparent-header-meta":"default","adv-header-id-meta":"","stick-header-meta":"","header-above-stick-meta":"","header-main-stick-meta":"","header-below-stick-meta":"","astra-migrate-meta-layouts":"set","ast-page-background-enabled":"default","ast-page-background-meta":{"desktop":{"background-color":"var(--ast-global-color-4)","background-image":"","background-repeat":"repeat","background-position":"center center","background-size":"auto","background-attachment":"scroll","background-type":"","background-media":"","overlay-type":"","overlay-color":"","overlay-opacity":"","overlay-gradient":""},"tablet":{"background-color":"","background-image":"","background-repeat":"repeat","background-position":"center center","background-size":"auto","background-attachment":"scroll","background-type":"","background-media":"","overlay-type":"","overlay-color":"","overlay-opacity":"","overlay-gradient":""},"mobile":{"background-color":"","background-image":"","background-repeat":"repeat","background-position":"center center","background-size":"auto","background-attachment":"scroll","background-type":"","background-media":"","overlay-type":"","overlay-color":"","overlay-opacity":"","overlay-gradient":""}},"ast-content-background-meta":{"desktop":{"background-color":"var(--ast-global-color-5)","background-image":"","background-repeat":"repeat","background-position":"center center","background-size":"auto","background-attachment":"scroll","background-type":"","background-media":"","overlay-type":"","overlay-color":"","overlay-opacity":"","overlay-gradient":""},"tablet":{"background-color":"var(--ast-global-color-5)","background-image":"","background-repeat":"repeat","background-position":"center center","background-size":"auto","background-attachment":"scroll","background-type":"","background-media":"","overlay-type":"","overlay-color":"","overlay-opacity":"","overlay-gradient":""},"mobile":{"background-color":"var(--ast-global-color-5)","background-image":"","background-repeat":"repeat","background-position":"center center","background-size":"auto","background-attachment":"scroll","background-type":"","background-media":"","overlay-type":"","overlay-color":"","overlay-opacity":"","overlay-gradient":""}}},"product_brand":[],"product_cat":[53],"product_tag":[],"class_list":{"0":"post-1707","1":"product","2":"type-product","3":"status-publish","4":"has-post-thumbnail","6":"product_cat-deutsche-filmplakate","7":"desktop-align-left","8":"tablet-align-left","9":"mobile-align-left","11":"first","12":"instock","13":"taxable","14":"shipping-taxable","15":"purchasable","16":"product-type-simple"},"_links":{"self":[{"href":"https:\/\/kunstmarkt-kreuzberg.com\/fr\/wp-json\/wp\/v2\/product\/1707","targetHints":{"allow":["GET"]}}],"collection":[{"href":"https:\/\/kunstmarkt-kreuzberg.com\/fr\/wp-json\/wp\/v2\/product"}],"about":[{"href":"https:\/\/kunstmarkt-kreuzberg.com\/fr\/wp-json\/wp\/v2\/types\/product"}],"version-history":[{"count":0,"href":"https:\/\/kunstmarkt-kreuzberg.com\/fr\/wp-json\/wp\/v2\/product\/1707\/revisions"}],"wp:featuredmedia":[{"embeddable":true,"href":"https:\/\/kunstmarkt-kreuzberg.com\/fr\/wp-json\/wp\/v2\/media\/2749"}],"wp:attachment":[{"href":"https:\/\/kunstmarkt-kreuzberg.com\/fr\/wp-json\/wp\/v2\/media?parent=1707"}],"wp:term":[{"taxonomy":"product_brand","embeddable":true,"href":"https:\/\/kunstmarkt-kreuzberg.com\/fr\/wp-json\/wp\/v2\/product_brand?post=1707"},{"taxonomy":"product_cat","embeddable":true,"href":"https:\/\/kunstmarkt-kreuzberg.com\/fr\/wp-json\/wp\/v2\/product_cat?post=1707"},{"taxonomy":"product_tag","embeddable":true,"href":"https:\/\/kunstmarkt-kreuzberg.com\/fr\/wp-json\/wp\/v2\/product_tag?post=1707"}],"curies":[{"name":"wp","href":"https:\/\/api.w.org\/{rel}","templated":true}]}}