{"id":1704,"date":"2025-07-30T16:40:22","date_gmt":"2025-07-30T14:40:22","guid":{"rendered":"https:\/\/german-poster.com\/?post_type=product&#038;p=1704"},"modified":"2026-03-10T11:45:03","modified_gmt":"2026-03-10T10:45:03","slug":"die-angst-des-tormanns-beim-elfmeter-deutsches-plakat-1972","status":"publish","type":"product","link":"https:\/\/kunstmarkt-kreuzberg.com\/fr\/product\/la-peur-du-gardien-de-but-lors-du-penalty-affiche-allemande-1972\/","title":{"rendered":"La peur du gardien de but au moment du penalty - affiche allemande (1972)"},"content":{"rendered":"<h2 data-start=\"1553\" data-end=\"1574\">Description du film<\/h2>\n<p data-start=\"1576\" data-end=\"1908\" class=\"translation-block\">Le film de Wim Wenders <em>La peur du gardien de but au penalty<\/em> est bas\u00e9 sur la nouvelle du m\u00eame nom de <strong data-start=\"1672\" data-end=\"1688\">Peter Handke<\/strong> et est sorti en 1972. Le film raconte l'histoire de l'ancien gardien de but de football <strong data-start=\"1771\" data-end=\"1786\">Josef Bloch<\/strong> (jou\u00e9 par Arthur Brauss) qui, apr\u00e8s avoir \u00e9t\u00e9 expuls\u00e9, erre sans but dans Vienne et finit par commettre un meurtre.<\/p>\n<p data-start=\"1910\" data-end=\"2302\" class=\"translation-block\">Avec sa narration calme, presque laconique, la pr\u00e9cision de la cam\u00e9ra de <strong data-start=\"1990\" data-end=\"2006\">Robby M\u00fcller<\/strong> et son style minimaliste et po\u00e9tique, Wenders montre un protagoniste qui s'\u00e9loigne de plus en plus de la r\u00e9alit\u00e9. Le film est consid\u00e9r\u00e9 comme une contribution importante au <strong data-start=\"2173\" data-end=\"2198\">Nouveau cin\u00e9ma allemand<\/strong> et marque \u00e9galement le d\u00e9but de l'\u00e9troite collaboration artistique entre Wenders et Handke.<\/p>\n<hr \/>\n<table>\n<thead data-start=\"228\" data-end=\"336\">\n<tr data-start=\"228\" data-end=\"336\">\n<th style=\"text-align: left;\" data-start=\"228\" data-end=\"253\" data-col-size=\"sm\"><strong data-start=\"230\" data-end=\"243\">Cat\u00e9gorie<\/strong><\/th>\n<th style=\"text-align: left;\" data-start=\"253\" data-end=\"336\" data-col-size=\"md\"><strong data-start=\"255\" data-end=\"270\">Information<\/strong><\/th>\n<\/tr>\n<\/thead>\n<\/table>\n<div>\n<table>\n<tbody>\n<tr data-start=\"447\" data-end=\"556\">\n<td data-start=\"447\" data-end=\"472\" data-col-size=\"sm\"><strong data-start=\"449\" data-end=\"470\">Type d'affiche \/ Taille<\/strong><\/td>\n<td data-start=\"472\" data-end=\"556\" data-col-size=\"md\">Affiche allemande - <strong style=\"font-size: 16px; font-family: inherit;\">59,4cm x 84,1cm, DIN A1<\/strong><\/td>\n<\/tr>\n<\/tbody>\n<\/table>\n<\/div>\n<div>\n<table>\n<tbody>\n<tr data-start=\"557\" data-end=\"666\">\n<td data-start=\"557\" data-end=\"583\" data-col-size=\"sm\"><strong data-start=\"559\" data-end=\"578\">Pays de production<\/strong><\/td>\n<td data-start=\"583\" data-end=\"666\" data-col-size=\"md\">Allemagne - Autriche<\/td>\n<\/tr>\n<\/tbody>\n<\/table>\n<\/div>\n<div>\n<table>\n<tbody>\n<tr data-start=\"667\" data-end=\"776\">\n<td data-start=\"667\" data-end=\"693\" data-col-size=\"sm\"><strong data-start=\"669\" data-end=\"680\">Langue<\/strong><\/td>\n<td data-start=\"693\" data-end=\"776\" data-col-size=\"md\">Allemand<\/td>\n<\/tr>\n<\/tbody>\n<\/table>\n<\/div>\n<div>\n<table>\n<tbody>\n<tr data-start=\"777\" data-end=\"886\">\n<td data-start=\"777\" data-end=\"803\" data-col-size=\"sm\"><strong data-start=\"779\" data-end=\"799\">Ann\u00e9e de publication<\/strong><\/td>\n<td data-start=\"803\" data-end=\"886\" data-col-size=\"md\">1972<\/td>\n<\/tr>\n<\/tbody>\n<\/table>\n<\/div>\n<div>\n<table>\n<tbody>\n<tr data-start=\"887\" data-end=\"996\">\n<td data-start=\"887\" data-end=\"913\" data-col-size=\"sm\"><strong data-start=\"889\" data-end=\"898\">Longueur<\/strong><\/td>\n<td data-start=\"913\" data-end=\"996\" data-col-size=\"md\">100 minutes<\/td>\n<\/tr>\n<\/tbody>\n<\/table>\n<\/div>\n<div>\n<table>\n<tbody>\n<tr data-start=\"997\" data-end=\"1106\">\n<td data-start=\"997\" data-end=\"1023\" data-col-size=\"sm\"><strong data-start=\"999\" data-end=\"1008\">R\u00e9alisation<\/strong><\/td>\n<td data-start=\"1023\" data-end=\"1106\" data-col-size=\"md\">Wim Wenders<\/td>\n<\/tr>\n<\/tbody>\n<\/table>\n<\/div>\n<div>\n<table>\n<tbody>\n<tr data-start=\"1107\" data-end=\"1216\">\n<td data-start=\"1107\" data-end=\"1133\" data-col-size=\"sm\"><strong data-start=\"1109\" data-end=\"1121\">Sc\u00e9nario<\/strong><\/td>\n<td data-start=\"1133\" data-end=\"1216\" data-col-size=\"md\">Wim Wenders - d'apr\u00e8s le r\u00e9cit de Peter Handke<\/td>\n<\/tr>\n<\/tbody>\n<\/table>\n<\/div>\n<div>\n<table>\n<tbody>\n<tr data-start=\"1217\" data-end=\"1326\">\n<td data-start=\"1217\" data-end=\"1243\" data-col-size=\"sm\"><strong data-start=\"1219\" data-end=\"1229\">Cam\u00e9ra<\/strong><\/td>\n<td data-start=\"1243\" data-end=\"1326\" data-col-size=\"md\">Robby M\u00fcller<\/td>\n<\/tr>\n<\/tbody>\n<\/table>\n<\/div>\n<div>\n<table>\n<tbody>\n<tr data-start=\"1327\" data-end=\"1436\">\n<td data-start=\"1327\" data-end=\"1353\" data-col-size=\"sm\"><strong data-start=\"1329\" data-end=\"1340\">Coupe<\/strong><\/td>\n<td data-start=\"1353\" data-end=\"1436\" data-col-size=\"md\">Peter Przygodda<\/td>\n<\/tr>\n<\/tbody>\n<\/table>\n<\/div>\n<div>\n<table>\n<tbody>\n<tr data-start=\"1437\" data-end=\"1546\">\n<td data-start=\"1437\" data-end=\"1463\" data-col-size=\"sm\"><strong data-start=\"1439\" data-end=\"1452\">Occupation<\/strong><\/td>\n<td data-start=\"1463\" data-end=\"1546\" data-col-size=\"md\">Erika Pluhar, Arthur Brauss, Libgart Schwarz, Kai Fischer<\/td>\n<\/tr>\n<\/tbody>\n<\/table>\n<\/div>","protected":false},"excerpt":{"rendered":"<p><strong data-start=\"515\" data-end=\"532\">Deutsches Plakat \u2014 59,4cm x 84,1cm, DIN A1<\/strong><\/p>\n<ul>\n<li>Druck auf Premiumpapier, 250 g, matt<\/li>\n<li>Brillance maximale des couleurs et haute r\u00e9sistance aux UV<\/li>\n<li>Emball\u00e9 en toute s\u00e9curit\u00e9 (11 x 11 x 72 cm)<\/li>\n<\/ul>","protected":false},"featured_media":2748,"template":"","meta":{"site-sidebar-layout":"default","site-content-layout":"","ast-site-content-layout":"default","site-content-style":"default","site-sidebar-style":"default","ast-global-header-display":"","ast-banner-title-visibility":"","ast-main-header-display":"","ast-hfb-above-header-display":"","ast-hfb-below-header-display":"","ast-hfb-mobile-header-display":"","site-post-title":"","ast-breadcrumbs-content":"","ast-featured-img":"","footer-sml-layout":"","ast-disable-related-posts":"","theme-transparent-header-meta":"default","adv-header-id-meta":"","stick-header-meta":"","header-above-stick-meta":"","header-main-stick-meta":"","header-below-stick-meta":"","astra-migrate-meta-layouts":"set","ast-page-background-enabled":"default","ast-page-background-meta":{"desktop":{"background-color":"var(--ast-global-color-4)","background-image":"","background-repeat":"repeat","background-position":"center center","background-size":"auto","background-attachment":"scroll","background-type":"","background-media":"","overlay-type":"","overlay-color":"","overlay-opacity":"","overlay-gradient":""},"tablet":{"background-color":"","background-image":"","background-repeat":"repeat","background-position":"center center","background-size":"auto","background-attachment":"scroll","background-type":"","background-media":"","overlay-type":"","overlay-color":"","overlay-opacity":"","overlay-gradient":""},"mobile":{"background-color":"","background-image":"","background-repeat":"repeat","background-position":"center center","background-size":"auto","background-attachment":"scroll","background-type":"","background-media":"","overlay-type":"","overlay-color":"","overlay-opacity":"","overlay-gradient":""}},"ast-content-background-meta":{"desktop":{"background-color":"var(--ast-global-color-5)","background-image":"","background-repeat":"repeat","background-position":"center center","background-size":"auto","background-attachment":"scroll","background-type":"","background-media":"","overlay-type":"","overlay-color":"","overlay-opacity":"","overlay-gradient":""},"tablet":{"background-color":"var(--ast-global-color-5)","background-image":"","background-repeat":"repeat","background-position":"center center","background-size":"auto","background-attachment":"scroll","background-type":"","background-media":"","overlay-type":"","overlay-color":"","overlay-opacity":"","overlay-gradient":""},"mobile":{"background-color":"var(--ast-global-color-5)","background-image":"","background-repeat":"repeat","background-position":"center center","background-size":"auto","background-attachment":"scroll","background-type":"","background-media":"","overlay-type":"","overlay-color":"","overlay-opacity":"","overlay-gradient":""}}},"product_brand":[],"product_cat":[53],"product_tag":[],"class_list":{"0":"post-1704","1":"product","2":"type-product","3":"status-publish","4":"has-post-thumbnail","6":"product_cat-deutsche-filmplakate","7":"desktop-align-left","8":"tablet-align-left","9":"mobile-align-left","11":"first","12":"instock","13":"taxable","14":"shipping-taxable","15":"purchasable","16":"product-type-simple"},"_links":{"self":[{"href":"https:\/\/kunstmarkt-kreuzberg.com\/fr\/wp-json\/wp\/v2\/product\/1704","targetHints":{"allow":["GET"]}}],"collection":[{"href":"https:\/\/kunstmarkt-kreuzberg.com\/fr\/wp-json\/wp\/v2\/product"}],"about":[{"href":"https:\/\/kunstmarkt-kreuzberg.com\/fr\/wp-json\/wp\/v2\/types\/product"}],"version-history":[{"count":0,"href":"https:\/\/kunstmarkt-kreuzberg.com\/fr\/wp-json\/wp\/v2\/product\/1704\/revisions"}],"wp:featuredmedia":[{"embeddable":true,"href":"https:\/\/kunstmarkt-kreuzberg.com\/fr\/wp-json\/wp\/v2\/media\/2748"}],"wp:attachment":[{"href":"https:\/\/kunstmarkt-kreuzberg.com\/fr\/wp-json\/wp\/v2\/media?parent=1704"}],"wp:term":[{"taxonomy":"product_brand","embeddable":true,"href":"https:\/\/kunstmarkt-kreuzberg.com\/fr\/wp-json\/wp\/v2\/product_brand?post=1704"},{"taxonomy":"product_cat","embeddable":true,"href":"https:\/\/kunstmarkt-kreuzberg.com\/fr\/wp-json\/wp\/v2\/product_cat?post=1704"},{"taxonomy":"product_tag","embeddable":true,"href":"https:\/\/kunstmarkt-kreuzberg.com\/fr\/wp-json\/wp\/v2\/product_tag?post=1704"}],"curies":[{"name":"wp","href":"https:\/\/api.w.org\/{rel}","templated":true}]}}