{"id":1689,"date":"2025-07-05T01:00:37","date_gmt":"2025-07-04T23:00:37","guid":{"rendered":"https:\/\/german-poster.com\/?post_type=product&#038;p=1689"},"modified":"2026-01-30T07:43:51","modified_gmt":"2026-01-30T06:43:51","slug":"brother-deutsches-plakat-2000","status":"publish","type":"product","link":"https:\/\/kunstmarkt-kreuzberg.com\/fr\/product\/brother-affiche-allemande-2000\/","title":{"rendered":"Brother - Affiche allemande (de 2000)"},"content":{"rendered":"<p data-start=\"142\" data-end=\"366\" class=\"translation-block\"><em data-start=\"142\" data-end=\"151\">Brother<\/em> est un drame de gangsters r\u00e9alis\u00e9 par <strong data-start=\"178\" data-end=\"196\">Takeshi Kitano<\/strong> et produit en 2000 au Japon, en Grande-Bretagne et aux Etats-Unis. Le film associe le mythe japonais des yakuzas au milieu des gangsters am\u00e9ricains de Los Angeles.<\/p>\n<p data-start=\"368\" data-end=\"830\" class=\"translation-block\">Au centre se trouve le yakuza <strong data-start=\"400\" data-end=\"429\">Yamamoto (Takeshi Kitano)<\/strong>, qui doit quitter le Japon apr\u00e8s la mort de son patron. A Los Angeles, il part \u00e0 la recherche de son jeune demi-fr\u00e8re Ken, impliqu\u00e9 dans de petits trafics de drogue. Avec une discipline de fer, un go\u00fbt pour la violence et le code des yakuzas, Yamamoto met sur pied son propre syndicat avec Ken et ses amis. Mais tr\u00e8s vite, ils entrent en conflit avec les cartels de la drogue \u00e9tablis et la mafia italienne.<\/p>\n<p data-start=\"832\" data-end=\"1063\" class=\"translation-block\">Kitano met en sc\u00e8ne l'histoire avec son m\u00e9lange typique d'humour <strong data-start=\"899\" data-end=\"978\">laconique, de violence soudaine et de moments calmes, presque po\u00e9tiques<\/strong>. La musique de <strong data-start=\"994\" data-end=\"1010\">Joe Hisaishi<\/strong> renforce l'atmosph\u00e8re m\u00e9lancolique du film.<\/p>\n<p data-start=\"1065\" data-end=\"1220\" class=\"translation-block\"><em data-start=\"1065\" data-end=\"1074\">Brother<\/em> aborde le <strong data-start=\"1092\" data-end=\"1125\">choc de deux cultures<\/strong>, la loyaut\u00e9 et la chute in\u00e9vitable dans un monde o\u00f9 la violence n'a pas d'avenir.<\/p>\n<hr \/>\n<table class=\"w-fit min-w-(--thread-content-width)\" data-start=\"51\" data-end=\"1504\">\n<thead data-start=\"51\" data-end=\"181\">\n<tr data-start=\"51\" data-end=\"181\">\n<th style=\"text-align: left;\" data-start=\"51\" data-end=\"98\" data-col-size=\"sm\"><strong data-start=\"53\" data-end=\"66\">Cat\u00e9gorie<\/strong><\/th>\n<th style=\"text-align: left;\" data-start=\"98\" data-end=\"181\" data-col-size=\"md\"><strong data-start=\"100\" data-end=\"115\">Information<\/strong><\/th>\n<\/tr>\n<\/thead>\n<tbody data-start=\"313\" data-end=\"1504\">\n<tr data-start=\"313\" data-end=\"444\">\n<td data-start=\"313\" data-end=\"361\" data-col-size=\"sm\"><strong data-start=\"315\" data-end=\"335\">Titre \/ Original<\/strong><\/td>\n<td data-start=\"361\" data-end=\"444\" data-col-size=\"md\"><em data-start=\"363\" data-end=\"381\">Aniki, mon fr\u00e8re<\/em><\/td>\n<\/tr>\n<tr data-start=\"445\" data-end=\"576\">\n<td data-start=\"445\" data-end=\"493\" data-col-size=\"sm\"><strong data-start=\"447\" data-end=\"468\">Type d'affiche \/ Taille<\/strong><\/td>\n<td data-start=\"493\" data-end=\"576\" data-col-size=\"md\">Affiche allemande -\u00a0<strong data-start=\"514\" data-end=\"533\">68,5 \u00d7 101,5 cm<\/strong><\/td>\n<\/tr>\n<tr data-start=\"577\" data-end=\"707\">\n<td data-start=\"577\" data-end=\"625\" data-col-size=\"sm\"><strong data-start=\"579\" data-end=\"593\">Production<\/strong><\/td>\n<td data-start=\"625\" data-end=\"707\" data-col-size=\"md\">Japon - Grande-Bretagne - \u00c9tats-Unis<\/td>\n<\/tr>\n<tr data-start=\"708\" data-end=\"839\">\n<td data-start=\"708\" data-end=\"756\" data-col-size=\"sm\"><strong data-start=\"710\" data-end=\"721\">Langue<\/strong><\/td>\n<td data-start=\"756\" data-end=\"839\" data-col-size=\"md\">anglais, japonais<\/td>\n<\/tr>\n<tr data-start=\"840\" data-end=\"971\">\n<td data-start=\"840\" data-end=\"888\" data-col-size=\"sm\"><strong data-start=\"842\" data-end=\"871\">R\u00e9alisation \/ Sc\u00e9nario \/ Montage<\/strong><\/td>\n<td data-start=\"888\" data-end=\"971\" data-col-size=\"md\">Takeshi Kitano<\/td>\n<\/tr>\n<tr data-start=\"972\" data-end=\"1103\">\n<td data-start=\"972\" data-end=\"1020\" data-col-size=\"sm\"><strong data-start=\"974\" data-end=\"985\">Coupe<\/strong><\/td>\n<td data-start=\"1020\" data-end=\"1103\" data-col-size=\"md\">Takeshi Kitano, Yoshinori Oota<\/td>\n<\/tr>\n<tr data-start=\"1104\" data-end=\"1235\">\n<td data-start=\"1104\" data-end=\"1152\" data-col-size=\"sm\"><strong data-start=\"1106\" data-end=\"1116\">Cam\u00e9ra<\/strong><\/td>\n<td data-start=\"1152\" data-end=\"1235\" data-col-size=\"md\">Katsumi Yanagishima<\/td>\n<\/tr>\n<tr data-start=\"1236\" data-end=\"1367\">\n<td data-start=\"1236\" data-end=\"1284\" data-col-size=\"sm\"><strong data-start=\"1238\" data-end=\"1247\">Musique<\/strong><\/td>\n<td data-start=\"1284\" data-end=\"1367\" data-col-size=\"md\">Joe Hisaishi<\/td>\n<\/tr>\n<tr data-start=\"1368\" data-end=\"1504\">\n<td data-start=\"1368\" data-end=\"1416\" data-col-size=\"sm\"><strong data-start=\"1370\" data-end=\"1383\">Occupation<\/strong><\/td>\n<td data-start=\"1416\" data-end=\"1504\" data-col-size=\"md\">Takeshi Kitano (Beat Takeshi), Omar Epps, Koroudo Maki, Masaya Kato, Susumu Terajima<\/td>\n<\/tr>\n<\/tbody>\n<\/table>","protected":false},"excerpt":{"rendered":"<p><strong data-start=\"515\" data-end=\"532\">Affiche allemande - 68,5 \u00d7 101,5 cm<\/strong><\/p>\n<ul>\n<li>Druck auf Premiumpapier, 200g, matt<\/li>\n<li>Brillance maximale des couleurs et haute r\u00e9sistance aux UV<\/li>\n<li>Emball\u00e9 en toute s\u00e9curit\u00e9 (11 x 11 x 72 cm)<\/li>\n<\/ul>","protected":false},"featured_media":2742,"template":"","meta":{"site-sidebar-layout":"default","site-content-layout":"","ast-site-content-layout":"default","site-content-style":"default","site-sidebar-style":"default","ast-global-header-display":"","ast-banner-title-visibility":"","ast-main-header-display":"","ast-hfb-above-header-display":"","ast-hfb-below-header-display":"","ast-hfb-mobile-header-display":"","site-post-title":"","ast-breadcrumbs-content":"","ast-featured-img":"","footer-sml-layout":"","ast-disable-related-posts":"","theme-transparent-header-meta":"default","adv-header-id-meta":"","stick-header-meta":"","header-above-stick-meta":"","header-main-stick-meta":"","header-below-stick-meta":"","astra-migrate-meta-layouts":"set","ast-page-background-enabled":"default","ast-page-background-meta":{"desktop":{"background-color":"var(--ast-global-color-4)","background-image":"","background-repeat":"repeat","background-position":"center center","background-size":"auto","background-attachment":"scroll","background-type":"","background-media":"","overlay-type":"","overlay-color":"","overlay-opacity":"","overlay-gradient":""},"tablet":{"background-color":"","background-image":"","background-repeat":"repeat","background-position":"center center","background-size":"auto","background-attachment":"scroll","background-type":"","background-media":"","overlay-type":"","overlay-color":"","overlay-opacity":"","overlay-gradient":""},"mobile":{"background-color":"","background-image":"","background-repeat":"repeat","background-position":"center center","background-size":"auto","background-attachment":"scroll","background-type":"","background-media":"","overlay-type":"","overlay-color":"","overlay-opacity":"","overlay-gradient":""}},"ast-content-background-meta":{"desktop":{"background-color":"var(--ast-global-color-5)","background-image":"","background-repeat":"repeat","background-position":"center center","background-size":"auto","background-attachment":"scroll","background-type":"","background-media":"","overlay-type":"","overlay-color":"","overlay-opacity":"","overlay-gradient":""},"tablet":{"background-color":"var(--ast-global-color-5)","background-image":"","background-repeat":"repeat","background-position":"center center","background-size":"auto","background-attachment":"scroll","background-type":"","background-media":"","overlay-type":"","overlay-color":"","overlay-opacity":"","overlay-gradient":""},"mobile":{"background-color":"var(--ast-global-color-5)","background-image":"","background-repeat":"repeat","background-position":"center center","background-size":"auto","background-attachment":"scroll","background-type":"","background-media":"","overlay-type":"","overlay-color":"","overlay-opacity":"","overlay-gradient":""}}},"product_brand":[],"product_cat":[53],"product_tag":[],"class_list":{"0":"post-1689","1":"product","2":"type-product","3":"status-publish","4":"has-post-thumbnail","6":"product_cat-deutsche-filmplakate","7":"desktop-align-left","8":"tablet-align-left","9":"mobile-align-left","11":"first","12":"instock","13":"taxable","14":"shipping-taxable","15":"purchasable","16":"product-type-simple"},"_links":{"self":[{"href":"https:\/\/kunstmarkt-kreuzberg.com\/fr\/wp-json\/wp\/v2\/product\/1689","targetHints":{"allow":["GET"]}}],"collection":[{"href":"https:\/\/kunstmarkt-kreuzberg.com\/fr\/wp-json\/wp\/v2\/product"}],"about":[{"href":"https:\/\/kunstmarkt-kreuzberg.com\/fr\/wp-json\/wp\/v2\/types\/product"}],"version-history":[{"count":0,"href":"https:\/\/kunstmarkt-kreuzberg.com\/fr\/wp-json\/wp\/v2\/product\/1689\/revisions"}],"wp:featuredmedia":[{"embeddable":true,"href":"https:\/\/kunstmarkt-kreuzberg.com\/fr\/wp-json\/wp\/v2\/media\/2742"}],"wp:attachment":[{"href":"https:\/\/kunstmarkt-kreuzberg.com\/fr\/wp-json\/wp\/v2\/media?parent=1689"}],"wp:term":[{"taxonomy":"product_brand","embeddable":true,"href":"https:\/\/kunstmarkt-kreuzberg.com\/fr\/wp-json\/wp\/v2\/product_brand?post=1689"},{"taxonomy":"product_cat","embeddable":true,"href":"https:\/\/kunstmarkt-kreuzberg.com\/fr\/wp-json\/wp\/v2\/product_cat?post=1689"},{"taxonomy":"product_tag","embeddable":true,"href":"https:\/\/kunstmarkt-kreuzberg.com\/fr\/wp-json\/wp\/v2\/product_tag?post=1689"}],"curies":[{"name":"wp","href":"https:\/\/api.w.org\/{rel}","templated":true}]}}