{"id":65,"date":"2025-07-28T15:53:25","date_gmt":"2025-07-28T13:53:25","guid":{"rendered":"https:\/\/german-poster.com\/agb\/"},"modified":"2025-11-17T13:54:55","modified_gmt":"2025-11-17T12:54:55","slug":"agb","status":"publish","type":"page","link":"https:\/\/kunstmarkt-kreuzberg.com\/fr\/conditions-generales\/","title":{"rendered":"CONDITIONS G\u00c9N\u00c9RALES DE VENTE"},"content":{"rendered":"<div data-elementor-type=\"wp-page\" data-elementor-id=\"65\" class=\"elementor elementor-65\">\n\t\t\t\t<div class=\"elementor-element elementor-element-1f30c45 e-flex e-con-boxed wpr-particle-no wpr-jarallax-no wpr-parallax-no wpr-sticky-section-no e-con e-parent\" data-id=\"1f30c45\" data-element_type=\"container\" data-e-type=\"container\">\n\t\t\t\t\t<div class=\"e-con-inner\">\n\t\t\t\t<div class=\"elementor-element elementor-element-5d6c4b9 elementor-widget elementor-widget-text-editor\" data-id=\"5d6c4b9\" data-element_type=\"widget\" data-e-type=\"widget\" data-widget_type=\"text-editor.default\">\n\t\t\t\t<div class=\"elementor-widget-container\">\n\t\t\t\t\t\t\t\t\t<p><strong>Conditions g\u00e9n\u00e9rales de vente<\/strong><\/p><div aria-label=\"table of contents\"><strong>1.\u00a0<a href=\"#geltungsbereich\">Champ d'application<\/a><\/strong><br \/><strong>2.\u00a0<a href=\"#vertragspartner,_vertragsschluss,_korrekturm\u00f6glichkeiten\">Partie contractante, conclusion du contrat, possibilit\u00e9s de correction<\/a><\/strong><br \/><strong>3.\u00a0<a href=\"#vertragssprache,_vertragstextspeicherung\">Langue du contrat, enregistrement du texte du contrat<\/a><\/strong><br \/><strong>4.\u00a0<a href=\"#lieferbedingungen\">Conditions de livraison<\/a><\/strong><br \/><strong>5.\u00a0<a href=\"#bezahlung\">Paiement<\/a><\/strong><br \/><strong>6.\u00a0<a href=\"#gew\u00e4hrleistung_und_garantien\">Garanties et conditions<\/a><\/strong><br \/><strong>7.\u00a0<a href=\"#streitbeilegung\">R\u00e8glement des litiges<\/a><\/strong><\/div><h2 id=\"geltungsbereich\">1) Champ d'application<\/h2><p>Les CGV suivantes s'appliquent \u00e0 toutes les commandes pass\u00e9es via notre boutique en ligne. Notre boutique en ligne s'adresse exclusivement aux consommateurs.<\/p><p>Le consommateur est toute personne physique qui conclut un acte juridique \u00e0 des fins qui, pour l'essentiel, ne peuvent \u00eatre imput\u00e9es ni \u00e0 son activit\u00e9 commerciale ni \u00e0 son activit\u00e9 professionnelle ind\u00e9pendante. L'entrepreneur est une personne physique ou morale ou une soci\u00e9t\u00e9 de personnes dot\u00e9e de la capacit\u00e9 juridique qui, lors de la conclusion d'un acte juridique, agit dans l'exercice de son activit\u00e9 professionnelle commerciale ou ind\u00e9pendante.<\/p><h2 id=\"vertragspartner,_vertragsschluss,_korrekturm\u00f6glichkeiten\">2. partie contractante, conclusion du contrat, possibilit\u00e9s de correction<\/h2><p>Le contrat de vente est conclu avec Kunstmarkt Kreuzberg.<\/p><p>En pla\u00e7ant les produits dans la boutique en ligne, nous faisons une offre ferme de conclusion de contrat pour ces produits. Vous pouvez tout d'abord placer nos produits dans le panier sans engagement et corriger \u00e0 tout moment vos saisies avant d'envoyer votre commande ferme en utilisant les outils de correction pr\u00e9vus et expliqu\u00e9s \u00e0 cet effet dans le processus de commande. Le contrat est conclu lorsque vous acceptez l'offre concernant les produits contenus dans le panier en cliquant sur le bouton de commande. Imm\u00e9diatement apr\u00e8s l'envoi de la commande, vous recevez une nouvelle confirmation par e-mail.<\/p><h2 id=\"vertragssprache,_vertragstextspeicherung\">3. langue du contrat, enregistrement du texte du contrat<\/h2><p>La ou les langues disponibles pour la conclusion du contrat : Allemand, anglais<\/p><p>Nous enregistrons le texte du contrat et vous envoyons les donn\u00e9es de la commande et nos CGV sous forme de texte. Vous pouvez consulter le texte du contrat dans notre login client.<\/p><h2 id=\"lieferbedingungen\">4. conditions de livraison<\/h2><h3 id=\"lieferoptionen\">\u00a0Options de livraison<\/h3><p>Nous envoyons les produits \u00e0 l'adresse de livraison indiqu\u00e9e lors du processus de commande.<\/p><p>Nous ne livrons que par correspondance. Il n'est malheureusement pas possible d'aller chercher la marchandise soi-m\u00eame.<\/p><p>Nous ne livrons pas aux stations d'emballage.<\/p><h2 id=\"bezahlung\">5. paiement<\/h2><p>Dans notre boutique, les modes de paiement suivants sont en principe \u00e0 votre disposition.<\/p><p><strong>Paiement anticip\u00e9<\/strong><br \/>Si vous choisissez le paiement anticip\u00e9, nous vous communiquerons nos coordonn\u00e9es bancaires dans un e-mail s\u00e9par\u00e9 et nous vous livrerons la marchandise apr\u00e8s r\u00e9ception du paiement.<\/p><p><strong>Paiement en esp\u00e8ces lors de l'enl\u00e8vement<\/strong><br \/>Vous payez le montant de la facture en esp\u00e8ces lors de l'enl\u00e8vement.<\/p><p><strong>Carte de cr\u00e9dit<\/strong><br \/>Lors du processus de commande, vous indiquez les donn\u00e9es de votre carte de cr\u00e9dit. Votre carte sera d\u00e9bit\u00e9e imm\u00e9diatement apr\u00e8s la passation de votre commande.<\/p><p>PayPal, PayPal Express<br \/>Pour pouvoir payer le montant de la facture via le prestataire de services de paiement PayPal (Europe) S.\u00e0 r.l. et Cie, S.C.A, 22-24 Boulevard Royal, L-2449 Luxembourg (\u201ePayPal\u201c), vous devez \u00eatre enregistr\u00e9 aupr\u00e8s de PayPal, vous l\u00e9gitimer avec vos donn\u00e9es d'acc\u00e8s et confirmer l'ordre de paiement. La transaction de paiement est effectu\u00e9e par PayPal imm\u00e9diatement apr\u00e8s la passation de la commande. Vous trouverez de plus amples informations dans le processus de commande.<\/p><p>PayPal peut proposer aux clients PayPal enregistr\u00e9s et s\u00e9lectionn\u00e9s selon ses propres crit\u00e8res d'autres modalit\u00e9s de paiement dans le compte client. Nous n'avons toutefois aucune influence sur l'offre de ces modalit\u00e9s ; les autres modalit\u00e9s de paiement propos\u00e9es individuellement concernent votre relation juridique avec PayPal. Vous trouverez de plus amples informations \u00e0 ce sujet dans votre compte PayPal.<\/p><h2 id=\"gew\u00e4hrleistung_und_garantien\">6. garantie et garanties<\/h2><h3 id=\"m\u00e4ngelhaftungsrecht\">6.1 Droit de la responsabilit\u00e9 pour les d\u00e9fauts<\/h3><p>Le droit l\u00e9gal de la responsabilit\u00e9 pour les d\u00e9fauts s'applique.<\/p><h3 id=\"garantien_und_kundendienst\">6.2 Garanties et service apr\u00e8s-vente<\/h3><p>Les informations sur les garanties suppl\u00e9mentaires \u00e9ventuellement applicables et leurs conditions exactes figurent sur le produit et sur des pages d'information sp\u00e9cifiques dans la boutique en ligne.<\/p><h2 id=\"streitbeilegung\">7. r\u00e8glement des litiges<\/h2><p>Nous ne sommes pas tenus de participer \u00e0 une proc\u00e9dure de r\u00e8glement des litiges devant un organisme de conciliation des consommateurs et ne sommes pas dispos\u00e9s \u00e0 le faire.<\/p>\t\t\t\t\t\t\t\t<\/div>\n\t\t\t\t<\/div>\n\t\t\t\t\t<\/div>\n\t\t\t\t<\/div>\n\t\t\t\t<\/div>","protected":false},"excerpt":{"rendered":"<p>Allgemeine Gesch\u00e4ftsbedingungen 1.\u00a0Geltungsbereich2.\u00a0Vertragspartner, Vertragsschluss, Korrekturm\u00f6glichkeiten3.\u00a0Vertragssprache, Vertragstextspeicherung4.\u00a0Lieferbedingungen5.\u00a0Bezahlung6.\u00a0Gew\u00e4hrleistung und Garantien7.\u00a0Streitbeilegung 1.\u00a0Geltungsbereich F\u00fcr alle Bestellungen \u00fcber unseren Online-Shop gelten die nachfolgenden AGB. Unser Online-Shop richtet sich ausschlie\u00dflich an Verbraucher. Verbraucher ist jede nat\u00fcrliche Person, die ein Rechtsgesch\u00e4ft zu Zwecken abschlie\u00dft, die \u00fcberwiegend weder ihrer gewerblichen noch ihrer selbst\u00e4ndigen beruflichen T\u00e4tigkeit zugerechnet werden k\u00f6nnen. Unternehmer ist eine nat\u00fcrliche oder juristische Person oder eine rechtsf\u00e4hige Personengesellschaft, die bei Abschluss eines Rechtsgesch\u00e4fts in Aus\u00fcbung ihrer gewerblichen oder selbst\u00e4ndigen beruflichen T\u00e4tigkeit handelt. 2.\u00a0Vertragspartner, Vertragsschluss, Korrekturm\u00f6glichkeiten Der Kaufvertrag kommt zustande mit Kunstmarkt Kreuzberg. Mit Einstellung der Produkte in den Online-Shop geben wir ein verbindliches Angebot zum Vertragsschluss \u00fcber diese Produkte ab. Sie k\u00f6nnen unsere Produkte zun\u00e4chst unverbindlich in den Warenkorb legen und Ihre Eingaben vor Absenden Ihrer verbindlichen Bestellung jederzeit korrigieren, indem Sie die hierf\u00fcr im Bestellablauf vorgesehenen und erl\u00e4uterten Korrekturhilfen nutzen. Der Vertrag kommt zustande, indem Sie durch Anklicken des Bestellbuttons das Angebot \u00fcber die im Warenkorb enthaltenen Produkte annehmen. Unmittelbar nach dem Absenden der Bestellung erhalten Sie noch einmal eine Best\u00e4tigung per E-Mail. 3.\u00a0Vertragssprache, Vertragstextspeicherung Die f\u00fcr den Vertragsschluss zur Verf\u00fcgung stehende(n) Sprache(n): Deutsch, Englisch Wir speichern den Vertragstext und senden Ihnen die Bestelldaten und unsere AGB in Textform zu. Den Vertragstext k\u00f6nnen Sie in unserem Kunden-Login einsehen. 4.\u00a0Lieferbedingungen \u00a0Lieferoptionen Wir versenden die Produkte an die im Bestellprozess angegebene Lieferadresse. Wir liefern nur im Versandweg. Eine Selbstabholung der Ware ist leider nicht m\u00f6glich. Wir liefern nicht an Packstationen. 5.\u00a0Bezahlung In unserem Shop stehen Ihnen grunds\u00e4tzlich die nachfolgenden Zahlungsarten zur Verf\u00fcgung. VorkasseBei Auswahl der Zahlungsart Vorkasse nennen wir Ihnen unsere Bankverbindung in separater E-Mail und liefern die Ware nach Zahlungseingang. Barzahlung bei AbholungSie zahlen den Rechnungsbetrag bei der Abholung bar. KreditkarteIm Bestellprozess geben Sie Ihre Kreditkartendaten an. Ihre Karte wird unmittelbar nach Abgabe der Bestellung belastet. PayPal, PayPal ExpressUm den Rechnungsbetrag \u00fcber den Zahlungsdienstleister PayPal (Europe) S.\u00e0 r.l. et Cie, S.C.A, 22-24 Boulevard Royal, L-2449 Luxembourg (\u201ePayPal\u201c) bezahlen zu k\u00f6nnen, m\u00fcssen Sie bei PayPal registriert sein, sich mit Ihren Zugangsdaten legitimieren und die Zahlungsanweisung best\u00e4tigen. Die Zahlungstransaktion wird durch PayPal unmittelbar nach Abgabe der Bestellung durchgef\u00fchrt. Weitere Hinweise erhalten Sie im Bestellvorgang. PayPal kann registrierten und nach eigenen Kriterien ausgew\u00e4hlten PayPal-Kunden weitere Zahlungsmodalit\u00e4ten im Kundenkonto anbieten. Auf das Anbieten dieser Modalit\u00e4ten haben wir allerdings keinen Einfluss; weitere individuell angebotene Zahlungsmodalit\u00e4ten betreffen Ihr Rechtsverh\u00e4ltnis mit PayPal. Weitere Informationen hierzu finden Sie in Ihrem PayPal-Konto. 6.\u00a0Gew\u00e4hrleistung und Garantien 6.1\u00a0M\u00e4ngelhaftungsrecht Es gilt das gesetzliche M\u00e4ngelhaftungsrecht. 6.2\u00a0Garantien und Kundendienst Informationen zu gegebenenfalls geltenden zus\u00e4tzlichen Garantien und deren genaue Bedingungen finden Sie jeweils beim Produkt und auf besonderen Informationsseiten im Online-Shop. 7.\u00a0Streitbeilegung Zur Teilnahme an einem Streitbeilegungsverfahren vor einer Verbraucherschlichtungsstelle sind wir nicht verpflichtet und nicht bereit.<\/p>","protected":false},"author":1,"featured_media":0,"parent":0,"menu_order":0,"comment_status":"closed","ping_status":"closed","template":"","meta":{"site-sidebar-layout":"no-sidebar","site-content-layout":"page-builder","ast-site-content-layout":"full-width-container","site-content-style":"default","site-sidebar-style":"default","ast-global-header-display":"","ast-banner-title-visibility":"","ast-main-header-display":"","ast-hfb-above-header-display":"","ast-hfb-below-header-display":"","ast-hfb-mobile-header-display":"","site-post-title":"","ast-breadcrumbs-content":"","ast-featured-img":"disabled","footer-sml-layout":"","ast-disable-related-posts":"","theme-transparent-header-meta":"","adv-header-id-meta":"","stick-header-meta":"","header-above-stick-meta":"","header-main-stick-meta":"","header-below-stick-meta":"","astra-migrate-meta-layouts":"set","ast-page-background-enabled":"default","ast-page-background-meta":{"desktop":{"background-color":"var(--ast-global-color-4)","background-image":"","background-repeat":"repeat","background-position":"center center","background-size":"auto","background-attachment":"scroll","background-type":"","background-media":"","overlay-type":"","overlay-color":"","overlay-opacity":"","overlay-gradient":""},"tablet":{"background-color":"","background-image":"","background-repeat":"repeat","background-position":"center center","background-size":"auto","background-attachment":"scroll","background-type":"","background-media":"","overlay-type":"","overlay-color":"","overlay-opacity":"","overlay-gradient":""},"mobile":{"background-color":"","background-image":"","background-repeat":"repeat","background-position":"center center","background-size":"auto","background-attachment":"scroll","background-type":"","background-media":"","overlay-type":"","overlay-color":"","overlay-opacity":"","overlay-gradient":""}},"ast-content-background-meta":{"desktop":{"background-color":"var(--ast-global-color-5)","background-image":"","background-repeat":"repeat","background-position":"center center","background-size":"auto","background-attachment":"scroll","background-type":"","background-media":"","overlay-type":"","overlay-color":"","overlay-opacity":"","overlay-gradient":""},"tablet":{"background-color":"var(--ast-global-color-5)","background-image":"","background-repeat":"repeat","background-position":"center center","background-size":"auto","background-attachment":"scroll","background-type":"","background-media":"","overlay-type":"","overlay-color":"","overlay-opacity":"","overlay-gradient":""},"mobile":{"background-color":"var(--ast-global-color-5)","background-image":"","background-repeat":"repeat","background-position":"center center","background-size":"auto","background-attachment":"scroll","background-type":"","background-media":"","overlay-type":"","overlay-color":"","overlay-opacity":"","overlay-gradient":""}},"footnotes":""},"class_list":["post-65","page","type-page","status-publish","hentry"],"_links":{"self":[{"href":"https:\/\/kunstmarkt-kreuzberg.com\/fr\/wp-json\/wp\/v2\/pages\/65","targetHints":{"allow":["GET"]}}],"collection":[{"href":"https:\/\/kunstmarkt-kreuzberg.com\/fr\/wp-json\/wp\/v2\/pages"}],"about":[{"href":"https:\/\/kunstmarkt-kreuzberg.com\/fr\/wp-json\/wp\/v2\/types\/page"}],"author":[{"embeddable":true,"href":"https:\/\/kunstmarkt-kreuzberg.com\/fr\/wp-json\/wp\/v2\/users\/1"}],"replies":[{"embeddable":true,"href":"https:\/\/kunstmarkt-kreuzberg.com\/fr\/wp-json\/wp\/v2\/comments?post=65"}],"version-history":[{"count":0,"href":"https:\/\/kunstmarkt-kreuzberg.com\/fr\/wp-json\/wp\/v2\/pages\/65\/revisions"}],"wp:attachment":[{"href":"https:\/\/kunstmarkt-kreuzberg.com\/fr\/wp-json\/wp\/v2\/media?parent=65"}],"curies":[{"name":"wp","href":"https:\/\/api.w.org\/{rel}","templated":true}]}}