{"id":1175,"date":"2025-07-28T16:10:16","date_gmt":"2025-07-28T14:10:16","guid":{"rendered":"https:\/\/german-poster.com\/cart\/"},"modified":"2026-02-03T11:22:58","modified_gmt":"2026-02-03T10:22:58","slug":"warenkorb","status":"publish","type":"page","link":"https:\/\/kunstmarkt-kreuzberg.com\/fr\/warenkorb\/","title":{"rendered":"Warenkorb"},"content":{"rendered":"<div data-elementor-type=\"wp-page\" data-elementor-id=\"1175\" class=\"elementor elementor-1175\">\n\t\t\t\t<div class=\"elementor-element elementor-element-d52462c e-flex e-con-boxed wpr-particle-no wpr-jarallax-no wpr-parallax-no wpr-sticky-section-no e-con e-parent\" data-id=\"d52462c\" data-element_type=\"container\" data-e-type=\"container\">\n\t\t\t\t\t<div class=\"e-con-inner\">\n\t\t\t\t\t<\/div>\n\t\t\t\t<\/div>\n\t\t\t\t<\/div>","protected":false},"excerpt":{"rendered":"<p>&nbsp; Produkt &nbsp; Preis Anzahl Zwischensumme Nosferatu \u2013 Eine Symphonie des Grauens (1922) 35,00&nbsp;&euro; Nosferatu \u2013 Eine Symphonie des Grauens (1922) Menge 35,00&nbsp;&euro; Aktualisieren Total Zwischensumme 35,00&nbsp;&euro; Versand Versandkostenpauschale: 22,49&nbsp;&euro; Versand nach D\u00e4nemark. Adresse \u00e4ndern Land\/Region Land\/Region ausw\u00e4hlen\u00a0\u2026Afghanistan\u00c4gypten\u00c5landAlbanienAlgerienAmerikanisch-SamoaAmerikanische JungferninselnAndorraAngolaAnguillaAntarktikaAntigua und Barbuda\u00c4quatorialguineaArgentinienArmenienArubaAserbaidschan\u00c4thiopienAustralienBahamasBahrainBangladeschBarbadosBelarusBelauBelgienBelizeBeninBermudaBhutanBolivienBonaire, Sint Eustatius und SabaBosnien und HerzegowinaBotswanaBouvetinselBrasilienBritische JungferninselnBritisches Territorium im Indischen OzeanBruneiBulgarienBurkina FasoBurundiChileChinaCookinselnCosta RicaCura&Ccedil;aoD\u00e4nemarkDeutschlandDominicaDominikanische RepublikDschibutiEcuadorEl SalvadorElfenbeink\u00fcsteEritreaEstlandEswatiniFalklandinselnF\u00e4r\u00f6erFidschiFinnlandFrankreichFranz\u00f6sisch-GuayanaFranz\u00f6sisch-PolynesienFranz\u00f6sische S\u00fcd- und AntarktisgebieteGabunGambiaGeorgienGhanaGibraltarGrenadaGriechenlandGr\u00f6nlandGuadeloupeGuamGuatemalaGuernseyGuineaGuinea-BissauGuyanaHaitiHeard und McDonaldinselnHondurasHongkongIndienIndonesienIrakIranIrlandIslandIsle of ManIsraelItalienJamaikaJapanJemenJerseyJordanienKaimaninselnKambodschaKamerunKanadaKap VerdeKasachstanKatarKeniaKirgisistanKiribatiKokosinseln (Keelinginseln)KolumbienKomorenKongo-BrazzavilleKongo-KinshasaKosovoKroatienKubaKuwaitLaosLesothoLettlandLibanonLiberiaLibyenLiechtensteinLitauenLuxemburgMacauMadagaskarMalawiMalaysiaMaledivenMaliMaltaMarokkoMarshallinselnMartiniqueMauretanienMauritiusMayotteMexikoMikronesienMoldauMonacoMongoleiMontenegroMontserratMosambikMyanmarNamibiaNauruNepalNeukaledonienNeuseelandNicaraguaNiederlandeNigerNigeriaNiueNordkoreaN\u00f6rdliche MarianenNordmazedonienNorfolkinselNorwegenOman\u00d6sterreichOsttimorPakistanPal\u00e4stinensische AutonomiegebietePanamaPapua-NeuguineaParaguayPeruPhilippinenPitcairninselnPolenPortugalPuerto RicoR\u00e9unionRuandaRum\u00e4nienRusslandS&atilde;o Tom&eacute; and Pr&iacute;ncipeSaint Barth&eacute;lemySaint Martin (Dutch part)Saint-Pierre und MiquelonSalomonenSambiaSamoaSan MarinoSaudi-ArabienSchwedenSchweizSenegalSerbienSeychellenSierra LeoneSimbabweSingapurSlowakeiSlowenienSomaliaSpanienSpitzbergen und Jan MayenSri LankaSt. HelenaSt. Kitts und NevisSt. LuciaSt. Martin (franz\u00f6sischer Teil)St. Vincent und die GrenadinenS\u00fcdafrikaSudanS\u00fcdgeorgien \/ Sandwich-InselnS\u00fcdkoreaS\u00fcdsudanSurinamSyrienTadschikistanTaiwanTansaniaThailandTogoTokelauTongaTrinidad und TobagoTschadTschechienTunesienT\u00fcrkeiTurkmenistanTurks- und CaicosinselnTuvaluUgandaUkraineUngarnUnited States (US) Minor Outlying IslandsUruguayUsbekistanVanuatuVatikanstadtVenezuelaVereinigte Arabische EmirateVereinigte Staaten von Amerika (USA)Vereinigtes K\u00f6nigreichVietnamWallis und FutunaWeihnachtsinselWestsaharaZentralafrikanische RepublikZypern Stadt: Postleitzahl: Aktualisieren Gesamtsumme 57,49&nbsp;&euro; Pay with OR Weiter zur Kasse &mdash;&nbsp;oder&nbsp;&mdash;<\/p>","protected":false},"author":1,"featured_media":0,"parent":0,"menu_order":0,"comment_status":"closed","ping_status":"closed","template":"elementor_canvas","meta":{"site-sidebar-layout":"default","site-content-layout":"","ast-site-content-layout":"default","site-content-style":"default","site-sidebar-style":"default","ast-global-header-display":"","ast-banner-title-visibility":"","ast-main-header-display":"","ast-hfb-above-header-display":"","ast-hfb-below-header-display":"","ast-hfb-mobile-header-display":"","site-post-title":"","ast-breadcrumbs-content":"","ast-featured-img":"","footer-sml-layout":"","ast-disable-related-posts":"","theme-transparent-header-meta":"","adv-header-id-meta":"","stick-header-meta":"","header-above-stick-meta":"","header-main-stick-meta":"","header-below-stick-meta":"","astra-migrate-meta-layouts":"set","ast-page-background-enabled":"default","ast-page-background-meta":{"desktop":{"background-color":"var(--ast-global-color-4)","background-image":"","background-repeat":"repeat","background-position":"center center","background-size":"auto","background-attachment":"scroll","background-type":"","background-media":"","overlay-type":"","overlay-color":"","overlay-opacity":"","overlay-gradient":""},"tablet":{"background-color":"","background-image":"","background-repeat":"repeat","background-position":"center center","background-size":"auto","background-attachment":"scroll","background-type":"","background-media":"","overlay-type":"","overlay-color":"","overlay-opacity":"","overlay-gradient":""},"mobile":{"background-color":"","background-image":"","background-repeat":"repeat","background-position":"center center","background-size":"auto","background-attachment":"scroll","background-type":"","background-media":"","overlay-type":"","overlay-color":"","overlay-opacity":"","overlay-gradient":""}},"ast-content-background-meta":{"desktop":{"background-color":"var(--ast-global-color-5)","background-image":"","background-repeat":"repeat","background-position":"center center","background-size":"auto","background-attachment":"scroll","background-type":"","background-media":"","overlay-type":"","overlay-color":"","overlay-opacity":"","overlay-gradient":""},"tablet":{"background-color":"var(--ast-global-color-5)","background-image":"","background-repeat":"repeat","background-position":"center center","background-size":"auto","background-attachment":"scroll","background-type":"","background-media":"","overlay-type":"","overlay-color":"","overlay-opacity":"","overlay-gradient":""},"mobile":{"background-color":"var(--ast-global-color-5)","background-image":"","background-repeat":"repeat","background-position":"center center","background-size":"auto","background-attachment":"scroll","background-type":"","background-media":"","overlay-type":"","overlay-color":"","overlay-opacity":"","overlay-gradient":""}},"footnotes":""},"class_list":["post-1175","page","type-page","status-publish","hentry"],"_links":{"self":[{"href":"https:\/\/kunstmarkt-kreuzberg.com\/fr\/wp-json\/wp\/v2\/pages\/1175","targetHints":{"allow":["GET"]}}],"collection":[{"href":"https:\/\/kunstmarkt-kreuzberg.com\/fr\/wp-json\/wp\/v2\/pages"}],"about":[{"href":"https:\/\/kunstmarkt-kreuzberg.com\/fr\/wp-json\/wp\/v2\/types\/page"}],"author":[{"embeddable":true,"href":"https:\/\/kunstmarkt-kreuzberg.com\/fr\/wp-json\/wp\/v2\/users\/1"}],"replies":[{"embeddable":true,"href":"https:\/\/kunstmarkt-kreuzberg.com\/fr\/wp-json\/wp\/v2\/comments?post=1175"}],"version-history":[{"count":0,"href":"https:\/\/kunstmarkt-kreuzberg.com\/fr\/wp-json\/wp\/v2\/pages\/1175\/revisions"}],"wp:attachment":[{"href":"https:\/\/kunstmarkt-kreuzberg.com\/fr\/wp-json\/wp\/v2\/media?parent=1175"}],"curies":[{"name":"wp","href":"https:\/\/api.w.org\/{rel}","templated":true}]}}