{"id":3316,"date":"2026-03-25T14:00:52","date_gmt":"2026-03-25T13:00:52","guid":{"rendered":"https:\/\/kunstmarkt-kreuzberg.com\/?post_type=product&#038;p=3316"},"modified":"2026-03-25T14:00:52","modified_gmt":"2026-03-25T13:00:52","slug":"der-bewegte-mann","status":"publish","type":"product","link":"https:\/\/kunstmarkt-kreuzberg.com\/es\/product\/der-bewegte-mann\/","title":{"rendered":"El hombre deseado"},"content":{"rendered":"<p data-path-to-node=\"2\" class=\"translation-block\">La pel\u00edcula *Der bewegte Mann*, de S\u00f6nke Wortmann, estrenada en 1994, est\u00e1 basada en la serie de c\u00f3mics hom\u00f3nima de Ralf K\u00f6nig y se convirti\u00f3 en una de las pel\u00edculas alemanas m\u00e1s exitosas de la posguerra. La pel\u00edcula cuenta la historia de Axel Feldheim (interpretado por Til Schweiger), a quien su novia Doro enga\u00f1a y echa de casa. En busca de un lugar donde quedarse, acaba en un piso compartido de chicos y se ve envuelto en una turbulenta mara\u00f1a de malentendidos, anhelos reprimidos y cuestiones de identidad.<\/p>\n<p data-path-to-node=\"3\">Con un guion ingenioso y un reparto entusiasta, la pel\u00edcula rompe con humor los estereotipos de g\u00e9nero y los prejuicios. La producci\u00f3n no solo supuso el salto definitivo de Til Schweiger al estrellato cinematogr\u00e1fico, sino que tambi\u00e9n marc\u00f3 una \u00e9poca en la comedia rom\u00e1ntica alemana, combinando la ligereza con la relevancia social.<\/p>\n<table data-path-to-node=\"6\">\n<thead>\n<tr>\n<td><strong>Merkmal<\/strong><\/td>\n<td><strong>detalles<\/strong><\/td>\n<\/tr>\n<\/thead>\n<tbody>\n<tr>\n<td><span data-path-to-node=\"6,1,0,0\"><b data-path-to-node=\"6,1,0,0\" data-index-in-node=\"0\">Tipo de cartel \/ tama\u00f1o<\/b><\/span><\/td>\n<td><span data-path-to-node=\"6,1,1,0\">Deutsches Plakat \u2014 59,4cm x 84,1cm, DIN A1<\/span><\/td>\n<\/tr>\n<tr>\n<td><span data-path-to-node=\"6,2,0,0\"><b data-path-to-node=\"6,2,0,0\" data-index-in-node=\"0\">Pa\u00eds de producci\u00f3n<\/b><\/span><\/td>\n<td><span data-path-to-node=\"6,2,1,0\">Alemania<\/span><\/td>\n<\/tr>\n<tr>\n<td><span data-path-to-node=\"6,3,0,0\"><b data-path-to-node=\"6,3,0,0\" data-index-in-node=\"0\">Idioma<\/b><\/span><\/td>\n<td><span data-path-to-node=\"6,3,1,0\">Alem\u00e1n<\/span><\/td>\n<\/tr>\n<tr>\n<td><span data-path-to-node=\"6,4,0,0\"><b data-path-to-node=\"6,4,0,0\" data-index-in-node=\"0\">A\u00f1o de publicaci\u00f3n<\/b><\/span><\/td>\n<td><span data-path-to-node=\"6,4,1,0\">1994<\/span><\/td>\n<\/tr>\n<tr>\n<td><span data-path-to-node=\"6,5,0,0\"><b data-path-to-node=\"6,5,0,0\" data-index-in-node=\"0\">Longitud<\/b><\/span><\/td>\n<td><span data-path-to-node=\"6,5,1,0\">93 Minuten<\/span><\/td>\n<\/tr>\n<tr>\n<td><span data-path-to-node=\"6,6,0,0\"><b data-path-to-node=\"6,6,0,0\" data-index-in-node=\"0\">Direcci\u00f3n<\/b><\/span><\/td>\n<td><span data-path-to-node=\"6,6,1,0\">S\u00f6nke Wortmann<\/span><\/td>\n<\/tr>\n<tr>\n<td><span data-path-to-node=\"6,7,0,0\"><b data-path-to-node=\"6,7,0,0\" data-index-in-node=\"0\">Gui\u00f3n<\/b><\/span><\/td>\n<td><span data-path-to-node=\"6,7,1,0\">S\u00f6nke Wortmann \u00b7 nach den Comics von Ralf K\u00f6nig<\/span><\/td>\n<\/tr>\n<tr>\n<td><span data-path-to-node=\"6,8,0,0\"><b data-path-to-node=\"6,8,0,0\" data-index-in-node=\"0\">C\u00e1mara<\/b><\/span><\/td>\n<td><span data-path-to-node=\"6,8,1,0\">Gernot Roll<\/span><\/td>\n<\/tr>\n<tr>\n<td><span data-path-to-node=\"6,9,0,0\"><b data-path-to-node=\"6,9,0,0\" data-index-in-node=\"0\">Corte<\/b><\/span><\/td>\n<td><span data-path-to-node=\"6,9,1,0\">Ueli Christen<\/span><\/td>\n<\/tr>\n<tr>\n<td><span data-path-to-node=\"6,10,0,0\"><b data-path-to-node=\"6,10,0,0\" data-index-in-node=\"0\">Fundici\u00f3n<\/b><\/span><\/td>\n<td><span data-path-to-node=\"6,10,1,0\">Til Schweiger, Katja Riemann, Joachim Kr\u00f3l, Rufus Beck<\/span><\/td>\n<\/tr>\n<\/tbody>\n<\/table>","protected":false},"excerpt":{"rendered":"<p>Cartel alem\u00e1n<br \/>\nGr\u00f6\u00dfe 59,4 cm x 84,1 cm, DIN A1<br \/>\nca.120g\/m2<br \/>\nmate<\/p>","protected":false},"featured_media":3287,"template":"","meta":{"site-sidebar-layout":"default","site-content-layout":"","ast-site-content-layout":"default","site-content-style":"default","site-sidebar-style":"default","ast-global-header-display":"","ast-banner-title-visibility":"","ast-main-header-display":"","ast-hfb-above-header-display":"","ast-hfb-below-header-display":"","ast-hfb-mobile-header-display":"","site-post-title":"","ast-breadcrumbs-content":"","ast-featured-img":"","footer-sml-layout":"","ast-disable-related-posts":"","theme-transparent-header-meta":"default","adv-header-id-meta":"","stick-header-meta":"","header-above-stick-meta":"","header-main-stick-meta":"","header-below-stick-meta":"","astra-migrate-meta-layouts":"set","ast-page-background-enabled":"default","ast-page-background-meta":{"desktop":{"background-color":"var(--ast-global-color-4)","background-image":"","background-repeat":"repeat","background-position":"center center","background-size":"auto","background-attachment":"scroll","background-type":"","background-media":"","overlay-type":"","overlay-color":"","overlay-opacity":"","overlay-gradient":""},"tablet":{"background-color":"","background-image":"","background-repeat":"repeat","background-position":"center center","background-size":"auto","background-attachment":"scroll","background-type":"","background-media":"","overlay-type":"","overlay-color":"","overlay-opacity":"","overlay-gradient":""},"mobile":{"background-color":"","background-image":"","background-repeat":"repeat","background-position":"center center","background-size":"auto","background-attachment":"scroll","background-type":"","background-media":"","overlay-type":"","overlay-color":"","overlay-opacity":"","overlay-gradient":""}},"ast-content-background-meta":{"desktop":{"background-color":"var(--ast-global-color-5)","background-image":"","background-repeat":"repeat","background-position":"center center","background-size":"auto","background-attachment":"scroll","background-type":"","background-media":"","overlay-type":"","overlay-color":"","overlay-opacity":"","overlay-gradient":""},"tablet":{"background-color":"var(--ast-global-color-5)","background-image":"","background-repeat":"repeat","background-position":"center center","background-size":"auto","background-attachment":"scroll","background-type":"","background-media":"","overlay-type":"","overlay-color":"","overlay-opacity":"","overlay-gradient":""},"mobile":{"background-color":"var(--ast-global-color-5)","background-image":"","background-repeat":"repeat","background-position":"center center","background-size":"auto","background-attachment":"scroll","background-type":"","background-media":"","overlay-type":"","overlay-color":"","overlay-opacity":"","overlay-gradient":""}}},"product_brand":[],"product_cat":[53],"product_tag":[],"class_list":{"0":"post-3316","1":"product","2":"type-product","3":"status-publish","4":"has-post-thumbnail","6":"product_cat-deutsche-filmplakate","7":"desktop-align-left","8":"tablet-align-left","9":"mobile-align-left","11":"first","12":"instock","13":"taxable","14":"shipping-taxable","15":"purchasable","16":"product-type-simple"},"_links":{"self":[{"href":"https:\/\/kunstmarkt-kreuzberg.com\/es\/wp-json\/wp\/v2\/product\/3316","targetHints":{"allow":["GET"]}}],"collection":[{"href":"https:\/\/kunstmarkt-kreuzberg.com\/es\/wp-json\/wp\/v2\/product"}],"about":[{"href":"https:\/\/kunstmarkt-kreuzberg.com\/es\/wp-json\/wp\/v2\/types\/product"}],"version-history":[{"count":2,"href":"https:\/\/kunstmarkt-kreuzberg.com\/es\/wp-json\/wp\/v2\/product\/3316\/revisions"}],"predecessor-version":[{"id":3318,"href":"https:\/\/kunstmarkt-kreuzberg.com\/es\/wp-json\/wp\/v2\/product\/3316\/revisions\/3318"}],"wp:featuredmedia":[{"embeddable":true,"href":"https:\/\/kunstmarkt-kreuzberg.com\/es\/wp-json\/wp\/v2\/media\/3287"}],"wp:attachment":[{"href":"https:\/\/kunstmarkt-kreuzberg.com\/es\/wp-json\/wp\/v2\/media?parent=3316"}],"wp:term":[{"taxonomy":"product_brand","embeddable":true,"href":"https:\/\/kunstmarkt-kreuzberg.com\/es\/wp-json\/wp\/v2\/product_brand?post=3316"},{"taxonomy":"product_cat","embeddable":true,"href":"https:\/\/kunstmarkt-kreuzberg.com\/es\/wp-json\/wp\/v2\/product_cat?post=3316"},{"taxonomy":"product_tag","embeddable":true,"href":"https:\/\/kunstmarkt-kreuzberg.com\/es\/wp-json\/wp\/v2\/product_tag?post=3316"}],"curies":[{"name":"wp","href":"https:\/\/api.w.org\/{rel}","templated":true}]}}