{"id":3302,"date":"2026-03-24T17:23:43","date_gmt":"2026-03-24T16:23:43","guid":{"rendered":"https:\/\/kunstmarkt-kreuzberg.com\/?post_type=product&#038;p=3302"},"modified":"2026-03-24T17:27:08","modified_gmt":"2026-03-24T16:27:08","slug":"knockinon-heavens-door","status":"publish","type":"product","link":"https:\/\/kunstmarkt-kreuzberg.com\/es\/product\/knockinon-heavens-door\/","title":{"rendered":"Llamando a las puertas del cielo"},"content":{"rendered":"<p data-path-to-node=\"2\">Thomas Jahns <b data-path-to-node=\"2\" data-index-in-node=\"13\">Knockin\u2019 on Heaven\u2019s Door<\/b> Esta pel\u00edcula de 1997 es una mezcla tan trepidante como emotiva de road movie, comedia de acci\u00f3n y drama. La pel\u00edcula cuenta la historia de Martin (Til Schweiger) y Rudi (Jan Josef Liefers), que se conocen en una habitaci\u00f3n de hospital y descubren que ambos padecen una enfermedad terminal. Como Rudi nunca ha visto el mar, los dos no lo dudan ni un segundo, roban un Mercedes-Benz 230 SL azul claro y se ponen en camino hacia la costa.<\/p>\n<p data-path-to-node=\"3\">Con su llamativa banda sonora a cargo del grupo Selig, un reparto estelar de extravagantes personajes secundarios y el estilo visual de las pel\u00edculas de g\u00e1nsteres modernas, la obra se convirti\u00f3 en una aut\u00e9ntica favorita del p\u00fablico. El debut como director de Jahn logra un equilibrio entre el humor absurdo y la profundidad melanc\u00f3lica, mientras los protagonistas, en su \u00faltimo viaje, no solo huyen de la polic\u00eda y de los g\u00e1nsteres, sino que, sobre todo, se enfrentan a su propia finitud.<\/p>\n<table data-path-to-node=\"6\">\n<thead>\n<tr>\n<td><strong>Merkmal<\/strong><\/td>\n<td><strong>detalles<\/strong><\/td>\n<\/tr>\n<\/thead>\n<tbody>\n<tr>\n<td><span data-path-to-node=\"6,1,0,0\"><b data-path-to-node=\"6,1,0,0\" data-index-in-node=\"0\">Tipo de cartel \/ tama\u00f1o<\/b><\/span><\/td>\n<td><span data-path-to-node=\"6,1,1,0\">Deutsches Plakat \u2014 59,4 cm x 84,1 cm, DIN A1<\/span><\/td>\n<\/tr>\n<tr>\n<td><span data-path-to-node=\"6,2,0,0\"><b data-path-to-node=\"6,2,0,0\" data-index-in-node=\"0\">Pa\u00eds de producci\u00f3n<\/b><\/span><\/td>\n<td><span data-path-to-node=\"6,2,1,0\">Alemania<\/span><\/td>\n<\/tr>\n<tr>\n<td><span data-path-to-node=\"6,3,0,0\"><b data-path-to-node=\"6,3,0,0\" data-index-in-node=\"0\">Idioma<\/b><\/span><\/td>\n<td><span data-path-to-node=\"6,3,1,0\">Alem\u00e1n<\/span><\/td>\n<\/tr>\n<tr>\n<td><span data-path-to-node=\"6,4,0,0\"><b data-path-to-node=\"6,4,0,0\" data-index-in-node=\"0\">Estreno<\/b><\/span><\/td>\n<td><span data-path-to-node=\"6,4,1,0\">20. Februar 1997<\/span><\/td>\n<\/tr>\n<tr>\n<td><span data-path-to-node=\"6,5,0,0\"><b data-path-to-node=\"6,5,0,0\" data-index-in-node=\"0\">Longitud<\/b><\/span><\/td>\n<td><span data-path-to-node=\"6,5,1,0\">89 Minuten<\/span><\/td>\n<\/tr>\n<tr>\n<td><span data-path-to-node=\"6,6,0,0\"><b data-path-to-node=\"6,6,0,0\" data-index-in-node=\"0\">Producci\u00f3n<\/b><\/span><\/td>\n<td><span data-path-to-node=\"6,6,1,0\">Mr. Brown Entertainment \/ Buena Vista International, Filmstiftung NRW<\/span><\/td>\n<\/tr>\n<tr>\n<td><span data-path-to-node=\"6,7,0,0\"><b data-path-to-node=\"6,7,0,0\" data-index-in-node=\"0\">Direcci\u00f3n<\/b><\/span><\/td>\n<td><span data-path-to-node=\"6,7,1,0\">Thomas Jahn<\/span><\/td>\n<\/tr>\n<tr>\n<td><span data-path-to-node=\"6,8,0,0\"><b data-path-to-node=\"6,8,0,0\" data-index-in-node=\"0\">Gui\u00f3n<\/b><\/span><\/td>\n<td><span data-path-to-node=\"6,8,1,0\">Thomas Jahn, Til Schweiger<\/span><\/td>\n<\/tr>\n<tr>\n<td><span data-path-to-node=\"6,9,0,0\"><b data-path-to-node=\"6,9,0,0\" data-index-in-node=\"0\">M\u00fasica<\/b><\/span><\/td>\n<td><span data-path-to-node=\"6,9,1,0\">Selig, Franz Plasa<\/span><\/td>\n<\/tr>\n<tr>\n<td><span data-path-to-node=\"6,10,0,0\"><b data-path-to-node=\"6,10,0,0\" data-index-in-node=\"0\">C\u00e1mara<\/b><\/span><\/td>\n<td><span data-path-to-node=\"6,10,1,0\">Gero Steffen<\/span><\/td>\n<\/tr>\n<tr>\n<td><span data-path-to-node=\"6,11,0,0\"><b data-path-to-node=\"6,11,0,0\" data-index-in-node=\"0\">Corte<\/b><\/span><\/td>\n<td><span data-path-to-node=\"6,11,1,0\">Alexander Berner<\/span><\/td>\n<\/tr>\n<tr>\n<td><span data-path-to-node=\"6,12,0,0\"><b data-path-to-node=\"6,12,0,0\" data-index-in-node=\"0\">Fundici\u00f3n<\/b><\/span><\/td>\n<td><span data-path-to-node=\"6,12,1,0\">Til Schweiger, Jan Josef Liefers, Thierry van Werveke, Moritz Bleibtreu, Cornelia Froboess, Rutger Hauer, Christiane Paul, Hannes Jaenicke, Jenny Elvers, Corinna Harfouch, Muriel Baumeister, Helen Duval, S\u00f6nke Wortmann<\/span><\/td>\n<\/tr>\n<\/tbody>\n<\/table>","protected":false},"excerpt":{"rendered":"<p><strong>Cartel alem\u00e1n<br \/>\n<\/strong>Gr\u00f6\u00dfe 59,4 cm x 84,1 cm, DIN A1<br \/>\nca.170g\/m2<br \/>\nmate<\/p>","protected":false},"featured_media":3288,"template":"","meta":{"site-sidebar-layout":"default","site-content-layout":"","ast-site-content-layout":"default","site-content-style":"default","site-sidebar-style":"default","ast-global-header-display":"","ast-banner-title-visibility":"","ast-main-header-display":"","ast-hfb-above-header-display":"","ast-hfb-below-header-display":"","ast-hfb-mobile-header-display":"","site-post-title":"","ast-breadcrumbs-content":"","ast-featured-img":"","footer-sml-layout":"","ast-disable-related-posts":"","theme-transparent-header-meta":"default","adv-header-id-meta":"","stick-header-meta":"","header-above-stick-meta":"","header-main-stick-meta":"","header-below-stick-meta":"","astra-migrate-meta-layouts":"set","ast-page-background-enabled":"default","ast-page-background-meta":{"desktop":{"background-color":"var(--ast-global-color-4)","background-image":"","background-repeat":"repeat","background-position":"center center","background-size":"auto","background-attachment":"scroll","background-type":"","background-media":"","overlay-type":"","overlay-color":"","overlay-opacity":"","overlay-gradient":""},"tablet":{"background-color":"","background-image":"","background-repeat":"repeat","background-position":"center center","background-size":"auto","background-attachment":"scroll","background-type":"","background-media":"","overlay-type":"","overlay-color":"","overlay-opacity":"","overlay-gradient":""},"mobile":{"background-color":"","background-image":"","background-repeat":"repeat","background-position":"center center","background-size":"auto","background-attachment":"scroll","background-type":"","background-media":"","overlay-type":"","overlay-color":"","overlay-opacity":"","overlay-gradient":""}},"ast-content-background-meta":{"desktop":{"background-color":"var(--ast-global-color-5)","background-image":"","background-repeat":"repeat","background-position":"center center","background-size":"auto","background-attachment":"scroll","background-type":"","background-media":"","overlay-type":"","overlay-color":"","overlay-opacity":"","overlay-gradient":""},"tablet":{"background-color":"var(--ast-global-color-5)","background-image":"","background-repeat":"repeat","background-position":"center center","background-size":"auto","background-attachment":"scroll","background-type":"","background-media":"","overlay-type":"","overlay-color":"","overlay-opacity":"","overlay-gradient":""},"mobile":{"background-color":"var(--ast-global-color-5)","background-image":"","background-repeat":"repeat","background-position":"center center","background-size":"auto","background-attachment":"scroll","background-type":"","background-media":"","overlay-type":"","overlay-color":"","overlay-opacity":"","overlay-gradient":""}}},"product_brand":[],"product_cat":[53],"product_tag":[],"class_list":{"0":"post-3302","1":"product","2":"type-product","3":"status-publish","4":"has-post-thumbnail","6":"product_cat-deutsche-filmplakate","7":"desktop-align-left","8":"tablet-align-left","9":"mobile-align-left","11":"first","12":"instock","13":"taxable","14":"shipping-taxable","15":"purchasable","16":"product-type-simple"},"_links":{"self":[{"href":"https:\/\/kunstmarkt-kreuzberg.com\/es\/wp-json\/wp\/v2\/product\/3302","targetHints":{"allow":["GET"]}}],"collection":[{"href":"https:\/\/kunstmarkt-kreuzberg.com\/es\/wp-json\/wp\/v2\/product"}],"about":[{"href":"https:\/\/kunstmarkt-kreuzberg.com\/es\/wp-json\/wp\/v2\/types\/product"}],"version-history":[{"count":4,"href":"https:\/\/kunstmarkt-kreuzberg.com\/es\/wp-json\/wp\/v2\/product\/3302\/revisions"}],"predecessor-version":[{"id":3309,"href":"https:\/\/kunstmarkt-kreuzberg.com\/es\/wp-json\/wp\/v2\/product\/3302\/revisions\/3309"}],"wp:featuredmedia":[{"embeddable":true,"href":"https:\/\/kunstmarkt-kreuzberg.com\/es\/wp-json\/wp\/v2\/media\/3288"}],"wp:attachment":[{"href":"https:\/\/kunstmarkt-kreuzberg.com\/es\/wp-json\/wp\/v2\/media?parent=3302"}],"wp:term":[{"taxonomy":"product_brand","embeddable":true,"href":"https:\/\/kunstmarkt-kreuzberg.com\/es\/wp-json\/wp\/v2\/product_brand?post=3302"},{"taxonomy":"product_cat","embeddable":true,"href":"https:\/\/kunstmarkt-kreuzberg.com\/es\/wp-json\/wp\/v2\/product_cat?post=3302"},{"taxonomy":"product_tag","embeddable":true,"href":"https:\/\/kunstmarkt-kreuzberg.com\/es\/wp-json\/wp\/v2\/product_tag?post=3302"}],"curies":[{"name":"wp","href":"https:\/\/api.w.org\/{rel}","templated":true}]}}