{"id":1901,"date":"2025-08-10T08:21:36","date_gmt":"2025-08-10T06:21:36","guid":{"rendered":"https:\/\/german-poster.com\/?post_type=product&#038;p=1901"},"modified":"2026-03-10T11:38:38","modified_gmt":"2026-03-10T10:38:38","slug":"der-amerikanische-freund-deutsches-plakat-1977","status":"publish","type":"product","link":"https:\/\/kunstmarkt-kreuzberg.com\/es\/product\/the-american-friend-cartel-aleman-1977\/","title":{"rendered":"El amigo americano - cartel alem\u00e1n (1977)"},"content":{"rendered":"<h2 data-start=\"1807\" data-end=\"2190\">Descripci\u00f3n de la pel\u00edcula<\/h2>\n<p data-start=\"1807\" data-end=\"2190\" class=\"translation-block\"><em data-start=\"1807\" data-end=\"1833\">El amigo americano<\/em> (1977) es un <em data-start=\"1849\" data-end=\"1861\">thriller<\/em> de <strong data-start=\"1866\" data-end=\"1881\">Wim Wenders<\/strong>, basado en la novela de Patricia Highsmith <em data-start=\"1917\" data-end=\"1932\">Ripley's Game<\/em>. La pel\u00edcula cuenta la historia del enmarcador de cuadros Jonathan Zimmermann (interpretado por <strong data-start=\"2050\" data-end=\"2064\">Bruno Ganz<\/strong>), enfermo terminal, que se deja arrastrar a las maquinaciones criminales del turbio estadounidense Tom Ripley (<strong data-start=\"2121\" data-end=\"2138\">Dennis Hopper<\/strong>).<\/p>\n<p data-start=\"2192\" data-end=\"2532\" class=\"translation-block\">Con un trabajo de c\u00e1mara de <strong data-start=\"2217\" data-end=\"2233\">Robby M\u00fcller<\/strong>, un tono melanc\u00f3lico y localizaciones internacionales, Wenders combina los recursos estil\u00edsticos del cine negro con la reflexi\u00f3n existencial sobre la amistad, la traici\u00f3n y la mortalidad. Las apariciones como invitados de grandes directores como <strong data-start=\"2451\" data-end=\"2467\">Nicholas Ray<\/strong> y <strong data-start=\"2472\" data-end=\"2489\">Samuel Fuller<\/strong> acent\u00faan el homenaje cinematogr\u00e1fico.<\/p>\n<p data-start=\"2534\" data-end=\"2685\" class=\"translation-block\">La pel\u00edcula est\u00e1 considerada uno de los \u00e9xitos internacionales m\u00e1s importantes del <strong data-start=\"2604\" data-end=\"2629\">Nuevo Cine Alem\u00e1n<\/strong> y ciment\u00f3 la reputaci\u00f3n de Wenders como director de talla mundial.<\/p>\n<hr \/>\n<table>\n<thead data-start=\"208\" data-end=\"318\">\n<tr data-start=\"208\" data-end=\"318\">\n<th style=\"text-align: left;\" data-start=\"208\" data-end=\"235\" data-col-size=\"sm\"><strong data-start=\"210\" data-end=\"223\">Categor\u00eda<\/strong><\/th>\n<th style=\"text-align: left;\" data-start=\"235\" data-end=\"318\" data-col-size=\"md\"><strong data-start=\"237\" data-end=\"252\">Informaci\u00f3n<\/strong><\/th>\n<\/tr>\n<\/thead>\n<\/table>\n<div>\n<table>\n<tbody>\n<tr data-start=\"431\" data-end=\"542\">\n<td data-start=\"431\" data-end=\"458\" data-col-size=\"sm\"><strong data-start=\"433\" data-end=\"454\">Tipo de cartel \/ tama\u00f1o<\/strong><\/td>\n<td data-start=\"458\" data-end=\"542\" data-col-size=\"md\">Cartel alem\u00e1n - <strong>59,4cm x 84,1cm, DIN A1<\/strong><\/td>\n<\/tr>\n<\/tbody>\n<\/table>\n<\/div>\n<div>\n<table>\n<tbody>\n<tr data-start=\"543\" data-end=\"654\">\n<td data-start=\"543\" data-end=\"571\" data-col-size=\"sm\"><strong data-start=\"545\" data-end=\"564\">Pa\u00eds de producci\u00f3n<\/strong><\/td>\n<td data-start=\"571\" data-end=\"654\" data-col-size=\"md\">Alemania, Francia<\/td>\n<\/tr>\n<\/tbody>\n<\/table>\n<\/div>\n<div>\n<table>\n<tbody>\n<tr data-start=\"655\" data-end=\"766\">\n<td data-start=\"655\" data-end=\"683\" data-col-size=\"sm\"><strong data-start=\"657\" data-end=\"668\">Idioma<\/strong><\/td>\n<td data-start=\"683\" data-end=\"766\" data-col-size=\"md\">Alem\u00e1n, ingl\u00e9s, franc\u00e9s<\/td>\n<\/tr>\n<\/tbody>\n<\/table>\n<\/div>\n<div>\n<table>\n<tbody>\n<tr data-start=\"767\" data-end=\"878\">\n<td data-start=\"767\" data-end=\"795\" data-col-size=\"sm\"><strong data-start=\"769\" data-end=\"781\">Estreno<\/strong><\/td>\n<td data-start=\"795\" data-end=\"878\" data-col-size=\"md\">1977<\/td>\n<\/tr>\n<\/tbody>\n<\/table>\n<\/div>\n<div>\n<table>\n<tbody>\n<tr data-start=\"879\" data-end=\"990\">\n<td data-start=\"879\" data-end=\"907\" data-col-size=\"sm\"><strong data-start=\"881\" data-end=\"890\">Longitud<\/strong><\/td>\n<td data-start=\"907\" data-end=\"990\" data-col-size=\"md\">127 minutos<\/td>\n<\/tr>\n<\/tbody>\n<\/table>\n<\/div>\n<div>\n<table>\n<tbody>\n<tr data-start=\"991\" data-end=\"1102\">\n<td data-start=\"991\" data-end=\"1019\" data-col-size=\"sm\"><strong data-start=\"993\" data-end=\"1002\">Direcci\u00f3n<\/strong><\/td>\n<td data-start=\"1019\" data-end=\"1102\" data-col-size=\"md\">Wim Wenders<\/td>\n<\/tr>\n<\/tbody>\n<\/table>\n<\/div>\n<div>\n<table>\n<tbody>\n<tr data-start=\"1103\" data-end=\"1214\">\n<td data-start=\"1103\" data-end=\"1131\" data-col-size=\"sm\"><strong data-start=\"1105\" data-end=\"1117\">Gui\u00f3n<\/strong><\/td>\n<td data-start=\"1131\" data-end=\"1214\" data-col-size=\"md\">Wim Wenders - basada en la novela\u00a0<em data-start=\"1171\" data-end=\"1186\">El juego de Ripley<\/em>\u00a0por Patricia Highsmith<\/td>\n<\/tr>\n<\/tbody>\n<\/table>\n<\/div>\n<div>\n<table>\n<tbody>\n<tr data-start=\"1215\" data-end=\"1326\">\n<td data-start=\"1215\" data-end=\"1243\" data-col-size=\"sm\"><strong data-start=\"1217\" data-end=\"1231\">Producci\u00f3n<\/strong><\/td>\n<td data-start=\"1243\" data-end=\"1326\" data-col-size=\"md\">Road Movies Film Production, Les Films du Losange<\/td>\n<\/tr>\n<\/tbody>\n<\/table>\n<\/div>\n<div>\n<table>\n<tbody>\n<tr data-start=\"1327\" data-end=\"1438\">\n<td data-start=\"1327\" data-end=\"1355\" data-col-size=\"sm\"><strong data-start=\"1329\" data-end=\"1339\">C\u00e1mara<\/strong><\/td>\n<td data-start=\"1355\" data-end=\"1438\" data-col-size=\"md\">Robby M\u00fcller<\/td>\n<\/tr>\n<\/tbody>\n<\/table>\n<\/div>\n<div>\n<table>\n<tbody>\n<tr data-start=\"1439\" data-end=\"1550\">\n<td data-start=\"1439\" data-end=\"1467\" data-col-size=\"sm\"><strong data-start=\"1441\" data-end=\"1452\">Corte<\/strong><\/td>\n<td data-start=\"1467\" data-end=\"1550\" data-col-size=\"md\">Peter Przygodda<\/td>\n<\/tr>\n<\/tbody>\n<\/table>\n<\/div>\n<div>\n<table>\n<tbody>\n<tr data-start=\"1551\" data-end=\"1662\">\n<td data-start=\"1551\" data-end=\"1579\" data-col-size=\"sm\"><strong data-start=\"1553\" data-end=\"1562\">M\u00fasica<\/strong><\/td>\n<td data-start=\"1579\" data-end=\"1662\" data-col-size=\"md\">J\u00fcrgen Knieper<\/td>\n<\/tr>\n<\/tbody>\n<\/table>\n<\/div>\n<div>\n<table>\n<tbody>\n<tr data-start=\"1663\" data-end=\"1777\">\n<td data-start=\"1663\" data-end=\"1691\" data-col-size=\"sm\"><strong data-start=\"1665\" data-end=\"1678\">Fundici\u00f3n<\/strong><\/td>\n<td data-start=\"1691\" data-end=\"1777\" data-col-size=\"md\">Bruno Ganz, Dennis Hopper, Lisa Kreuzer, G\u00e9rard Blain, Nicholas Ray, Samuel Fuller<\/td>\n<\/tr>\n<\/tbody>\n<\/table>\n<\/div>","protected":false},"excerpt":{"rendered":"<p>Deutsches Plakat \u2013 <strong>59,4cm x 84,1cm, DIN A1<\/strong><\/p>\n<ul>\n<li>Druck auf Premiumpapier, 250 g, matt<\/li>\n<li>M\u00e1ximo brillo del color y alta resistencia a los rayos UV<\/li>\n<li>Embalaje seguro (11 x 11 x 72 cm)<\/li>\n<\/ul>","protected":false},"featured_media":2746,"template":"","meta":{"site-sidebar-layout":"default","site-content-layout":"","ast-site-content-layout":"default","site-content-style":"default","site-sidebar-style":"default","ast-global-header-display":"","ast-banner-title-visibility":"","ast-main-header-display":"","ast-hfb-above-header-display":"","ast-hfb-below-header-display":"","ast-hfb-mobile-header-display":"","site-post-title":"","ast-breadcrumbs-content":"","ast-featured-img":"","footer-sml-layout":"","ast-disable-related-posts":"","theme-transparent-header-meta":"default","adv-header-id-meta":"","stick-header-meta":"","header-above-stick-meta":"","header-main-stick-meta":"","header-below-stick-meta":"","astra-migrate-meta-layouts":"set","ast-page-background-enabled":"default","ast-page-background-meta":{"desktop":{"background-color":"var(--ast-global-color-4)","background-image":"","background-repeat":"repeat","background-position":"center center","background-size":"auto","background-attachment":"scroll","background-type":"","background-media":"","overlay-type":"","overlay-color":"","overlay-opacity":"","overlay-gradient":""},"tablet":{"background-color":"","background-image":"","background-repeat":"repeat","background-position":"center center","background-size":"auto","background-attachment":"scroll","background-type":"","background-media":"","overlay-type":"","overlay-color":"","overlay-opacity":"","overlay-gradient":""},"mobile":{"background-color":"","background-image":"","background-repeat":"repeat","background-position":"center center","background-size":"auto","background-attachment":"scroll","background-type":"","background-media":"","overlay-type":"","overlay-color":"","overlay-opacity":"","overlay-gradient":""}},"ast-content-background-meta":{"desktop":{"background-color":"var(--ast-global-color-5)","background-image":"","background-repeat":"repeat","background-position":"center center","background-size":"auto","background-attachment":"scroll","background-type":"","background-media":"","overlay-type":"","overlay-color":"","overlay-opacity":"","overlay-gradient":""},"tablet":{"background-color":"var(--ast-global-color-5)","background-image":"","background-repeat":"repeat","background-position":"center center","background-size":"auto","background-attachment":"scroll","background-type":"","background-media":"","overlay-type":"","overlay-color":"","overlay-opacity":"","overlay-gradient":""},"mobile":{"background-color":"var(--ast-global-color-5)","background-image":"","background-repeat":"repeat","background-position":"center center","background-size":"auto","background-attachment":"scroll","background-type":"","background-media":"","overlay-type":"","overlay-color":"","overlay-opacity":"","overlay-gradient":""}}},"product_brand":[],"product_cat":[53],"product_tag":[],"class_list":{"0":"post-1901","1":"product","2":"type-product","3":"status-publish","4":"has-post-thumbnail","6":"product_cat-deutsche-filmplakate","7":"desktop-align-left","8":"tablet-align-left","9":"mobile-align-left","11":"first","12":"instock","13":"taxable","14":"shipping-taxable","15":"purchasable","16":"product-type-simple"},"_links":{"self":[{"href":"https:\/\/kunstmarkt-kreuzberg.com\/es\/wp-json\/wp\/v2\/product\/1901","targetHints":{"allow":["GET"]}}],"collection":[{"href":"https:\/\/kunstmarkt-kreuzberg.com\/es\/wp-json\/wp\/v2\/product"}],"about":[{"href":"https:\/\/kunstmarkt-kreuzberg.com\/es\/wp-json\/wp\/v2\/types\/product"}],"version-history":[{"count":0,"href":"https:\/\/kunstmarkt-kreuzberg.com\/es\/wp-json\/wp\/v2\/product\/1901\/revisions"}],"wp:featuredmedia":[{"embeddable":true,"href":"https:\/\/kunstmarkt-kreuzberg.com\/es\/wp-json\/wp\/v2\/media\/2746"}],"wp:attachment":[{"href":"https:\/\/kunstmarkt-kreuzberg.com\/es\/wp-json\/wp\/v2\/media?parent=1901"}],"wp:term":[{"taxonomy":"product_brand","embeddable":true,"href":"https:\/\/kunstmarkt-kreuzberg.com\/es\/wp-json\/wp\/v2\/product_brand?post=1901"},{"taxonomy":"product_cat","embeddable":true,"href":"https:\/\/kunstmarkt-kreuzberg.com\/es\/wp-json\/wp\/v2\/product_cat?post=1901"},{"taxonomy":"product_tag","embeddable":true,"href":"https:\/\/kunstmarkt-kreuzberg.com\/es\/wp-json\/wp\/v2\/product_tag?post=1901"}],"curies":[{"name":"wp","href":"https:\/\/api.w.org\/{rel}","templated":true}]}}