{"id":1748,"date":"2025-09-15T13:43:40","date_gmt":"2025-09-15T11:43:40","guid":{"rendered":"https:\/\/german-poster.com\/?post_type=product&#038;p=1748"},"modified":"2026-03-13T16:55:54","modified_gmt":"2026-03-13T15:55:54","slug":"metropolis-franzoesisches-plakat-1927","status":"publish","type":"product","link":"https:\/\/kunstmarkt-kreuzberg.com\/es\/product\/metropolis-cartel-frances-1927\/","title":{"rendered":"Metropolis \u2013 Franz\u00f6sisches Plakat"},"content":{"rendered":"<p><span class=\"--l --r container-source\"><span class=\"--l --r bg-blue-50 text-unit-source\">Metr\u00f3polis es una monumental pel\u00edcula muda alemana de Fritz Lang de 1927, basada en la novela de Thea von Harbou (1925). El visionario relato de una metr\u00f3polis futurista en la que gobierna una \u00e9lite y la clase trabajadora es explotada en f\u00e1bricas subterr\u00e1neas es uno de los mayores hitos de la historia del cine.<\/span><\/span><\/p>\n<p><span class=\"--l --r container-source\">La versi\u00f3n francesa del cartel, realizada por Boris Bilinski, subraya la dimensi\u00f3n art\u00edstica y expresionista de la pel\u00edcula. Con sus espectaculares visiones arquitect\u00f3nicas, los innovadores efectos especiales de Eugen Sch\u00fcfftan y la m\u00fasica de Gottfried Huppertz, Metr\u00f3polis tuvo un impacto duradero en el lenguaje visual del cine de ciencia ficci\u00f3n e influy\u00f3 en generaciones de cineastas de todo el mundo.<\/span><\/p>\n<p>&nbsp;<\/p>\n<hr \/>\n<table class=\"w-fit min-w-(--thread-content-width)\" data-start=\"177\" data-end=\"1997\">\n<thead data-start=\"177\" data-end=\"289\">\n<tr data-start=\"177\" data-end=\"289\">\n<th style=\"text-align: left;\" data-start=\"177\" data-end=\"206\" data-col-size=\"sm\"><strong data-start=\"179\" data-end=\"192\">Categor\u00eda<\/strong><\/th>\n<th style=\"text-align: left;\" data-start=\"206\" data-end=\"289\" data-col-size=\"md\"><strong data-start=\"208\" data-end=\"223\">Informaci\u00f3n<\/strong><\/th>\n<\/tr>\n<\/thead>\n<tbody data-start=\"404\" data-end=\"1997\">\n<tr data-start=\"404\" data-end=\"517\">\n<td data-start=\"404\" data-end=\"434\" data-col-size=\"sm\"><strong data-start=\"406\" data-end=\"427\">Tipo de cartel \/ tama\u00f1o<\/strong><\/td>\n<td data-start=\"434\" data-end=\"517\" data-col-size=\"md\" class=\"translation-block\">Cartel franc\u00e9s - <strong data-start=\"459\" data-end=\"474\">100 \u00d7 70 cm<\/strong><\/td>\n<\/tr>\n<tr data-start=\"518\" data-end=\"631\">\n<td data-start=\"518\" data-end=\"548\" data-col-size=\"sm\"><strong data-start=\"520\" data-end=\"534\">Producci\u00f3n<\/strong><\/td>\n<td data-start=\"548\" data-end=\"631\" data-col-size=\"md\">Alemania - Universum Film AG (UFA)<\/td>\n<\/tr>\n<tr data-start=\"632\" data-end=\"744\">\n<td data-start=\"632\" data-end=\"662\" data-col-size=\"sm\"><strong data-start=\"634\" data-end=\"646\">Estreno<\/strong><\/td>\n<td data-start=\"662\" data-end=\"744\" data-col-size=\"md\">10 de enero de 1927<\/td>\n<\/tr>\n<tr data-start=\"745\" data-end=\"857\">\n<td data-start=\"745\" data-end=\"775\" data-col-size=\"sm\"><strong data-start=\"747\" data-end=\"756\">Longitud<\/strong><\/td>\n<td data-start=\"775\" data-end=\"857\" data-col-size=\"md\">153 minutos<\/td>\n<\/tr>\n<tr data-start=\"858\" data-end=\"971\">\n<td data-start=\"858\" data-end=\"888\" data-col-size=\"sm\"><strong data-start=\"860\" data-end=\"880\">Dise\u00f1o de carteles<\/strong><\/td>\n<td data-start=\"888\" data-end=\"971\" data-col-size=\"md\">Boris Bilinski<\/td>\n<\/tr>\n<tr data-start=\"972\" data-end=\"1085\">\n<td data-start=\"972\" data-end=\"1002\" data-col-size=\"sm\"><strong data-start=\"974\" data-end=\"983\">Direcci\u00f3n<\/strong><\/td>\n<td data-start=\"1002\" data-end=\"1085\" data-col-size=\"md\">Fritz Lang<\/td>\n<\/tr>\n<tr data-start=\"1086\" data-end=\"1199\">\n<td data-start=\"1086\" data-end=\"1116\" data-col-size=\"sm\"><strong data-start=\"1088\" data-end=\"1100\">Gui\u00f3n<\/strong><\/td>\n<td data-start=\"1116\" data-end=\"1199\" data-col-size=\"md\">Thea von Harbou, Fritz Lang<\/td>\n<\/tr>\n<tr data-start=\"1200\" data-end=\"1313\">\n<td data-start=\"1200\" data-end=\"1230\" data-col-size=\"sm\"><strong data-start=\"1202\" data-end=\"1212\">C\u00e1mara<\/strong><\/td>\n<td data-start=\"1230\" data-end=\"1313\" data-col-size=\"md\">Karl Freund, G\u00fcnther Rittau, Walter Ruttmann<\/td>\n<\/tr>\n<tr data-start=\"1314\" data-end=\"1426\">\n<td data-start=\"1314\" data-end=\"1344\" data-col-size=\"sm\"><strong data-start=\"1316\" data-end=\"1327\">Efectos<\/strong><\/td>\n<td data-start=\"1344\" data-end=\"1426\" data-col-size=\"md\">Eugen Sch\u00fcfftan<\/td>\n<\/tr>\n<tr data-start=\"1427\" data-end=\"1540\">\n<td data-start=\"1427\" data-end=\"1457\" data-col-size=\"sm\"><strong data-start=\"1429\" data-end=\"1438\">M\u00fasica<\/strong><\/td>\n<td data-start=\"1457\" data-end=\"1540\" data-col-size=\"md\">Gottfried Huppertz<\/td>\n<\/tr>\n<tr data-start=\"1541\" data-end=\"1654\">\n<td data-start=\"1541\" data-end=\"1571\" data-col-size=\"sm\"><strong data-start=\"1543\" data-end=\"1554\">Corte<\/strong><\/td>\n<td data-start=\"1571\" data-end=\"1654\" data-col-size=\"md\">Fritz Lang<\/td>\n<\/tr>\n<tr data-start=\"1655\" data-end=\"1768\">\n<td data-start=\"1655\" data-end=\"1685\" data-col-size=\"sm\"><strong data-start=\"1657\" data-end=\"1685\">Arquitectura cinematogr\u00e1fica \/ edificios<\/strong><\/td>\n<td data-start=\"1685\" data-end=\"1768\" data-col-size=\"md\">Otto Hunte, Erich Kettelhut, Karl Vollbrecht<\/td>\n<\/tr>\n<tr data-start=\"1769\" data-end=\"1883\">\n<td data-start=\"1769\" data-end=\"1799\" data-col-size=\"sm\"><strong data-start=\"1771\" data-end=\"1784\">Fundici\u00f3n<\/strong><\/td>\n<td data-start=\"1799\" data-end=\"1883\" data-col-size=\"md\">Brigitte Helm, Gustav Fr\u00f6hlich, Alfred Abel, Rudolf Klein-Rogge, Heinrich George<\/td>\n<\/tr>\n<tr data-start=\"1884\" data-end=\"1997\">\n<td data-start=\"1884\" data-end=\"1914\" data-col-size=\"sm\"><strong data-start=\"1886\" data-end=\"1896\">Presupuesto<\/strong><\/td>\n<td data-start=\"1914\" data-end=\"1997\" data-col-size=\"md\">aprox. 5,3 millones de Reichsmark<\/td>\n<\/tr>\n<\/tbody>\n<\/table>","protected":false},"excerpt":{"rendered":"<p class=\"translation-block\">Cartel franc\u00e9s - <strong data-start=\"459\" data-end=\"474\">100 \u00d7 70 cm<\/strong><\/p>\n<ul>\n<li>Druck auf Premiumpapier, 250 g, matt<\/li>\n<li>M\u00e1ximo brillo del color y alta resistencia a los rayos UV<\/li>\n<li>Aspecto elegante gracias al borde blanco de 3 mm de ancho<\/li>\n<li>Embalaje seguro (11 x 11 x 72 cm)<\/li>\n<\/ul>","protected":false},"featured_media":2760,"template":"","meta":{"site-sidebar-layout":"default","site-content-layout":"","ast-site-content-layout":"default","site-content-style":"default","site-sidebar-style":"default","ast-global-header-display":"","ast-banner-title-visibility":"","ast-main-header-display":"","ast-hfb-above-header-display":"","ast-hfb-below-header-display":"","ast-hfb-mobile-header-display":"","site-post-title":"","ast-breadcrumbs-content":"","ast-featured-img":"","footer-sml-layout":"","ast-disable-related-posts":"","theme-transparent-header-meta":"default","adv-header-id-meta":"","stick-header-meta":"","header-above-stick-meta":"","header-main-stick-meta":"","header-below-stick-meta":"","astra-migrate-meta-layouts":"set","ast-page-background-enabled":"default","ast-page-background-meta":{"desktop":{"background-color":"var(--ast-global-color-4)","background-image":"","background-repeat":"repeat","background-position":"center center","background-size":"auto","background-attachment":"scroll","background-type":"","background-media":"","overlay-type":"","overlay-color":"","overlay-opacity":"","overlay-gradient":""},"tablet":{"background-color":"","background-image":"","background-repeat":"repeat","background-position":"center center","background-size":"auto","background-attachment":"scroll","background-type":"","background-media":"","overlay-type":"","overlay-color":"","overlay-opacity":"","overlay-gradient":""},"mobile":{"background-color":"","background-image":"","background-repeat":"repeat","background-position":"center center","background-size":"auto","background-attachment":"scroll","background-type":"","background-media":"","overlay-type":"","overlay-color":"","overlay-opacity":"","overlay-gradient":""}},"ast-content-background-meta":{"desktop":{"background-color":"var(--ast-global-color-5)","background-image":"","background-repeat":"repeat","background-position":"center center","background-size":"auto","background-attachment":"scroll","background-type":"","background-media":"","overlay-type":"","overlay-color":"","overlay-opacity":"","overlay-gradient":""},"tablet":{"background-color":"var(--ast-global-color-5)","background-image":"","background-repeat":"repeat","background-position":"center center","background-size":"auto","background-attachment":"scroll","background-type":"","background-media":"","overlay-type":"","overlay-color":"","overlay-opacity":"","overlay-gradient":""},"mobile":{"background-color":"var(--ast-global-color-5)","background-image":"","background-repeat":"repeat","background-position":"center center","background-size":"auto","background-attachment":"scroll","background-type":"","background-media":"","overlay-type":"","overlay-color":"","overlay-opacity":"","overlay-gradient":""}}},"product_brand":[],"product_cat":[78],"product_tag":[],"class_list":{"0":"post-1748","1":"product","2":"type-product","3":"status-publish","4":"has-post-thumbnail","6":"product_cat-franzoesische-filmplakate","7":"desktop-align-left","8":"tablet-align-left","9":"mobile-align-left","11":"first","12":"instock","13":"taxable","14":"shipping-taxable","15":"purchasable","16":"product-type-simple"},"_links":{"self":[{"href":"https:\/\/kunstmarkt-kreuzberg.com\/es\/wp-json\/wp\/v2\/product\/1748","targetHints":{"allow":["GET"]}}],"collection":[{"href":"https:\/\/kunstmarkt-kreuzberg.com\/es\/wp-json\/wp\/v2\/product"}],"about":[{"href":"https:\/\/kunstmarkt-kreuzberg.com\/es\/wp-json\/wp\/v2\/types\/product"}],"version-history":[{"count":0,"href":"https:\/\/kunstmarkt-kreuzberg.com\/es\/wp-json\/wp\/v2\/product\/1748\/revisions"}],"wp:featuredmedia":[{"embeddable":true,"href":"https:\/\/kunstmarkt-kreuzberg.com\/es\/wp-json\/wp\/v2\/media\/2760"}],"wp:attachment":[{"href":"https:\/\/kunstmarkt-kreuzberg.com\/es\/wp-json\/wp\/v2\/media?parent=1748"}],"wp:term":[{"taxonomy":"product_brand","embeddable":true,"href":"https:\/\/kunstmarkt-kreuzberg.com\/es\/wp-json\/wp\/v2\/product_brand?post=1748"},{"taxonomy":"product_cat","embeddable":true,"href":"https:\/\/kunstmarkt-kreuzberg.com\/es\/wp-json\/wp\/v2\/product_cat?post=1748"},{"taxonomy":"product_tag","embeddable":true,"href":"https:\/\/kunstmarkt-kreuzberg.com\/es\/wp-json\/wp\/v2\/product_tag?post=1748"}],"curies":[{"name":"wp","href":"https:\/\/api.w.org\/{rel}","templated":true}]}}