{"id":1745,"date":"2025-09-01T03:00:00","date_gmt":"2025-09-01T01:00:00","guid":{"rendered":"https:\/\/german-poster.com\/?post_type=product&#038;p=1745"},"modified":"2026-03-13T16:55:54","modified_gmt":"2026-03-13T15:55:54","slug":"metropolis-deutsches-plakat-1927-langbahn-door-poster","status":"publish","type":"product","link":"https:\/\/kunstmarkt-kreuzberg.com\/es\/product\/metropolis-cartel-aleman-1927-langbahn-cartel-puerta\/","title":{"rendered":"Metr\u00f3polis - cartel alem\u00e1n (1927, v\u00eda larga \/ cartel de puerta)"},"content":{"rendered":"<h2 data-start=\"1707\" data-end=\"1728\">Descripci\u00f3n de la pel\u00edcula<\/h2>\n<p data-start=\"1730\" data-end=\"2118\" class=\"translation-block\"><em data-start=\"1730\" data-end=\"1742\">Metr\u00f3polis<\/em> es un <strong data-start=\"1751\" data-end=\"1784\">cl\u00e1sico visionario del cine mudo<\/strong> de <strong data-start=\"1789\" data-end=\"1803\">Fritz Lang<\/strong> de 1927, que narra la historia de una ciudad futurista en la que la \u00e9lite gobernante y la mano de obra oprimida viven en un mundo radicalmente separado. Se centra en el conflicto entre progreso y humanidad y en la b\u00fasqueda de un \u201emediador entre la cabeza y la mano\u201c.<\/p>\n<p data-start=\"2120\" data-end=\"2514\" class=\"translation-block\">Con sus gigantescos <strong data-start=\"2144\" data-end=\"2174\">edificios expresionistas<\/strong>, los innovadores <strong data-start=\"2195\" data-end=\"2234\">efectos especiales de Eugen Sch\u00fcfftan<\/strong> y la apasionante m\u00fasica de <strong data-start=\"2263\" data-end=\"2285\">Gottfried Huppertz<\/strong>, la pel\u00edcula est\u00e1 considerada un <strong data-start=\"2308\" data-end=\"2337\">hito en el arte cinematogr\u00e1fico<\/strong>. El cartel largo alem\u00e1n refleja la dimensi\u00f3n monumental de la obra y es hoy uno de los documentos contempor\u00e1neos m\u00e1s importantes del cartelismo cinematogr\u00e1fico internacional.<\/p>\n<hr \/>\n<table class=\"w-fit min-w-(--thread-content-width)\" data-start=\"209\" data-end=\"1700\">\n<thead data-start=\"209\" data-end=\"322\">\n<tr data-start=\"209\" data-end=\"322\">\n<th style=\"text-align: left;\" data-start=\"209\" data-end=\"239\" data-col-size=\"sm\"><strong data-start=\"211\" data-end=\"224\">Categor\u00eda<\/strong><\/th>\n<th style=\"text-align: left;\" data-start=\"239\" data-end=\"322\" data-col-size=\"md\"><strong data-start=\"241\" data-end=\"256\">Informaci\u00f3n<\/strong><\/th>\n<\/tr>\n<\/thead>\n<tbody data-start=\"438\" data-end=\"1700\">\n<tr data-start=\"438\" data-end=\"552\">\n<td data-start=\"438\" data-end=\"469\" data-col-size=\"sm\"><strong data-start=\"440\" data-end=\"461\">Tipo de cartel \/ tama\u00f1o<\/strong><\/td>\n<td data-start=\"469\" data-end=\"552\" data-col-size=\"md\">Cartel alem\u00e1n (Langbahn \/ Cartel de puerta) -\u00a0<strong data-start=\"515\" data-end=\"532\">51,5 cm * 157 cm<\/strong><\/td>\n<\/tr>\n<tr data-start=\"553\" data-end=\"666\">\n<td data-start=\"553\" data-end=\"584\" data-col-size=\"sm\"><strong data-start=\"555\" data-end=\"567\">Estreno<\/strong><\/td>\n<td data-start=\"584\" data-end=\"666\" data-col-size=\"md\">10 de enero de 1927<\/td>\n<\/tr>\n<tr data-start=\"667\" data-end=\"780\">\n<td data-start=\"667\" data-end=\"698\" data-col-size=\"sm\"><strong data-start=\"669\" data-end=\"678\">Longitud<\/strong><\/td>\n<td data-start=\"698\" data-end=\"780\" data-col-size=\"md\">153 minutos<\/td>\n<\/tr>\n<tr data-start=\"781\" data-end=\"895\">\n<td data-start=\"781\" data-end=\"812\" data-col-size=\"sm\"><strong data-start=\"783\" data-end=\"797\">Producci\u00f3n<\/strong><\/td>\n<td data-start=\"812\" data-end=\"895\" data-col-size=\"md\">Alemania - Universum Film AG (UFA)<\/td>\n<\/tr>\n<tr data-start=\"896\" data-end=\"1010\">\n<td data-start=\"896\" data-end=\"927\" data-col-size=\"sm\"><strong data-start=\"898\" data-end=\"907\">Direcci\u00f3n<\/strong><\/td>\n<td data-start=\"927\" data-end=\"1010\" data-col-size=\"md\">Fritz Lang<\/td>\n<\/tr>\n<tr data-start=\"1011\" data-end=\"1125\">\n<td data-start=\"1011\" data-end=\"1042\" data-col-size=\"sm\"><strong data-start=\"1013\" data-end=\"1025\">Gui\u00f3n<\/strong><\/td>\n<td data-start=\"1042\" data-end=\"1125\" data-col-size=\"md\">Thea von Harbou, Fritz Lang<\/td>\n<\/tr>\n<tr data-start=\"1126\" data-end=\"1240\">\n<td data-start=\"1126\" data-end=\"1157\" data-col-size=\"sm\"><strong data-start=\"1128\" data-end=\"1138\">C\u00e1mara<\/strong><\/td>\n<td data-start=\"1157\" data-end=\"1240\" data-col-size=\"md\">Karl Freund, G\u00fcnter Rittau, Walter Ruttmann<\/td>\n<\/tr>\n<tr data-start=\"1241\" data-end=\"1354\">\n<td data-start=\"1241\" data-end=\"1272\" data-col-size=\"sm\"><strong data-start=\"1243\" data-end=\"1254\">Efectos<\/strong><\/td>\n<td data-start=\"1272\" data-end=\"1354\" data-col-size=\"md\">Eugen Sch\u00fcfftan<\/td>\n<\/tr>\n<tr data-start=\"1355\" data-end=\"1469\">\n<td data-start=\"1355\" data-end=\"1386\" data-col-size=\"sm\"><strong data-start=\"1357\" data-end=\"1385\">Arquitectura cinematogr\u00e1fica \/ edificios<\/strong><\/td>\n<td data-start=\"1386\" data-end=\"1469\" data-col-size=\"md\">Otto Hunte, Erich Kettelhut, Karl Vollbrecht<\/td>\n<\/tr>\n<tr data-start=\"1470\" data-end=\"1584\">\n<td data-start=\"1470\" data-end=\"1501\" data-col-size=\"sm\"><strong data-start=\"1472\" data-end=\"1481\">M\u00fasica<\/strong><\/td>\n<td data-start=\"1501\" data-end=\"1584\" data-col-size=\"md\">Gottfried Huppertz<\/td>\n<\/tr>\n<tr data-start=\"1585\" data-end=\"1700\">\n<td data-start=\"1585\" data-end=\"1616\" data-col-size=\"sm\"><strong data-start=\"1587\" data-end=\"1600\">Fundici\u00f3n<\/strong><\/td>\n<td data-start=\"1616\" data-end=\"1700\" data-col-size=\"md\">Brigitte Helm, Gustav Fr\u00f6hlich, Alfred Abel, Rudolf Klein-Rogge, Heinrich George<\/td>\n<\/tr>\n<\/tbody>\n<\/table>","protected":false},"excerpt":{"rendered":"<div class=\"elementor-element elementor-element-2ab5cd3 elementor-widget elementor-widget-heading\" data-id=\"2ab5cd3\" data-element_type=\"widget\" data-widget_type=\"heading.default\">\n<div class=\"elementor-widget-container\">\n<h3 class=\"elementor-heading-title elementor-size-default\"><span style=\"font-size: 16px;\">Cartel alem\u00e1n (Langbahn \/ Cartel de puerta) - <\/span><strong style=\"font-size: 16px;\" data-start=\"515\" data-end=\"532\">51,5 * 157 cm<\/strong><\/h3>\n<\/div>\n<\/div>\n<div class=\"elementor-element elementor-element-85aac2d elementor-widget elementor-widget-text-editor\" data-id=\"85aac2d\" data-element_type=\"widget\" data-widget_type=\"text-editor.default\">\n<div class=\"elementor-widget-container\">\n<ul>\n<li>Impresi\u00f3n en papel de alta calidad<\/li>\n<li>M\u00e1ximo brillo del color y alta resistencia a los rayos UV<\/li>\n<li>Embalaje seguro (11 x 11 x 72 cm)<\/li>\n<\/ul>\n<\/div>\n<\/div>","protected":false},"featured_media":2752,"template":"","meta":{"site-sidebar-layout":"default","site-content-layout":"","ast-site-content-layout":"default","site-content-style":"default","site-sidebar-style":"default","ast-global-header-display":"","ast-banner-title-visibility":"","ast-main-header-display":"","ast-hfb-above-header-display":"","ast-hfb-below-header-display":"","ast-hfb-mobile-header-display":"","site-post-title":"","ast-breadcrumbs-content":"","ast-featured-img":"","footer-sml-layout":"","ast-disable-related-posts":"","theme-transparent-header-meta":"default","adv-header-id-meta":"","stick-header-meta":"","header-above-stick-meta":"","header-main-stick-meta":"","header-below-stick-meta":"","astra-migrate-meta-layouts":"set","ast-page-background-enabled":"default","ast-page-background-meta":{"desktop":{"background-color":"var(--ast-global-color-4)","background-image":"","background-repeat":"repeat","background-position":"center center","background-size":"auto","background-attachment":"scroll","background-type":"","background-media":"","overlay-type":"","overlay-color":"","overlay-opacity":"","overlay-gradient":""},"tablet":{"background-color":"","background-image":"","background-repeat":"repeat","background-position":"center center","background-size":"auto","background-attachment":"scroll","background-type":"","background-media":"","overlay-type":"","overlay-color":"","overlay-opacity":"","overlay-gradient":""},"mobile":{"background-color":"","background-image":"","background-repeat":"repeat","background-position":"center center","background-size":"auto","background-attachment":"scroll","background-type":"","background-media":"","overlay-type":"","overlay-color":"","overlay-opacity":"","overlay-gradient":""}},"ast-content-background-meta":{"desktop":{"background-color":"var(--ast-global-color-5)","background-image":"","background-repeat":"repeat","background-position":"center center","background-size":"auto","background-attachment":"scroll","background-type":"","background-media":"","overlay-type":"","overlay-color":"","overlay-opacity":"","overlay-gradient":""},"tablet":{"background-color":"var(--ast-global-color-5)","background-image":"","background-repeat":"repeat","background-position":"center center","background-size":"auto","background-attachment":"scroll","background-type":"","background-media":"","overlay-type":"","overlay-color":"","overlay-opacity":"","overlay-gradient":""},"mobile":{"background-color":"var(--ast-global-color-5)","background-image":"","background-repeat":"repeat","background-position":"center center","background-size":"auto","background-attachment":"scroll","background-type":"","background-media":"","overlay-type":"","overlay-color":"","overlay-opacity":"","overlay-gradient":""}}},"product_brand":[],"product_cat":[53],"product_tag":[],"class_list":{"0":"post-1745","1":"product","2":"type-product","3":"status-publish","4":"has-post-thumbnail","6":"product_cat-deutsche-filmplakate","7":"desktop-align-left","8":"tablet-align-left","9":"mobile-align-left","11":"first","12":"instock","13":"taxable","14":"shipping-taxable","15":"purchasable","16":"product-type-simple"},"_links":{"self":[{"href":"https:\/\/kunstmarkt-kreuzberg.com\/es\/wp-json\/wp\/v2\/product\/1745","targetHints":{"allow":["GET"]}}],"collection":[{"href":"https:\/\/kunstmarkt-kreuzberg.com\/es\/wp-json\/wp\/v2\/product"}],"about":[{"href":"https:\/\/kunstmarkt-kreuzberg.com\/es\/wp-json\/wp\/v2\/types\/product"}],"version-history":[{"count":0,"href":"https:\/\/kunstmarkt-kreuzberg.com\/es\/wp-json\/wp\/v2\/product\/1745\/revisions"}],"wp:featuredmedia":[{"embeddable":true,"href":"https:\/\/kunstmarkt-kreuzberg.com\/es\/wp-json\/wp\/v2\/media\/2752"}],"wp:attachment":[{"href":"https:\/\/kunstmarkt-kreuzberg.com\/es\/wp-json\/wp\/v2\/media?parent=1745"}],"wp:term":[{"taxonomy":"product_brand","embeddable":true,"href":"https:\/\/kunstmarkt-kreuzberg.com\/es\/wp-json\/wp\/v2\/product_brand?post=1745"},{"taxonomy":"product_cat","embeddable":true,"href":"https:\/\/kunstmarkt-kreuzberg.com\/es\/wp-json\/wp\/v2\/product_cat?post=1745"},{"taxonomy":"product_tag","embeddable":true,"href":"https:\/\/kunstmarkt-kreuzberg.com\/es\/wp-json\/wp\/v2\/product_tag?post=1745"}],"curies":[{"name":"wp","href":"https:\/\/api.w.org\/{rel}","templated":true}]}}