{"id":1739,"date":"2025-08-20T08:38:25","date_gmt":"2025-08-20T06:38:25","guid":{"rendered":"https:\/\/german-poster.com\/?post_type=product&#038;p=1739"},"modified":"2026-03-10T11:41:36","modified_gmt":"2026-03-10T10:41:36","slug":"morocco-herzen-in-flammen-1930","status":"publish","type":"product","link":"https:\/\/kunstmarkt-kreuzberg.com\/es\/product\/marruecos-corazones-en-llamas-1930\/","title":{"rendered":"Marruecos - \u201eCorazones en llamas\u201c (1930)"},"content":{"rendered":"<h2 data-start=\"1391\" data-end=\"1412\">Descripci\u00f3n de la pel\u00edcula<\/h2>\n<p>Morocco (deutscher Titel: Herzen in Flammen) erschien 1930 unter der Regie von Josef von Sternberg. Der Film erz\u00e4hlt die Liebesgeschichte zwischen der Nachtclubs\u00e4ngerin Amy Jolly (Marlene Dietrich) und dem Fremdenlegion\u00e4r Tom Brown (Gary Cooper) vor dem Hintergrund des kolonialen Nordafrika.<\/p>\n<p>Ber\u00fchmt wurde der Film durch Marlene Dietrichs ikonischen Auftritt im Frack, in dem sie auf der B\u00fchne auftritt und mit androgyner Eleganz die Grenzen damaliger Geschlechterrollen \u00fcberschreitet. Dieser Auftritt pr\u00e4gte Dietrichs Image als internationale Leinwand-Ikone und festigte ihre Zusammenarbeit mit von Sternberg, die in den 1930er-Jahren mehrere Klassiker hervorbrachte.<\/p>\n<p>Morocco gilt als ein Meilenstein des fr\u00fchen Tonfilms und als einer der Filme, mit denen Marlene Dietrich ihren Weltruhm begr\u00fcndete.<\/p>\n<hr \/>\n<p data-start=\"167\" data-end=\"196\"><strong data-start=\"167\" data-end=\"196\">Foto: Josef von Sternberg<\/strong><\/p>\n<div class=\"_tableContainer_1rjym_1\">\n<div class=\"group w-fit _tableWrapper_1rjym_13 flex flex-col-reverse\" tabindex=\"-1\">\n<table class=\"w-fit min-w-(--thread-content-width)\" data-start=\"198\" data-end=\"1384\">\n<thead data-start=\"198\" data-end=\"304\">\n<tr data-start=\"198\" data-end=\"304\">\n<th data-start=\"198\" data-end=\"221\" data-col-size=\"sm\"><strong data-start=\"200\" data-end=\"213\">Categor\u00eda<\/strong><\/th>\n<th data-start=\"221\" data-end=\"304\" data-col-size=\"sm\"><strong data-start=\"223\" data-end=\"238\">Informaci\u00f3n<\/strong><\/th>\n<\/tr>\n<\/thead>\n<tbody data-start=\"413\" data-end=\"1384\">\n<tr data-start=\"413\" data-end=\"520\">\n<td data-start=\"413\" data-end=\"437\" data-col-size=\"sm\"><strong data-start=\"415\" data-end=\"433\">Formato \/ Tama\u00f1o<\/strong><\/td>\n<td data-start=\"437\" data-end=\"520\" data-col-size=\"sm\">Foto:Josef von Sternberg, <strong>59,4cm x 84,1cm, DIN A1<\/strong><\/td>\n<\/tr>\n<tr data-start=\"521\" data-end=\"628\">\n<td data-start=\"521\" data-end=\"545\" data-col-size=\"sm\"><strong data-start=\"523\" data-end=\"537\">Producci\u00f3n<\/strong><\/td>\n<td data-start=\"545\" data-end=\"628\" data-col-size=\"sm\">EE.UU.<\/td>\n<\/tr>\n<tr data-start=\"629\" data-end=\"736\">\n<td data-start=\"629\" data-end=\"653\" data-col-size=\"sm\"><strong data-start=\"631\" data-end=\"642\">Idioma<\/strong><\/td>\n<td data-start=\"653\" data-end=\"736\" data-col-size=\"sm\">Ingl\u00e9s<\/td>\n<\/tr>\n<tr data-start=\"737\" data-end=\"844\">\n<td data-start=\"737\" data-end=\"761\" data-col-size=\"sm\"><strong data-start=\"739\" data-end=\"748\">Longitud<\/strong><\/td>\n<td data-start=\"761\" data-end=\"844\" data-col-size=\"sm\">88 minutos<\/td>\n<\/tr>\n<tr data-start=\"845\" data-end=\"952\">\n<td data-start=\"845\" data-end=\"869\" data-col-size=\"sm\"><strong data-start=\"847\" data-end=\"856\">Direcci\u00f3n<\/strong><\/td>\n<td data-start=\"869\" data-end=\"952\" data-col-size=\"sm\">Josef von Sternberg<\/td>\n<\/tr>\n<tr data-start=\"953\" data-end=\"1060\">\n<td data-start=\"953\" data-end=\"977\" data-col-size=\"sm\"><strong data-start=\"955\" data-end=\"967\">Gui\u00f3n<\/strong><\/td>\n<td data-start=\"977\" data-end=\"1060\" data-col-size=\"sm\">Jules Furthman<\/td>\n<\/tr>\n<tr data-start=\"1061\" data-end=\"1168\">\n<td data-start=\"1061\" data-end=\"1085\" data-col-size=\"sm\"><strong data-start=\"1063\" data-end=\"1073\">C\u00e1mara<\/strong><\/td>\n<td data-start=\"1085\" data-end=\"1168\" data-col-size=\"sm\">Lee Garmes, Lucien Ballard (asistencia)<\/td>\n<\/tr>\n<tr data-start=\"1169\" data-end=\"1276\">\n<td data-start=\"1169\" data-end=\"1193\" data-col-size=\"sm\"><strong data-start=\"1171\" data-end=\"1180\">M\u00fasica<\/strong><\/td>\n<td data-start=\"1193\" data-end=\"1276\" data-col-size=\"sm\">Karl Hajos<\/td>\n<\/tr>\n<tr data-start=\"1277\" data-end=\"1384\">\n<td data-start=\"1277\" data-end=\"1301\" data-col-size=\"sm\"><strong data-start=\"1279\" data-end=\"1292\">Fundici\u00f3n<\/strong><\/td>\n<td data-start=\"1301\" data-end=\"1384\" data-col-size=\"sm\">Gary Cooper, Marlene Dietrich<\/td>\n<\/tr>\n<\/tbody>\n<\/table>\n<\/div>\n<\/div>","protected":false},"excerpt":{"rendered":"<p><strong>Foto: Josef von Sternberg<\/strong> <strong style=\"font-size: 16px;\" data-start=\"515\" data-end=\"532\">\u2014 59,4cm x 84,1cm, DIN A1<\/strong><\/p>\n<ul>\n<li>Druck auf Premiumpapier, 250 g, matt<\/li>\n<li>M\u00e1ximo brillo del color y alta resistencia a los rayos UV<\/li>\n<li>Embalaje seguro (11 x 11 x 72 cm)<\/li>\n<\/ul>\n<div class=\"_tableContainer_1rjym_1\">\n<div class=\"group w-fit _tableWrapper_1rjym_13 flex flex-col-reverse\" tabindex=\"-1\"><\/div>\n<\/div>","protected":false},"featured_media":2751,"template":"","meta":{"site-sidebar-layout":"default","site-content-layout":"","ast-site-content-layout":"default","site-content-style":"default","site-sidebar-style":"default","ast-global-header-display":"","ast-banner-title-visibility":"","ast-main-header-display":"","ast-hfb-above-header-display":"","ast-hfb-below-header-display":"","ast-hfb-mobile-header-display":"","site-post-title":"","ast-breadcrumbs-content":"","ast-featured-img":"","footer-sml-layout":"","ast-disable-related-posts":"","theme-transparent-header-meta":"default","adv-header-id-meta":"","stick-header-meta":"","header-above-stick-meta":"","header-main-stick-meta":"","header-below-stick-meta":"","astra-migrate-meta-layouts":"set","ast-page-background-enabled":"default","ast-page-background-meta":{"desktop":{"background-color":"var(--ast-global-color-4)","background-image":"","background-repeat":"repeat","background-position":"center center","background-size":"auto","background-attachment":"scroll","background-type":"","background-media":"","overlay-type":"","overlay-color":"","overlay-opacity":"","overlay-gradient":""},"tablet":{"background-color":"","background-image":"","background-repeat":"repeat","background-position":"center center","background-size":"auto","background-attachment":"scroll","background-type":"","background-media":"","overlay-type":"","overlay-color":"","overlay-opacity":"","overlay-gradient":""},"mobile":{"background-color":"","background-image":"","background-repeat":"repeat","background-position":"center center","background-size":"auto","background-attachment":"scroll","background-type":"","background-media":"","overlay-type":"","overlay-color":"","overlay-opacity":"","overlay-gradient":""}},"ast-content-background-meta":{"desktop":{"background-color":"var(--ast-global-color-5)","background-image":"","background-repeat":"repeat","background-position":"center center","background-size":"auto","background-attachment":"scroll","background-type":"","background-media":"","overlay-type":"","overlay-color":"","overlay-opacity":"","overlay-gradient":""},"tablet":{"background-color":"var(--ast-global-color-5)","background-image":"","background-repeat":"repeat","background-position":"center center","background-size":"auto","background-attachment":"scroll","background-type":"","background-media":"","overlay-type":"","overlay-color":"","overlay-opacity":"","overlay-gradient":""},"mobile":{"background-color":"var(--ast-global-color-5)","background-image":"","background-repeat":"repeat","background-position":"center center","background-size":"auto","background-attachment":"scroll","background-type":"","background-media":"","overlay-type":"","overlay-color":"","overlay-opacity":"","overlay-gradient":""}}},"product_brand":[],"product_cat":[53],"product_tag":[],"class_list":{"0":"post-1739","1":"product","2":"type-product","3":"status-publish","4":"has-post-thumbnail","6":"product_cat-deutsche-filmplakate","7":"desktop-align-left","8":"tablet-align-left","9":"mobile-align-left","11":"first","12":"instock","13":"taxable","14":"shipping-taxable","15":"purchasable","16":"product-type-simple"},"_links":{"self":[{"href":"https:\/\/kunstmarkt-kreuzberg.com\/es\/wp-json\/wp\/v2\/product\/1739","targetHints":{"allow":["GET"]}}],"collection":[{"href":"https:\/\/kunstmarkt-kreuzberg.com\/es\/wp-json\/wp\/v2\/product"}],"about":[{"href":"https:\/\/kunstmarkt-kreuzberg.com\/es\/wp-json\/wp\/v2\/types\/product"}],"version-history":[{"count":0,"href":"https:\/\/kunstmarkt-kreuzberg.com\/es\/wp-json\/wp\/v2\/product\/1739\/revisions"}],"wp:featuredmedia":[{"embeddable":true,"href":"https:\/\/kunstmarkt-kreuzberg.com\/es\/wp-json\/wp\/v2\/media\/2751"}],"wp:attachment":[{"href":"https:\/\/kunstmarkt-kreuzberg.com\/es\/wp-json\/wp\/v2\/media?parent=1739"}],"wp:term":[{"taxonomy":"product_brand","embeddable":true,"href":"https:\/\/kunstmarkt-kreuzberg.com\/es\/wp-json\/wp\/v2\/product_brand?post=1739"},{"taxonomy":"product_cat","embeddable":true,"href":"https:\/\/kunstmarkt-kreuzberg.com\/es\/wp-json\/wp\/v2\/product_cat?post=1739"},{"taxonomy":"product_tag","embeddable":true,"href":"https:\/\/kunstmarkt-kreuzberg.com\/es\/wp-json\/wp\/v2\/product_tag?post=1739"}],"curies":[{"name":"wp","href":"https:\/\/api.w.org\/{rel}","templated":true}]}}