{"id":1704,"date":"2025-07-30T16:40:22","date_gmt":"2025-07-30T14:40:22","guid":{"rendered":"https:\/\/german-poster.com\/?post_type=product&#038;p=1704"},"modified":"2026-03-10T11:45:03","modified_gmt":"2026-03-10T10:45:03","slug":"die-angst-des-tormanns-beim-elfmeter-deutsches-plakat-1972","status":"publish","type":"product","link":"https:\/\/kunstmarkt-kreuzberg.com\/es\/product\/el-miedo-del-portero-al-penalti-poster-aleman-1972\/","title":{"rendered":"El miedo del portero al penalti - cartel alem\u00e1n (1972)"},"content":{"rendered":"<h2 data-start=\"1553\" data-end=\"1574\">Descripci\u00f3n de la pel\u00edcula<\/h2>\n<p data-start=\"1576\" data-end=\"1908\" class=\"translation-block\">La pel\u00edcula de Wim Wenders <em>El miedo del portero al penalti<\/em> est\u00e1 basada en el relato hom\u00f3nimo de <strong data-start=\"1672\" data-end=\"1688\">Peter Handke<\/strong> y fue publicado en 1972. La pel\u00edcula cuenta la historia del ex portero de f\u00fatbol <strong data-start=\"1771\" data-end=\"1786\">Josef Bloch<\/strong> (interpretado por Arthur Brauss), que vaga sin rumbo por Viena tras ser expulsado y acaba cometiendo un asesinato.<\/p>\n<p data-start=\"1910\" data-end=\"2302\" class=\"translation-block\">Con su estilo narrativo tranquilo, casi lac\u00f3nico, el preciso trabajo de c\u00e1mara de <strong data-start=\"1990\" data-end=\"2006\">Robby M\u00fcller<\/strong> y el estilo minimalista y po\u00e9tico, Wenders muestra a un protagonista cada vez m\u00e1s alejado de la realidad. La pel\u00edcula se considera una importante contribuci\u00f3n al <strong data-start=\"2173\" data-end=\"2198\">Nuevo Cine Alem\u00e1n<\/strong> y marca tambi\u00e9n el inicio de la estrecha colaboraci\u00f3n art\u00edstica entre Wenders y Handke.<\/p>\n<hr \/>\n<table>\n<thead data-start=\"228\" data-end=\"336\">\n<tr data-start=\"228\" data-end=\"336\">\n<th style=\"text-align: left;\" data-start=\"228\" data-end=\"253\" data-col-size=\"sm\"><strong data-start=\"230\" data-end=\"243\">Categor\u00eda<\/strong><\/th>\n<th style=\"text-align: left;\" data-start=\"253\" data-end=\"336\" data-col-size=\"md\"><strong data-start=\"255\" data-end=\"270\">Informaci\u00f3n<\/strong><\/th>\n<\/tr>\n<\/thead>\n<\/table>\n<div>\n<table>\n<tbody>\n<tr data-start=\"447\" data-end=\"556\">\n<td data-start=\"447\" data-end=\"472\" data-col-size=\"sm\"><strong data-start=\"449\" data-end=\"470\">Tipo de cartel \/ tama\u00f1o<\/strong><\/td>\n<td data-start=\"472\" data-end=\"556\" data-col-size=\"md\">Cartel alem\u00e1n - <strong style=\"font-size: 16px; font-family: inherit;\">59,4cm x 84,1cm, DIN A1<\/strong><\/td>\n<\/tr>\n<\/tbody>\n<\/table>\n<\/div>\n<div>\n<table>\n<tbody>\n<tr data-start=\"557\" data-end=\"666\">\n<td data-start=\"557\" data-end=\"583\" data-col-size=\"sm\"><strong data-start=\"559\" data-end=\"578\">Pa\u00eds de producci\u00f3n<\/strong><\/td>\n<td data-start=\"583\" data-end=\"666\" data-col-size=\"md\">Alemania - Austria<\/td>\n<\/tr>\n<\/tbody>\n<\/table>\n<\/div>\n<div>\n<table>\n<tbody>\n<tr data-start=\"667\" data-end=\"776\">\n<td data-start=\"667\" data-end=\"693\" data-col-size=\"sm\"><strong data-start=\"669\" data-end=\"680\">Idioma<\/strong><\/td>\n<td data-start=\"693\" data-end=\"776\" data-col-size=\"md\">Alem\u00e1n<\/td>\n<\/tr>\n<\/tbody>\n<\/table>\n<\/div>\n<div>\n<table>\n<tbody>\n<tr data-start=\"777\" data-end=\"886\">\n<td data-start=\"777\" data-end=\"803\" data-col-size=\"sm\"><strong data-start=\"779\" data-end=\"799\">A\u00f1o de publicaci\u00f3n<\/strong><\/td>\n<td data-start=\"803\" data-end=\"886\" data-col-size=\"md\">1972<\/td>\n<\/tr>\n<\/tbody>\n<\/table>\n<\/div>\n<div>\n<table>\n<tbody>\n<tr data-start=\"887\" data-end=\"996\">\n<td data-start=\"887\" data-end=\"913\" data-col-size=\"sm\"><strong data-start=\"889\" data-end=\"898\">Longitud<\/strong><\/td>\n<td data-start=\"913\" data-end=\"996\" data-col-size=\"md\">100 minutos<\/td>\n<\/tr>\n<\/tbody>\n<\/table>\n<\/div>\n<div>\n<table>\n<tbody>\n<tr data-start=\"997\" data-end=\"1106\">\n<td data-start=\"997\" data-end=\"1023\" data-col-size=\"sm\"><strong data-start=\"999\" data-end=\"1008\">Direcci\u00f3n<\/strong><\/td>\n<td data-start=\"1023\" data-end=\"1106\" data-col-size=\"md\">Wim Wenders<\/td>\n<\/tr>\n<\/tbody>\n<\/table>\n<\/div>\n<div>\n<table>\n<tbody>\n<tr data-start=\"1107\" data-end=\"1216\">\n<td data-start=\"1107\" data-end=\"1133\" data-col-size=\"sm\"><strong data-start=\"1109\" data-end=\"1121\">Gui\u00f3n<\/strong><\/td>\n<td data-start=\"1133\" data-end=\"1216\" data-col-size=\"md\">Wim Wenders - basado en la historia de Peter Handke<\/td>\n<\/tr>\n<\/tbody>\n<\/table>\n<\/div>\n<div>\n<table>\n<tbody>\n<tr data-start=\"1217\" data-end=\"1326\">\n<td data-start=\"1217\" data-end=\"1243\" data-col-size=\"sm\"><strong data-start=\"1219\" data-end=\"1229\">C\u00e1mara<\/strong><\/td>\n<td data-start=\"1243\" data-end=\"1326\" data-col-size=\"md\">Robby M\u00fcller<\/td>\n<\/tr>\n<\/tbody>\n<\/table>\n<\/div>\n<div>\n<table>\n<tbody>\n<tr data-start=\"1327\" data-end=\"1436\">\n<td data-start=\"1327\" data-end=\"1353\" data-col-size=\"sm\"><strong data-start=\"1329\" data-end=\"1340\">Corte<\/strong><\/td>\n<td data-start=\"1353\" data-end=\"1436\" data-col-size=\"md\">Peter Przygodda<\/td>\n<\/tr>\n<\/tbody>\n<\/table>\n<\/div>\n<div>\n<table>\n<tbody>\n<tr data-start=\"1437\" data-end=\"1546\">\n<td data-start=\"1437\" data-end=\"1463\" data-col-size=\"sm\"><strong data-start=\"1439\" data-end=\"1452\">Fundici\u00f3n<\/strong><\/td>\n<td data-start=\"1463\" data-end=\"1546\" data-col-size=\"md\">Erika Pluhar, Arthur Brauss, Libgart Schwarz, Kai Fischer<\/td>\n<\/tr>\n<\/tbody>\n<\/table>\n<\/div>","protected":false},"excerpt":{"rendered":"<p><strong data-start=\"515\" data-end=\"532\">Deutsches Plakat \u2014 59,4cm x 84,1cm, DIN A1<\/strong><\/p>\n<ul>\n<li>Druck auf Premiumpapier, 250 g, matt<\/li>\n<li>M\u00e1ximo brillo del color y alta resistencia a los rayos UV<\/li>\n<li>Embalaje seguro (11 x 11 x 72 cm)<\/li>\n<\/ul>","protected":false},"featured_media":2748,"template":"","meta":{"site-sidebar-layout":"default","site-content-layout":"","ast-site-content-layout":"default","site-content-style":"default","site-sidebar-style":"default","ast-global-header-display":"","ast-banner-title-visibility":"","ast-main-header-display":"","ast-hfb-above-header-display":"","ast-hfb-below-header-display":"","ast-hfb-mobile-header-display":"","site-post-title":"","ast-breadcrumbs-content":"","ast-featured-img":"","footer-sml-layout":"","ast-disable-related-posts":"","theme-transparent-header-meta":"default","adv-header-id-meta":"","stick-header-meta":"","header-above-stick-meta":"","header-main-stick-meta":"","header-below-stick-meta":"","astra-migrate-meta-layouts":"set","ast-page-background-enabled":"default","ast-page-background-meta":{"desktop":{"background-color":"var(--ast-global-color-4)","background-image":"","background-repeat":"repeat","background-position":"center center","background-size":"auto","background-attachment":"scroll","background-type":"","background-media":"","overlay-type":"","overlay-color":"","overlay-opacity":"","overlay-gradient":""},"tablet":{"background-color":"","background-image":"","background-repeat":"repeat","background-position":"center center","background-size":"auto","background-attachment":"scroll","background-type":"","background-media":"","overlay-type":"","overlay-color":"","overlay-opacity":"","overlay-gradient":""},"mobile":{"background-color":"","background-image":"","background-repeat":"repeat","background-position":"center center","background-size":"auto","background-attachment":"scroll","background-type":"","background-media":"","overlay-type":"","overlay-color":"","overlay-opacity":"","overlay-gradient":""}},"ast-content-background-meta":{"desktop":{"background-color":"var(--ast-global-color-5)","background-image":"","background-repeat":"repeat","background-position":"center center","background-size":"auto","background-attachment":"scroll","background-type":"","background-media":"","overlay-type":"","overlay-color":"","overlay-opacity":"","overlay-gradient":""},"tablet":{"background-color":"var(--ast-global-color-5)","background-image":"","background-repeat":"repeat","background-position":"center center","background-size":"auto","background-attachment":"scroll","background-type":"","background-media":"","overlay-type":"","overlay-color":"","overlay-opacity":"","overlay-gradient":""},"mobile":{"background-color":"var(--ast-global-color-5)","background-image":"","background-repeat":"repeat","background-position":"center center","background-size":"auto","background-attachment":"scroll","background-type":"","background-media":"","overlay-type":"","overlay-color":"","overlay-opacity":"","overlay-gradient":""}}},"product_brand":[],"product_cat":[53],"product_tag":[],"class_list":{"0":"post-1704","1":"product","2":"type-product","3":"status-publish","4":"has-post-thumbnail","6":"product_cat-deutsche-filmplakate","7":"desktop-align-left","8":"tablet-align-left","9":"mobile-align-left","11":"first","12":"instock","13":"taxable","14":"shipping-taxable","15":"purchasable","16":"product-type-simple"},"_links":{"self":[{"href":"https:\/\/kunstmarkt-kreuzberg.com\/es\/wp-json\/wp\/v2\/product\/1704","targetHints":{"allow":["GET"]}}],"collection":[{"href":"https:\/\/kunstmarkt-kreuzberg.com\/es\/wp-json\/wp\/v2\/product"}],"about":[{"href":"https:\/\/kunstmarkt-kreuzberg.com\/es\/wp-json\/wp\/v2\/types\/product"}],"version-history":[{"count":0,"href":"https:\/\/kunstmarkt-kreuzberg.com\/es\/wp-json\/wp\/v2\/product\/1704\/revisions"}],"wp:featuredmedia":[{"embeddable":true,"href":"https:\/\/kunstmarkt-kreuzberg.com\/es\/wp-json\/wp\/v2\/media\/2748"}],"wp:attachment":[{"href":"https:\/\/kunstmarkt-kreuzberg.com\/es\/wp-json\/wp\/v2\/media?parent=1704"}],"wp:term":[{"taxonomy":"product_brand","embeddable":true,"href":"https:\/\/kunstmarkt-kreuzberg.com\/es\/wp-json\/wp\/v2\/product_brand?post=1704"},{"taxonomy":"product_cat","embeddable":true,"href":"https:\/\/kunstmarkt-kreuzberg.com\/es\/wp-json\/wp\/v2\/product_cat?post=1704"},{"taxonomy":"product_tag","embeddable":true,"href":"https:\/\/kunstmarkt-kreuzberg.com\/es\/wp-json\/wp\/v2\/product_tag?post=1704"}],"curies":[{"name":"wp","href":"https:\/\/api.w.org\/{rel}","templated":true}]}}