{"id":1701,"date":"2025-08-15T16:37:16","date_gmt":"2025-08-15T14:37:16","guid":{"rendered":"https:\/\/german-poster.com\/?post_type=product&#038;p=1701"},"modified":"2026-03-10T11:44:47","modified_gmt":"2026-03-10T10:44:47","slug":"der-blaue-engel-deutsches-plakat-1930","status":"publish","type":"product","link":"https:\/\/kunstmarkt-kreuzberg.com\/es\/product\/el-angel-azul-cartel-aleman-1930\/","title":{"rendered":"El \u00e1ngel azul - cartel alem\u00e1n (1930)"},"content":{"rendered":"<h2 data-start=\"1805\" data-end=\"1826\">Descripci\u00f3n de la pel\u00edcula<\/h2>\n<p data-start=\"1828\" data-end=\"2211\" class=\"translation-block\"><em data-start=\"1828\" data-end=\"1845\">El \u00e1ngel azul<\/em> es una <strong data-start=\"1855\" data-end=\"1878\">adaptaci\u00f3n literaria<\/strong> de la novela <em data-start=\"1890\" data-end=\"1907\">El profesor Unrat<\/em> de Heinrich Mann y se estren\u00f3 en 1930 bajo la direcci\u00f3n de <strong data-start=\"1964\" data-end=\"1987\">Josef von Sternberg<\/strong>. La pel\u00edcula narra la tr\u00e1gica historia del profesor de instituto Immanuel Rath (interpretado por Emil Jannings), cuya apasionada relaci\u00f3n con la cantante de bar <strong data-start=\"2159\" data-end=\"2172\">Lola Lola<\/strong> le lleva a la marginaci\u00f3n social.<\/p>\n<p data-start=\"2213\" data-end=\"2601\" class=\"translation-block\">La pel\u00edcula supuso la irrupci\u00f3n internacional de <strong data-start=\"2267\" data-end=\"2287\">Marlene Dietrich<\/strong>, que se convirti\u00f3 en un icono del cine sonoro con su canci\u00f3n <em data-start=\"2308\" data-end=\"2358\">\u201eIch bin von Kopf bis Fu\u00df auf Liebe eingestellt\u201c<\/em>. Con su mezcla de cr\u00edtica social, melodrama y puesta en escena musical, <em data-start=\"2472\" data-end=\"2489\">El \u00e1ngel azul<\/em> est\u00e1 considerada una de las <strong data-start=\"2504\" data-end=\"2559\">pel\u00edculas alemanas m\u00e1s importantes de la Rep\u00fablica de Weimar<\/strong> y un hito en la historia del cine.<\/p>\n<hr \/>\n<table>\n<thead data-start=\"174\" data-end=\"280\">\n<tr data-start=\"174\" data-end=\"280\">\n<th style=\"text-align: left;\" data-start=\"174\" data-end=\"197\" data-col-size=\"sm\"><strong data-start=\"176\" data-end=\"189\">Categor\u00eda<\/strong><\/th>\n<th style=\"text-align: left;\" data-start=\"197\" data-end=\"280\" data-col-size=\"md\"><strong data-start=\"199\" data-end=\"214\">Informaci\u00f3n<\/strong><\/th>\n<\/tr>\n<\/thead>\n<\/table>\n<div>\n<table>\n<tbody>\n<tr data-start=\"389\" data-end=\"496\">\n<td data-start=\"389\" data-end=\"413\" data-col-size=\"sm\"><strong data-start=\"391\" data-end=\"412\">Tipo de cartel \/ tama\u00f1o<\/strong><\/td>\n<td data-start=\"413\" data-end=\"496\" data-col-size=\"md\">Cartel alem\u00e1n - <strong>70 cm x 100 cm<\/strong><\/td>\n<\/tr>\n<\/tbody>\n<\/table>\n<\/div>\n<div>\n<table>\n<tbody>\n<tr data-start=\"497\" data-end=\"604\">\n<td data-start=\"497\" data-end=\"521\" data-col-size=\"sm\"><strong data-start=\"499\" data-end=\"513\">Producci\u00f3n<\/strong><\/td>\n<td data-start=\"521\" data-end=\"604\" data-col-size=\"md\">Alemania - Universal Film AG (UFA), Erich Pommer<\/td>\n<\/tr>\n<\/tbody>\n<\/table>\n<\/div>\n<div>\n<table>\n<tbody>\n<tr data-start=\"605\" data-end=\"712\">\n<td data-start=\"605\" data-end=\"629\" data-col-size=\"sm\"><strong data-start=\"607\" data-end=\"618\">Idioma<\/strong><\/td>\n<td data-start=\"629\" data-end=\"712\" data-col-size=\"md\">Alem\u00e1n<\/td>\n<\/tr>\n<\/tbody>\n<\/table>\n<\/div>\n<div>\n<table>\n<tbody>\n<tr data-start=\"713\" data-end=\"819\">\n<td data-start=\"713\" data-end=\"737\" data-col-size=\"sm\"><strong data-start=\"715\" data-end=\"727\">Estreno<\/strong><\/td>\n<td data-start=\"737\" data-end=\"819\" data-col-size=\"md\">1 de abril de 1930 (Alemania) - 5 de diciembre de 1930 (versi\u00f3n inglesa en Nueva York)<\/td>\n<\/tr>\n<\/tbody>\n<\/table>\n<\/div>\n<div>\n<table>\n<tbody>\n<tr data-start=\"820\" data-end=\"926\">\n<td data-start=\"820\" data-end=\"844\" data-col-size=\"sm\"><strong data-start=\"822\" data-end=\"831\">Longitud<\/strong><\/td>\n<td data-start=\"844\" data-end=\"926\" data-col-size=\"md\">107 - 124 minutos<\/td>\n<\/tr>\n<\/tbody>\n<\/table>\n<\/div>\n<div>\n<table>\n<tbody>\n<tr data-start=\"927\" data-end=\"1034\">\n<td data-start=\"927\" data-end=\"951\" data-col-size=\"sm\"><strong data-start=\"929\" data-end=\"938\">Direcci\u00f3n<\/strong><\/td>\n<td data-start=\"951\" data-end=\"1034\" data-col-size=\"md\">Josef von Sternberg<\/td>\n<\/tr>\n<\/tbody>\n<\/table>\n<\/div>\n<div>\n<table>\n<tbody>\n<tr data-start=\"1035\" data-end=\"1142\">\n<td data-start=\"1035\" data-end=\"1059\" data-col-size=\"sm\"><strong data-start=\"1037\" data-end=\"1049\">Gui\u00f3n<\/strong><\/td>\n<td data-start=\"1059\" data-end=\"1142\" data-col-size=\"md\">Carl Zuckmayer, Karl Gustav Vollmoeller, Robert Liebmann<\/td>\n<\/tr>\n<\/tbody>\n<\/table>\n<\/div>\n<div>\n<table>\n<tbody>\n<tr data-start=\"1143\" data-end=\"1250\">\n<td data-start=\"1143\" data-end=\"1167\" data-col-size=\"sm\"><strong data-start=\"1145\" data-end=\"1155\">C\u00e1mara<\/strong><\/td>\n<td data-start=\"1167\" data-end=\"1250\" data-col-size=\"md\">G\u00fcnter Rittau - Hans Schneeberger (versi\u00f3n inglesa)<\/td>\n<\/tr>\n<\/tbody>\n<\/table>\n<\/div>\n<div>\n<table>\n<tbody>\n<tr data-start=\"1251\" data-end=\"1358\">\n<td data-start=\"1251\" data-end=\"1275\" data-col-size=\"sm\"><strong data-start=\"1253\" data-end=\"1264\">Corte<\/strong><\/td>\n<td data-start=\"1275\" data-end=\"1358\" data-col-size=\"md\">Sam Winston, Walter Klee<\/td>\n<\/tr>\n<\/tbody>\n<\/table>\n<\/div>\n<div>\n<table>\n<tbody>\n<tr data-start=\"1359\" data-end=\"1466\">\n<td data-start=\"1359\" data-end=\"1383\" data-col-size=\"sm\"><strong data-start=\"1361\" data-end=\"1370\">M\u00fasica<\/strong><\/td>\n<td data-start=\"1383\" data-end=\"1466\" data-col-size=\"md\">Friedrich Holl\u00e4nder<\/td>\n<\/tr>\n<\/tbody>\n<\/table>\n<\/div>\n<div>\n<table>\n<tbody>\n<tr data-start=\"1467\" data-end=\"1574\">\n<td data-start=\"1467\" data-end=\"1491\" data-col-size=\"sm\"><strong data-start=\"1469\" data-end=\"1479\">Edificios<\/strong><\/td>\n<td data-start=\"1491\" data-end=\"1574\" data-col-size=\"md\">Otto Hunte, Emil Hasler<\/td>\n<\/tr>\n<\/tbody>\n<\/table>\n<\/div>\n<div>\n<table>\n<tbody>\n<tr data-start=\"1575\" data-end=\"1682\">\n<td data-start=\"1575\" data-end=\"1599\" data-col-size=\"sm\"><strong data-start=\"1577\" data-end=\"1584\">Sonido<\/strong><\/td>\n<td data-start=\"1599\" data-end=\"1682\" data-col-size=\"md\">Fritz Thiery<\/td>\n<\/tr>\n<\/tbody>\n<\/table>\n<\/div>\n<div>\n<table>\n<tbody>\n<tr data-start=\"1683\" data-end=\"1798\">\n<td data-start=\"1683\" data-end=\"1707\" data-col-size=\"sm\"><strong data-start=\"1685\" data-end=\"1698\">Fundici\u00f3n<\/strong><\/td>\n<td data-start=\"1707\" data-end=\"1798\" data-col-size=\"md\">Marlene Dietrich, Emil Jannings, Kurt Gerron, Rosa Valetti, Hans Albers, Reinhold Bernt<\/td>\n<\/tr>\n<\/tbody>\n<\/table>\n<\/div>","protected":false},"excerpt":{"rendered":"<p><strong>Cartel alem\u00e1n<\/strong> \u2014 <strong>70 \u00d7 100 cm<\/strong><\/p>\n<ul>\n<li>Druck auf Premiumpapier, 200 g, matt<\/li>\n<li>stark gepixelt, k\u00f6nnte dem Zustand des Originals geschuldet sein<\/li>\n<li>Embalaje seguro (11 x 11 x 72 cm)<\/li>\n<\/ul>","protected":false},"featured_media":2747,"template":"","meta":{"site-sidebar-layout":"default","site-content-layout":"","ast-site-content-layout":"default","site-content-style":"default","site-sidebar-style":"default","ast-global-header-display":"","ast-banner-title-visibility":"","ast-main-header-display":"","ast-hfb-above-header-display":"","ast-hfb-below-header-display":"","ast-hfb-mobile-header-display":"","site-post-title":"","ast-breadcrumbs-content":"","ast-featured-img":"","footer-sml-layout":"","ast-disable-related-posts":"","theme-transparent-header-meta":"default","adv-header-id-meta":"","stick-header-meta":"","header-above-stick-meta":"","header-main-stick-meta":"","header-below-stick-meta":"","astra-migrate-meta-layouts":"set","ast-page-background-enabled":"default","ast-page-background-meta":{"desktop":{"background-color":"var(--ast-global-color-4)","background-image":"","background-repeat":"repeat","background-position":"center center","background-size":"auto","background-attachment":"scroll","background-type":"","background-media":"","overlay-type":"","overlay-color":"","overlay-opacity":"","overlay-gradient":""},"tablet":{"background-color":"","background-image":"","background-repeat":"repeat","background-position":"center center","background-size":"auto","background-attachment":"scroll","background-type":"","background-media":"","overlay-type":"","overlay-color":"","overlay-opacity":"","overlay-gradient":""},"mobile":{"background-color":"","background-image":"","background-repeat":"repeat","background-position":"center center","background-size":"auto","background-attachment":"scroll","background-type":"","background-media":"","overlay-type":"","overlay-color":"","overlay-opacity":"","overlay-gradient":""}},"ast-content-background-meta":{"desktop":{"background-color":"var(--ast-global-color-5)","background-image":"","background-repeat":"repeat","background-position":"center center","background-size":"auto","background-attachment":"scroll","background-type":"","background-media":"","overlay-type":"","overlay-color":"","overlay-opacity":"","overlay-gradient":""},"tablet":{"background-color":"var(--ast-global-color-5)","background-image":"","background-repeat":"repeat","background-position":"center center","background-size":"auto","background-attachment":"scroll","background-type":"","background-media":"","overlay-type":"","overlay-color":"","overlay-opacity":"","overlay-gradient":""},"mobile":{"background-color":"var(--ast-global-color-5)","background-image":"","background-repeat":"repeat","background-position":"center center","background-size":"auto","background-attachment":"scroll","background-type":"","background-media":"","overlay-type":"","overlay-color":"","overlay-opacity":"","overlay-gradient":""}}},"product_brand":[],"product_cat":[53],"product_tag":[],"class_list":{"0":"post-1701","1":"product","2":"type-product","3":"status-publish","4":"has-post-thumbnail","6":"product_cat-deutsche-filmplakate","7":"desktop-align-left","8":"tablet-align-left","9":"mobile-align-left","11":"first","12":"instock","13":"taxable","14":"shipping-taxable","15":"purchasable","16":"product-type-simple"},"_links":{"self":[{"href":"https:\/\/kunstmarkt-kreuzberg.com\/es\/wp-json\/wp\/v2\/product\/1701","targetHints":{"allow":["GET"]}}],"collection":[{"href":"https:\/\/kunstmarkt-kreuzberg.com\/es\/wp-json\/wp\/v2\/product"}],"about":[{"href":"https:\/\/kunstmarkt-kreuzberg.com\/es\/wp-json\/wp\/v2\/types\/product"}],"version-history":[{"count":0,"href":"https:\/\/kunstmarkt-kreuzberg.com\/es\/wp-json\/wp\/v2\/product\/1701\/revisions"}],"wp:featuredmedia":[{"embeddable":true,"href":"https:\/\/kunstmarkt-kreuzberg.com\/es\/wp-json\/wp\/v2\/media\/2747"}],"wp:attachment":[{"href":"https:\/\/kunstmarkt-kreuzberg.com\/es\/wp-json\/wp\/v2\/media?parent=1701"}],"wp:term":[{"taxonomy":"product_brand","embeddable":true,"href":"https:\/\/kunstmarkt-kreuzberg.com\/es\/wp-json\/wp\/v2\/product_brand?post=1701"},{"taxonomy":"product_cat","embeddable":true,"href":"https:\/\/kunstmarkt-kreuzberg.com\/es\/wp-json\/wp\/v2\/product_cat?post=1701"},{"taxonomy":"product_tag","embeddable":true,"href":"https:\/\/kunstmarkt-kreuzberg.com\/es\/wp-json\/wp\/v2\/product_tag?post=1701"}],"curies":[{"name":"wp","href":"https:\/\/api.w.org\/{rel}","templated":true}]}}