{"id":1697,"date":"2025-08-25T16:32:18","date_gmt":"2025-08-25T14:32:18","guid":{"rendered":"https:\/\/german-poster.com\/?post_type=product&#038;p=1697"},"modified":"2026-03-10T11:41:58","modified_gmt":"2026-03-10T10:41:58","slug":"das-cabinet-des-dr-caligari-deutsches-plakat-1920","status":"publish","type":"product","link":"https:\/\/kunstmarkt-kreuzberg.com\/es\/product\/el-gabinete-del-dr-caligari-cartel-aleman-1920\/","title":{"rendered":"El gabinete del Dr. Caligari - cartel alem\u00e1n (1920)"},"content":{"rendered":"<h2 data-start=\"1853\" data-end=\"1874\">Descripci\u00f3n de la pel\u00edcula<\/h2>\n<p>Das Cabinet des Dr. Caligari gilt als Meilenstein des deutschen Expressionismus und als einer der einflussreichsten Horrorfilme der Filmgeschichte. Der Film erz\u00e4hlt die Geschichte des mysteri\u00f6sen Dr. Caligari, der mit Hilfe des Somnambulen Cesare eine Serie von Morden begeht.<\/p>\n<p>Die expressionistische Bildgestaltung mit verzerrten Kulissen, schr\u00e4gen Perspektiven und grellen Kontrasten vermittelt eine alptraumhafte Atmosph\u00e4re, die das Innenleben der Figuren widerspiegelt. Regisseur Robert Wiene schuf damit ein Werk, das bis heute als stilpr\u00e4gend f\u00fcr das Horrorgenre und den expressionistischen Film gilt.<\/p>\n<hr \/>\n<table>\n<thead data-start=\"224\" data-end=\"338\">\n<tr data-start=\"224\" data-end=\"338\">\n<th style=\"text-align: left;\" data-start=\"224\" data-end=\"255\" data-col-size=\"sm\"><strong data-start=\"226\" data-end=\"239\">Categor\u00eda<\/strong><\/th>\n<th style=\"text-align: left;\" data-start=\"255\" data-end=\"338\" data-col-size=\"md\"><strong data-start=\"257\" data-end=\"272\">Informaci\u00f3n<\/strong><\/th>\n<\/tr>\n<\/thead>\n<\/table>\n<div>\n<table>\n<tbody>\n<tr data-start=\"455\" data-end=\"570\">\n<td data-start=\"455\" data-end=\"487\" data-col-size=\"sm\"><strong data-start=\"457\" data-end=\"478\">Tipo de cartel \/ tama\u00f1o<\/strong><\/td>\n<td data-start=\"487\" data-end=\"570\" data-col-size=\"md\">Cartel alem\u00e1n -\u00a0<strong data-start=\"508\" data-end=\"526\">59,4 cm * 84,1 cm<\/strong><\/td>\n<\/tr>\n<\/tbody>\n<\/table>\n<\/div>\n<div>\n<table>\n<tbody>\n<tr data-start=\"571\" data-end=\"686\">\n<td data-start=\"571\" data-end=\"603\" data-col-size=\"sm\"><strong data-start=\"573\" data-end=\"592\">Pa\u00eds de producci\u00f3n<\/strong><\/td>\n<td data-start=\"603\" data-end=\"686\" data-col-size=\"md\">Alemania<\/td>\n<\/tr>\n<\/tbody>\n<\/table>\n<\/div>\n<div>\n<table>\n<tbody>\n<tr data-start=\"687\" data-end=\"802\">\n<td data-start=\"687\" data-end=\"719\" data-col-size=\"sm\"><strong data-start=\"689\" data-end=\"700\">Idioma<\/strong><\/td>\n<td data-start=\"719\" data-end=\"802\" data-col-size=\"md\">Alem\u00e1n (pel\u00edcula muda)<\/td>\n<\/tr>\n<\/tbody>\n<\/table>\n<\/div>\n<div>\n<table>\n<tbody>\n<tr data-start=\"803\" data-end=\"918\">\n<td data-start=\"803\" data-end=\"835\" data-col-size=\"sm\"><strong data-start=\"805\" data-end=\"817\">Estreno<\/strong><\/td>\n<td data-start=\"835\" data-end=\"918\" data-col-size=\"md\">26 de febrero de 1920, Marmorhaus Berlin<\/td>\n<\/tr>\n<\/tbody>\n<\/table>\n<\/div>\n<div>\n<table>\n<tbody>\n<tr data-start=\"919\" data-end=\"1034\">\n<td data-start=\"919\" data-end=\"951\" data-col-size=\"sm\"><strong data-start=\"921\" data-end=\"930\">Longitud<\/strong><\/td>\n<td data-start=\"951\" data-end=\"1034\" data-col-size=\"md\">72 minutos<\/td>\n<\/tr>\n<\/tbody>\n<\/table>\n<\/div>\n<div>\n<table>\n<tbody>\n<tr data-start=\"1035\" data-end=\"1150\">\n<td data-start=\"1035\" data-end=\"1067\" data-col-size=\"sm\"><strong data-start=\"1037\" data-end=\"1046\">Direcci\u00f3n<\/strong><\/td>\n<td data-start=\"1067\" data-end=\"1150\" data-col-size=\"md\">Robert Wiene<\/td>\n<\/tr>\n<\/tbody>\n<\/table>\n<\/div>\n<div>\n<table>\n<tbody>\n<tr data-start=\"1151\" data-end=\"1266\">\n<td data-start=\"1151\" data-end=\"1183\" data-col-size=\"sm\"><strong data-start=\"1153\" data-end=\"1165\">Gui\u00f3n<\/strong><\/td>\n<td data-start=\"1183\" data-end=\"1266\" data-col-size=\"md\">Hans Janowitz, Carl Mayer<\/td>\n<\/tr>\n<\/tbody>\n<\/table>\n<\/div>\n<div>\n<table>\n<tbody>\n<tr data-start=\"1267\" data-end=\"1382\">\n<td data-start=\"1267\" data-end=\"1299\" data-col-size=\"sm\"><strong data-start=\"1269\" data-end=\"1279\">C\u00e1mara<\/strong><\/td>\n<td data-start=\"1299\" data-end=\"1382\" data-col-size=\"md\">Willy Hameister<\/td>\n<\/tr>\n<\/tbody>\n<\/table>\n<\/div>\n<div>\n<table>\n<tbody>\n<tr data-start=\"1383\" data-end=\"1498\">\n<td data-start=\"1383\" data-end=\"1415\" data-col-size=\"sm\"><strong data-start=\"1385\" data-end=\"1413\">Arquitectura cinematogr\u00e1fica \/ edificios<\/strong><\/td>\n<td data-start=\"1415\" data-end=\"1498\" data-col-size=\"md\">Walter Reimann, Hermann Warm, Walter R\u00f6hrig<\/td>\n<\/tr>\n<\/tbody>\n<\/table>\n<\/div>\n<div>\n<table>\n<tbody>\n<tr data-start=\"1499\" data-end=\"1614\">\n<td data-start=\"1499\" data-end=\"1531\" data-col-size=\"sm\"><strong data-start=\"1501\" data-end=\"1521\">Empresa productora<\/strong><\/td>\n<td data-start=\"1531\" data-end=\"1614\" data-col-size=\"md\">Decla Film Company<\/td>\n<\/tr>\n<\/tbody>\n<\/table>\n<\/div>\n<div>\n<table>\n<tbody>\n<tr data-start=\"1615\" data-end=\"1730\">\n<td data-start=\"1615\" data-end=\"1647\" data-col-size=\"sm\"><strong data-start=\"1617\" data-end=\"1631\">Producci\u00f3n<\/strong><\/td>\n<td data-start=\"1647\" data-end=\"1730\" data-col-size=\"md\">Rudolf Meinert, Erich Pommer<\/td>\n<\/tr>\n<\/tbody>\n<\/table>\n<\/div>\n<div>\n<table>\n<tbody>\n<tr data-start=\"1731\" data-end=\"1846\">\n<td data-start=\"1731\" data-end=\"1763\" data-col-size=\"sm\"><strong data-start=\"1733\" data-end=\"1746\">Fundici\u00f3n<\/strong><\/td>\n<td data-start=\"1763\" data-end=\"1846\" data-col-size=\"md\">Werner Krau\u00df, Conrad Veidt, Friedrich Feher, Lil Dagover<\/td>\n<\/tr>\n<\/tbody>\n<\/table>\n<\/div>","protected":false},"excerpt":{"rendered":"<ul>\n<li><strong data-start=\"515\" data-end=\"532\">Deutsches Plakat \u2014 59,4 cm * 84,1 cm<\/strong>\n<ul>\n<li>Imprimir en papel de alta calidad <strong>250 g, matt<\/strong><\/li>\n<li>M\u00e1ximo brillo del color y alta resistencia a los rayos UV<\/li>\n<li>Embalaje seguro (11 x 11 x 72 cm)<\/li>\n<\/ul>\n<\/li>\n<\/ul>","protected":false},"featured_media":2744,"template":"","meta":{"site-sidebar-layout":"default","site-content-layout":"","ast-site-content-layout":"default","site-content-style":"default","site-sidebar-style":"default","ast-global-header-display":"","ast-banner-title-visibility":"","ast-main-header-display":"","ast-hfb-above-header-display":"","ast-hfb-below-header-display":"","ast-hfb-mobile-header-display":"","site-post-title":"","ast-breadcrumbs-content":"","ast-featured-img":"","footer-sml-layout":"","ast-disable-related-posts":"","theme-transparent-header-meta":"default","adv-header-id-meta":"","stick-header-meta":"","header-above-stick-meta":"","header-main-stick-meta":"","header-below-stick-meta":"","astra-migrate-meta-layouts":"set","ast-page-background-enabled":"default","ast-page-background-meta":{"desktop":{"background-color":"var(--ast-global-color-4)","background-image":"","background-repeat":"repeat","background-position":"center center","background-size":"auto","background-attachment":"scroll","background-type":"","background-media":"","overlay-type":"","overlay-color":"","overlay-opacity":"","overlay-gradient":""},"tablet":{"background-color":"","background-image":"","background-repeat":"repeat","background-position":"center center","background-size":"auto","background-attachment":"scroll","background-type":"","background-media":"","overlay-type":"","overlay-color":"","overlay-opacity":"","overlay-gradient":""},"mobile":{"background-color":"","background-image":"","background-repeat":"repeat","background-position":"center center","background-size":"auto","background-attachment":"scroll","background-type":"","background-media":"","overlay-type":"","overlay-color":"","overlay-opacity":"","overlay-gradient":""}},"ast-content-background-meta":{"desktop":{"background-color":"var(--ast-global-color-5)","background-image":"","background-repeat":"repeat","background-position":"center center","background-size":"auto","background-attachment":"scroll","background-type":"","background-media":"","overlay-type":"","overlay-color":"","overlay-opacity":"","overlay-gradient":""},"tablet":{"background-color":"var(--ast-global-color-5)","background-image":"","background-repeat":"repeat","background-position":"center center","background-size":"auto","background-attachment":"scroll","background-type":"","background-media":"","overlay-type":"","overlay-color":"","overlay-opacity":"","overlay-gradient":""},"mobile":{"background-color":"var(--ast-global-color-5)","background-image":"","background-repeat":"repeat","background-position":"center center","background-size":"auto","background-attachment":"scroll","background-type":"","background-media":"","overlay-type":"","overlay-color":"","overlay-opacity":"","overlay-gradient":""}}},"product_brand":[],"product_cat":[53],"product_tag":[],"class_list":{"0":"post-1697","1":"product","2":"type-product","3":"status-publish","4":"has-post-thumbnail","6":"product_cat-deutsche-filmplakate","7":"desktop-align-left","8":"tablet-align-left","9":"mobile-align-left","11":"first","12":"instock","13":"taxable","14":"shipping-taxable","15":"purchasable","16":"product-type-simple"},"_links":{"self":[{"href":"https:\/\/kunstmarkt-kreuzberg.com\/es\/wp-json\/wp\/v2\/product\/1697","targetHints":{"allow":["GET"]}}],"collection":[{"href":"https:\/\/kunstmarkt-kreuzberg.com\/es\/wp-json\/wp\/v2\/product"}],"about":[{"href":"https:\/\/kunstmarkt-kreuzberg.com\/es\/wp-json\/wp\/v2\/types\/product"}],"version-history":[{"count":0,"href":"https:\/\/kunstmarkt-kreuzberg.com\/es\/wp-json\/wp\/v2\/product\/1697\/revisions"}],"wp:featuredmedia":[{"embeddable":true,"href":"https:\/\/kunstmarkt-kreuzberg.com\/es\/wp-json\/wp\/v2\/media\/2744"}],"wp:attachment":[{"href":"https:\/\/kunstmarkt-kreuzberg.com\/es\/wp-json\/wp\/v2\/media?parent=1697"}],"wp:term":[{"taxonomy":"product_brand","embeddable":true,"href":"https:\/\/kunstmarkt-kreuzberg.com\/es\/wp-json\/wp\/v2\/product_brand?post=1697"},{"taxonomy":"product_cat","embeddable":true,"href":"https:\/\/kunstmarkt-kreuzberg.com\/es\/wp-json\/wp\/v2\/product_cat?post=1697"},{"taxonomy":"product_tag","embeddable":true,"href":"https:\/\/kunstmarkt-kreuzberg.com\/es\/wp-json\/wp\/v2\/product_tag?post=1697"}],"curies":[{"name":"wp","href":"https:\/\/api.w.org\/{rel}","templated":true}]}}