{"id":1689,"date":"2025-07-05T01:00:37","date_gmt":"2025-07-04T23:00:37","guid":{"rendered":"https:\/\/german-poster.com\/?post_type=product&#038;p=1689"},"modified":"2026-01-30T07:43:51","modified_gmt":"2026-01-30T06:43:51","slug":"brother-deutsches-plakat-2000","status":"publish","type":"product","link":"https:\/\/kunstmarkt-kreuzberg.com\/es\/product\/hermano-cartel-aleman-2000\/","title":{"rendered":"Hermano - cartel alem\u00e1n (de 2000)"},"content":{"rendered":"<p data-start=\"142\" data-end=\"366\" class=\"translation-block\"><em data-start=\"142\" data-end=\"151\">Hermano<\/em> es un drama de g\u00e1ngsters de <strong data-start=\"178\" data-end=\"196\">Takeshi Kitano<\/strong>, que se produjo en Jap\u00f3n, Reino Unido y Estados Unidos en 2000. La pel\u00edcula combina el mito de la yakuza japonesa con el ambiente gansteril estadounidense de Los \u00c1ngeles.<\/p>\n<p data-start=\"368\" data-end=\"830\" class=\"translation-block\">La pel\u00edcula se centra en el yakuza <strong data-start=\"400\" data-end=\"429\">Yamamoto (Takeshi Kitano)<\/strong>, que se ve obligado a abandonar Jap\u00f3n tras la muerte de su jefe. En Los \u00c1ngeles, busca a su hermanastro Ken, que se dedica al tr\u00e1fico de drogas. Con una disciplina f\u00e9rrea, la voluntad de utilizar la violencia y el c\u00f3digo yakuza, Yamamoto crea su propio sindicato con Ken y sus amigos. Sin embargo, pronto entran en conflicto con los c\u00e1rteles de la droga ya establecidos y con la mafia italiana.<\/p>\n<p data-start=\"832\" data-end=\"1063\" class=\"translation-block\">Kitano escenifica la historia con su t\u00edpica mezcla de <strong data-start=\"899\" data-end=\"978\">humor lac\u00f3nico, violencia repentina y momentos tranquilos, casi po\u00e9ticos<\/strong>. La m\u00fasica de <strong data-start=\"994\" data-end=\"1010\">Joe Hisaishi<\/strong> refuerza la atm\u00f3sfera melanc\u00f3lica de la pel\u00edcula.<\/p>\n<p data-start=\"1065\" data-end=\"1220\" class=\"translation-block\"><em data-start=\"1065\" data-end=\"1074\">Hermano<\/em> tematiza el <strong data-start=\"1092\" data-end=\"1125\">choque de dos culturas<\/strong>, la lealtad y la inevitable ca\u00edda en un mundo donde la violencia no tiene futuro.<\/p>\n<hr \/>\n<table class=\"w-fit min-w-(--thread-content-width)\" data-start=\"51\" data-end=\"1504\">\n<thead data-start=\"51\" data-end=\"181\">\n<tr data-start=\"51\" data-end=\"181\">\n<th style=\"text-align: left;\" data-start=\"51\" data-end=\"98\" data-col-size=\"sm\"><strong data-start=\"53\" data-end=\"66\">Categor\u00eda<\/strong><\/th>\n<th style=\"text-align: left;\" data-start=\"98\" data-end=\"181\" data-col-size=\"md\"><strong data-start=\"100\" data-end=\"115\">Informaci\u00f3n<\/strong><\/th>\n<\/tr>\n<\/thead>\n<tbody data-start=\"313\" data-end=\"1504\">\n<tr data-start=\"313\" data-end=\"444\">\n<td data-start=\"313\" data-end=\"361\" data-col-size=\"sm\"><strong data-start=\"315\" data-end=\"335\">T\u00edtulo \/ Original<\/strong><\/td>\n<td data-start=\"361\" data-end=\"444\" data-col-size=\"md\"><em data-start=\"363\" data-end=\"381\">Aniki, mon fr\u00e8re<\/em><\/td>\n<\/tr>\n<tr data-start=\"445\" data-end=\"576\">\n<td data-start=\"445\" data-end=\"493\" data-col-size=\"sm\"><strong data-start=\"447\" data-end=\"468\">Tipo de cartel \/ tama\u00f1o<\/strong><\/td>\n<td data-start=\"493\" data-end=\"576\" data-col-size=\"md\">Cartel alem\u00e1n -\u00a0<strong data-start=\"514\" data-end=\"533\">68,5 \u00d7 101,5 cm<\/strong><\/td>\n<\/tr>\n<tr data-start=\"577\" data-end=\"707\">\n<td data-start=\"577\" data-end=\"625\" data-col-size=\"sm\"><strong data-start=\"579\" data-end=\"593\">Producci\u00f3n<\/strong><\/td>\n<td data-start=\"625\" data-end=\"707\" data-col-size=\"md\">Jap\u00f3n - Gran Breta\u00f1a - Estados Unidos<\/td>\n<\/tr>\n<tr data-start=\"708\" data-end=\"839\">\n<td data-start=\"708\" data-end=\"756\" data-col-size=\"sm\"><strong data-start=\"710\" data-end=\"721\">Idioma<\/strong><\/td>\n<td data-start=\"756\" data-end=\"839\" data-col-size=\"md\">Ingl\u00e9s, japon\u00e9s<\/td>\n<\/tr>\n<tr data-start=\"840\" data-end=\"971\">\n<td data-start=\"840\" data-end=\"888\" data-col-size=\"sm\"><strong data-start=\"842\" data-end=\"871\">Director \/ Gui\u00f3n \/ Montaje<\/strong><\/td>\n<td data-start=\"888\" data-end=\"971\" data-col-size=\"md\">Takeshi Kitano<\/td>\n<\/tr>\n<tr data-start=\"972\" data-end=\"1103\">\n<td data-start=\"972\" data-end=\"1020\" data-col-size=\"sm\"><strong data-start=\"974\" data-end=\"985\">Corte<\/strong><\/td>\n<td data-start=\"1020\" data-end=\"1103\" data-col-size=\"md\">Takeshi Kitano, Yoshinori Oota<\/td>\n<\/tr>\n<tr data-start=\"1104\" data-end=\"1235\">\n<td data-start=\"1104\" data-end=\"1152\" data-col-size=\"sm\"><strong data-start=\"1106\" data-end=\"1116\">C\u00e1mara<\/strong><\/td>\n<td data-start=\"1152\" data-end=\"1235\" data-col-size=\"md\">Katsumi Yanagishima<\/td>\n<\/tr>\n<tr data-start=\"1236\" data-end=\"1367\">\n<td data-start=\"1236\" data-end=\"1284\" data-col-size=\"sm\"><strong data-start=\"1238\" data-end=\"1247\">M\u00fasica<\/strong><\/td>\n<td data-start=\"1284\" data-end=\"1367\" data-col-size=\"md\">Joe Hisaishi<\/td>\n<\/tr>\n<tr data-start=\"1368\" data-end=\"1504\">\n<td data-start=\"1368\" data-end=\"1416\" data-col-size=\"sm\"><strong data-start=\"1370\" data-end=\"1383\">Fundici\u00f3n<\/strong><\/td>\n<td data-start=\"1416\" data-end=\"1504\" data-col-size=\"md\">Takeshi Kitano (Beat Takeshi), Omar Epps, Koroudo Maki, Masaya Kato, Susumu Terajima<\/td>\n<\/tr>\n<\/tbody>\n<\/table>","protected":false},"excerpt":{"rendered":"<p><strong data-start=\"515\" data-end=\"532\">Cartel alem\u00e1n - 68,5 \u00d7 101,5 cm<\/strong><\/p>\n<ul>\n<li>Druck auf Premiumpapier, 200g, matt<\/li>\n<li>M\u00e1ximo brillo del color y alta resistencia a los rayos UV<\/li>\n<li>Embalaje seguro (11 x 11 x 72 cm)<\/li>\n<\/ul>","protected":false},"featured_media":2742,"template":"","meta":{"site-sidebar-layout":"default","site-content-layout":"","ast-site-content-layout":"default","site-content-style":"default","site-sidebar-style":"default","ast-global-header-display":"","ast-banner-title-visibility":"","ast-main-header-display":"","ast-hfb-above-header-display":"","ast-hfb-below-header-display":"","ast-hfb-mobile-header-display":"","site-post-title":"","ast-breadcrumbs-content":"","ast-featured-img":"","footer-sml-layout":"","ast-disable-related-posts":"","theme-transparent-header-meta":"default","adv-header-id-meta":"","stick-header-meta":"","header-above-stick-meta":"","header-main-stick-meta":"","header-below-stick-meta":"","astra-migrate-meta-layouts":"set","ast-page-background-enabled":"default","ast-page-background-meta":{"desktop":{"background-color":"var(--ast-global-color-4)","background-image":"","background-repeat":"repeat","background-position":"center center","background-size":"auto","background-attachment":"scroll","background-type":"","background-media":"","overlay-type":"","overlay-color":"","overlay-opacity":"","overlay-gradient":""},"tablet":{"background-color":"","background-image":"","background-repeat":"repeat","background-position":"center center","background-size":"auto","background-attachment":"scroll","background-type":"","background-media":"","overlay-type":"","overlay-color":"","overlay-opacity":"","overlay-gradient":""},"mobile":{"background-color":"","background-image":"","background-repeat":"repeat","background-position":"center center","background-size":"auto","background-attachment":"scroll","background-type":"","background-media":"","overlay-type":"","overlay-color":"","overlay-opacity":"","overlay-gradient":""}},"ast-content-background-meta":{"desktop":{"background-color":"var(--ast-global-color-5)","background-image":"","background-repeat":"repeat","background-position":"center center","background-size":"auto","background-attachment":"scroll","background-type":"","background-media":"","overlay-type":"","overlay-color":"","overlay-opacity":"","overlay-gradient":""},"tablet":{"background-color":"var(--ast-global-color-5)","background-image":"","background-repeat":"repeat","background-position":"center center","background-size":"auto","background-attachment":"scroll","background-type":"","background-media":"","overlay-type":"","overlay-color":"","overlay-opacity":"","overlay-gradient":""},"mobile":{"background-color":"var(--ast-global-color-5)","background-image":"","background-repeat":"repeat","background-position":"center center","background-size":"auto","background-attachment":"scroll","background-type":"","background-media":"","overlay-type":"","overlay-color":"","overlay-opacity":"","overlay-gradient":""}}},"product_brand":[],"product_cat":[53],"product_tag":[],"class_list":{"0":"post-1689","1":"product","2":"type-product","3":"status-publish","4":"has-post-thumbnail","6":"product_cat-deutsche-filmplakate","7":"desktop-align-left","8":"tablet-align-left","9":"mobile-align-left","11":"first","12":"instock","13":"taxable","14":"shipping-taxable","15":"purchasable","16":"product-type-simple"},"_links":{"self":[{"href":"https:\/\/kunstmarkt-kreuzberg.com\/es\/wp-json\/wp\/v2\/product\/1689","targetHints":{"allow":["GET"]}}],"collection":[{"href":"https:\/\/kunstmarkt-kreuzberg.com\/es\/wp-json\/wp\/v2\/product"}],"about":[{"href":"https:\/\/kunstmarkt-kreuzberg.com\/es\/wp-json\/wp\/v2\/types\/product"}],"version-history":[{"count":0,"href":"https:\/\/kunstmarkt-kreuzberg.com\/es\/wp-json\/wp\/v2\/product\/1689\/revisions"}],"wp:featuredmedia":[{"embeddable":true,"href":"https:\/\/kunstmarkt-kreuzberg.com\/es\/wp-json\/wp\/v2\/media\/2742"}],"wp:attachment":[{"href":"https:\/\/kunstmarkt-kreuzberg.com\/es\/wp-json\/wp\/v2\/media?parent=1689"}],"wp:term":[{"taxonomy":"product_brand","embeddable":true,"href":"https:\/\/kunstmarkt-kreuzberg.com\/es\/wp-json\/wp\/v2\/product_brand?post=1689"},{"taxonomy":"product_cat","embeddable":true,"href":"https:\/\/kunstmarkt-kreuzberg.com\/es\/wp-json\/wp\/v2\/product_cat?post=1689"},{"taxonomy":"product_tag","embeddable":true,"href":"https:\/\/kunstmarkt-kreuzberg.com\/es\/wp-json\/wp\/v2\/product_tag?post=1689"}],"curies":[{"name":"wp","href":"https:\/\/api.w.org\/{rel}","templated":true}]}}