{"id":1683,"date":"2025-09-20T16:04:40","date_gmt":"2025-09-20T14:04:40","guid":{"rendered":"https:\/\/german-poster.com\/?post_type=product&#038;p=1683"},"modified":"2026-03-10T11:36:34","modified_gmt":"2026-03-10T10:36:34","slug":"nosferatu-eine-symphonie-des-grauens-1922","status":"publish","type":"product","link":"https:\/\/kunstmarkt-kreuzberg.com\/es\/product\/nosferatu-una-sinfonia-de-horror-1922\/","title":{"rendered":"Nosferatu - Una sinfon\u00eda de terror (1922) - cartel italiano"},"content":{"rendered":"<h2 data-start=\"101\" data-end=\"149\">Nosferatu - Una sinfon\u00eda de terror (1922) - cartel italiano<\/h2>\n<p data-start=\"151\" data-end=\"485\" class=\"translation-block\"><em data-start=\"151\" data-end=\"162\">Nosferatu<\/em> est\u00e1 considerada una de las pel\u00edculas mudas m\u00e1s importantes del expresionismo alem\u00e1n y el primer gran hito del cine de terror. El director <strong data-start=\"298\" data-end=\"326\">Friedrich Wilhelm Murnau<\/strong> cre\u00f3 en 1922 una adaptaci\u00f3n libre de la novela de Bram Stoker <em data-start=\"391\" data-end=\"400\">Dr\u00e1cula<\/strong>, que alcanz\u00f3 fama mundial a pesar de los conflictos legales con los herederos del autor.<\/p>\n<p data-start=\"487\" data-end=\"797\">La historia habla del agente inmobiliario Hutter, que viaja a Transilvania para vender una casa en la ciudad portuaria alemana de Wisborg al misterioso conde Orlok. Hutter pronto se da cuenta de que Orlok es un vampiro que se alimenta de sangre y supone una amenaza mortal para sus cong\u00e9neres.<\/p>\n<p data-start=\"799\" data-end=\"1189\" class=\"translation-block\">La pel\u00edcula se hizo famosa por su espeluznante representaci\u00f3n del vampiro <strong data-start=\"868\" data-end=\"883\">Max Schreck<\/strong>, cuyo aspecto fantasmal con cr\u00e1neo calvo, dedos largos y ojos penetrantes sigue caracterizando la imagen del vampiro cinematogr\u00e1fico cl\u00e1sico hasta nuestros d\u00edas. El oscuro lenguaje visual, el trabajo con las sombras y la luz, as\u00ed como las composiciones expresionistas de las im\u00e1genes hacen de <em data-start=\"1135\" data-end=\"1146\">Nosferatu<\/em> una obra maestra de la historia del cine.<\/p>\n<p data-start=\"1191\" data-end=\"1432\" class=\"translation-block\">A pesar de los intentos iniciales de destruir todas las copias por disputas sobre los derechos de autor, la pel\u00edcula sobrevivi\u00f3 y hoy se considera un <strong data-start=\"1319\" data-end=\"1336\">cl\u00e1sico de culto<\/strong> que influy\u00f3 decisivamente en el cine de vampiros y sigue influyendo en el cine y la cultura pop hasta nuestros d\u00edas.<\/p>\n<hr \/>\n<table>\n<thead>\n<tr>\n<th style=\"text-align: left;\"><strong>Categor\u00eda<\/strong><\/th>\n<th style=\"text-align: left;\"><strong>Informaci\u00f3n<\/strong><\/th>\n<\/tr>\n<\/thead>\n<tbody>\n<tr>\n<td><strong>Tipo de pel\u00edcula<\/strong><\/td>\n<td>Pel\u00edcula de terror alemana de 1922, dir:\u00a0<strong>Friedrich Wilhelm Murnau<\/strong><\/td>\n<\/tr>\n<tr>\n<td><strong>Talla<\/strong><\/td>\n<td><strong>70 cm * 100 cm<\/strong><\/td>\n<\/tr>\n<tr>\n<td><strong>Estreno<\/strong><\/td>\n<td>4 de marzo de 1922<\/td>\n<\/tr>\n<tr>\n<td><strong>Longitud<\/strong><\/td>\n<td>94 minutos<\/td>\n<\/tr>\n<tr>\n<td><strong>Direcci\u00f3n<\/strong><\/td>\n<td>Friedrich Wilhelm Murnau<\/td>\n<\/tr>\n<tr>\n<td><strong>Producci\u00f3n<\/strong><\/td>\n<td>Alemania,\u00a0<strong>Pel\u00edcula Prana<\/strong><\/td>\n<\/tr>\n<tr>\n<td><strong>Idioma<\/strong><\/td>\n<td>Alem\u00e1n<\/td>\n<\/tr>\n<tr>\n<td><strong>Gui\u00f3n<\/strong><\/td>\n<td>Henrik Galeen - despu\u00e9s\u00a0<em>Dr\u00e1cula<\/em>\u00a0de Bram Stoker<\/td>\n<\/tr>\n<tr>\n<td><strong>C\u00e1mara<\/strong><\/td>\n<td>Fritz Arno Wagner, G\u00fcnter Krampf<\/td>\n<\/tr>\n<tr>\n<td><strong>M\u00fasica<\/strong><\/td>\n<td>Hans Erdmann<\/td>\n<\/tr>\n<tr>\n<td><strong>Fundici\u00f3n<\/strong><\/td>\n<td>Max Schreck, Gustav von Wangenheim, Greta Schr\u00f6der<\/td>\n<\/tr>\n<\/tbody>\n<\/table>","protected":false},"excerpt":{"rendered":"<p><strong data-start=\"515\" data-end=\"532\">Cartel alem\u00e1n - <\/strong><strong>70 cm * 100 cm<\/strong><\/p>\n<ul>\n<li>Imprimir en papel de alta calidad <strong>200 g, matt<\/strong><\/li>\n<li>M\u00e1ximo brillo del color y alta resistencia a los rayos UV<\/li>\n<li>Embalaje seguro (11 x 11 x 72 cm)<\/li>\n<\/ul>\n<p>&nbsp;<\/p>","protected":false},"featured_media":2753,"template":"","meta":{"site-sidebar-layout":"default","site-content-layout":"","ast-site-content-layout":"default","site-content-style":"default","site-sidebar-style":"default","ast-global-header-display":"","ast-banner-title-visibility":"","ast-main-header-display":"","ast-hfb-above-header-display":"","ast-hfb-below-header-display":"","ast-hfb-mobile-header-display":"","site-post-title":"","ast-breadcrumbs-content":"","ast-featured-img":"","footer-sml-layout":"","ast-disable-related-posts":"","theme-transparent-header-meta":"default","adv-header-id-meta":"","stick-header-meta":"","header-above-stick-meta":"","header-main-stick-meta":"","header-below-stick-meta":"","astra-migrate-meta-layouts":"set","ast-page-background-enabled":"default","ast-page-background-meta":{"desktop":{"background-color":"var(--ast-global-color-4)","background-image":"","background-repeat":"repeat","background-position":"center center","background-size":"auto","background-attachment":"scroll","background-type":"","background-media":"","overlay-type":"","overlay-color":"","overlay-opacity":"","overlay-gradient":""},"tablet":{"background-color":"","background-image":"","background-repeat":"repeat","background-position":"center center","background-size":"auto","background-attachment":"scroll","background-type":"","background-media":"","overlay-type":"","overlay-color":"","overlay-opacity":"","overlay-gradient":""},"mobile":{"background-color":"","background-image":"","background-repeat":"repeat","background-position":"center center","background-size":"auto","background-attachment":"scroll","background-type":"","background-media":"","overlay-type":"","overlay-color":"","overlay-opacity":"","overlay-gradient":""}},"ast-content-background-meta":{"desktop":{"background-color":"var(--ast-global-color-5)","background-image":"","background-repeat":"repeat","background-position":"center center","background-size":"auto","background-attachment":"scroll","background-type":"","background-media":"","overlay-type":"","overlay-color":"","overlay-opacity":"","overlay-gradient":""},"tablet":{"background-color":"var(--ast-global-color-5)","background-image":"","background-repeat":"repeat","background-position":"center center","background-size":"auto","background-attachment":"scroll","background-type":"","background-media":"","overlay-type":"","overlay-color":"","overlay-opacity":"","overlay-gradient":""},"mobile":{"background-color":"var(--ast-global-color-5)","background-image":"","background-repeat":"repeat","background-position":"center center","background-size":"auto","background-attachment":"scroll","background-type":"","background-media":"","overlay-type":"","overlay-color":"","overlay-opacity":"","overlay-gradient":""}}},"product_brand":[],"product_cat":[77],"product_tag":[],"class_list":{"0":"post-1683","1":"product","2":"type-product","3":"status-publish","4":"has-post-thumbnail","6":"product_cat-italienische-filmplakate","7":"desktop-align-left","8":"tablet-align-left","9":"mobile-align-left","11":"first","12":"instock","13":"taxable","14":"shipping-taxable","15":"purchasable","16":"product-type-simple"},"_links":{"self":[{"href":"https:\/\/kunstmarkt-kreuzberg.com\/es\/wp-json\/wp\/v2\/product\/1683","targetHints":{"allow":["GET"]}}],"collection":[{"href":"https:\/\/kunstmarkt-kreuzberg.com\/es\/wp-json\/wp\/v2\/product"}],"about":[{"href":"https:\/\/kunstmarkt-kreuzberg.com\/es\/wp-json\/wp\/v2\/types\/product"}],"version-history":[{"count":0,"href":"https:\/\/kunstmarkt-kreuzberg.com\/es\/wp-json\/wp\/v2\/product\/1683\/revisions"}],"wp:featuredmedia":[{"embeddable":true,"href":"https:\/\/kunstmarkt-kreuzberg.com\/es\/wp-json\/wp\/v2\/media\/2753"}],"wp:attachment":[{"href":"https:\/\/kunstmarkt-kreuzberg.com\/es\/wp-json\/wp\/v2\/media?parent=1683"}],"wp:term":[{"taxonomy":"product_brand","embeddable":true,"href":"https:\/\/kunstmarkt-kreuzberg.com\/es\/wp-json\/wp\/v2\/product_brand?post=1683"},{"taxonomy":"product_cat","embeddable":true,"href":"https:\/\/kunstmarkt-kreuzberg.com\/es\/wp-json\/wp\/v2\/product_cat?post=1683"},{"taxonomy":"product_tag","embeddable":true,"href":"https:\/\/kunstmarkt-kreuzberg.com\/es\/wp-json\/wp\/v2\/product_tag?post=1683"}],"curies":[{"name":"wp","href":"https:\/\/api.w.org\/{rel}","templated":true}]}}