{"id":65,"date":"2025-07-28T15:53:25","date_gmt":"2025-07-28T13:53:25","guid":{"rendered":"https:\/\/german-poster.com\/agb\/"},"modified":"2025-11-17T13:54:55","modified_gmt":"2025-11-17T12:54:55","slug":"agb","status":"publish","type":"page","link":"https:\/\/kunstmarkt-kreuzberg.com\/en\/agb\/","title":{"rendered":"GTC"},"content":{"rendered":"<div data-elementor-type=\"wp-page\" data-elementor-id=\"65\" class=\"elementor elementor-65\">\n\t\t\t\t<div class=\"elementor-element elementor-element-1f30c45 e-flex e-con-boxed wpr-particle-no wpr-jarallax-no wpr-parallax-no wpr-sticky-section-no e-con e-parent\" data-id=\"1f30c45\" data-element_type=\"container\" data-e-type=\"container\">\n\t\t\t\t\t<div class=\"e-con-inner\">\n\t\t\t\t<div class=\"elementor-element elementor-element-5d6c4b9 elementor-widget elementor-widget-text-editor\" data-id=\"5d6c4b9\" data-element_type=\"widget\" data-e-type=\"widget\" data-widget_type=\"text-editor.default\">\n\t\t\t\t<div class=\"elementor-widget-container\">\n\t\t\t\t\t\t\t\t\t<p><strong>General Terms and Conditions<\/strong><\/p><div aria-label=\"table of contents\"><strong>1.\u00a0<a href=\"#geltungsbereich\">Scope of application<\/a><\/strong><br \/><strong>2.\u00a0<a href=\"#vertragspartner,_vertragsschluss,_korrekturm\u00f6glichkeiten\">Contractual partner, conclusion of contract, correction options<\/a><\/strong><br \/><strong>3.\u00a0<a href=\"#vertragssprache,_vertragstextspeicherung\">Contract language, contract text storage<\/a><\/strong><br \/><strong>4.\u00a0<a href=\"#lieferbedingungen\">Terms of delivery<\/a><\/strong><br \/><strong>5.\u00a0<a href=\"#bezahlung\">Payment<\/a><\/strong><br \/><strong>6.\u00a0<a href=\"#gew\u00e4hrleistung_und_garantien\">Warranty and guarantees<\/a><\/strong><br \/><strong>7.\u00a0<a href=\"#streitbeilegung\">Dispute resolution<\/a><\/strong><\/div><h2 id=\"geltungsbereich\">1. scope of application<\/h2><p>The following terms and conditions apply to all orders placed via our online shop. Our online shop is aimed exclusively at consumers.<\/p><p>A consumer is any natural person who enters into a legal transaction for purposes that are predominantly outside their trade, business or profession. An entrepreneur is a natural or legal person or a partnership with legal capacity who or which, when entering into a legal transaction, acts in exercise of his or its trade, business or profession.<\/p><h2 id=\"vertragspartner,_vertragsschluss,_korrekturm\u00f6glichkeiten\">2 Contractual partner, conclusion of contract, correction options<\/h2><p>The purchase contract is concluded with Kunstmarkt Kreuzberg.<\/p><p>By placing the products in the online shop, we submit a binding offer to conclude a contract for these products. You can initially place our products in the shopping basket without obligation and correct your entries at any time before sending your binding order by using the correction aids provided and explained for this purpose in the order process. The contract is concluded when you accept the offer for the products contained in the shopping basket by clicking on the order button. Immediately after sending the order, you will receive another confirmation by e-mail.<\/p><h2 id=\"vertragssprache,_vertragstextspeicherung\">3. contract language, contract text storage<\/h2><p>The language(s) available for the conclusion of the contract: German, English<\/p><p>We save the text of the contract and send you the order data and our GTC in text form. You can view the text of the contract in our customer login.<\/p><h2 id=\"lieferbedingungen\">4. terms of delivery<\/h2><h3 id=\"lieferoptionen\">\u00a0Delivery options<\/h3><p>We dispatch the products to the delivery address specified in the order process.<\/p><p>We only deliver by dispatch. Unfortunately, it is not possible to collect the goods yourself.<\/p><p>We do not deliver to packing stations.<\/p><h2 id=\"bezahlung\">5. payment<\/h2><p>The following payment methods are available in our shop.<\/p><p><strong>Prepayment<\/strong><br \/>If you choose to pay in advance, we will send you our bank details in a separate e-mail and deliver the goods after receipt of payment.<\/p><p><strong>Cash payment on collection<\/strong><br \/>You pay the invoice amount in cash on collection.<\/p><p><strong>Credit card<\/strong><br \/>You enter your credit card details during the ordering process. Your card will be charged immediately after you place your order.<\/p><p>PayPal, PayPal Express<br \/>In order to be able to pay the invoice amount via the payment service provider PayPal (Europe) S.\u00e0 r.l. et Cie, S.C.A, 22-24 Boulevard Royal, L-2449 Luxembourg (\u201ePayPal\u201c), you must be registered with PayPal, legitimise yourself with your access data and confirm the payment instruction. The payment transaction is carried out by PayPal immediately after the order is placed. You will receive further instructions during the order process.<\/p><p>PayPal can offer registered PayPal customers, selected according to its own criteria, further payment methods in the customer account. However, we have no influence on the offering of these modalities; other individually offered payment modalities affect your legal relationship with PayPal. You can find further information on this in your PayPal account.<\/p><h2 id=\"gew\u00e4hrleistung_und_garantien\">6 Warranty and guarantees<\/h2><h3 id=\"m\u00e4ngelhaftungsrecht\">6.1 Liability for defects<\/h3><p>The statutory liability for defects shall apply.<\/p><h3 id=\"garantien_und_kundendienst\">6.2 Warranties and customer service<\/h3><p>Information on any additional guarantees that may apply and their exact conditions can be found with the product and on special information pages in the online shop.<\/p><h2 id=\"streitbeilegung\">7. dispute resolution<\/h2><p>We are not obliged or willing to participate in dispute resolution proceedings before a consumer arbitration board.<\/p>\t\t\t\t\t\t\t\t<\/div>\n\t\t\t\t<\/div>\n\t\t\t\t\t<\/div>\n\t\t\t\t<\/div>\n\t\t\t\t<\/div>","protected":false},"excerpt":{"rendered":"<p>Allgemeine Gesch\u00e4ftsbedingungen 1.\u00a0Geltungsbereich2.\u00a0Vertragspartner, Vertragsschluss, Korrekturm\u00f6glichkeiten3.\u00a0Vertragssprache, Vertragstextspeicherung4.\u00a0Lieferbedingungen5.\u00a0Bezahlung6.\u00a0Gew\u00e4hrleistung und Garantien7.\u00a0Streitbeilegung 1.\u00a0Geltungsbereich F\u00fcr alle Bestellungen \u00fcber unseren Online-Shop gelten die nachfolgenden AGB. Unser Online-Shop richtet sich ausschlie\u00dflich an Verbraucher. Verbraucher ist jede nat\u00fcrliche Person, die ein Rechtsgesch\u00e4ft zu Zwecken abschlie\u00dft, die \u00fcberwiegend weder ihrer gewerblichen noch ihrer selbst\u00e4ndigen beruflichen T\u00e4tigkeit zugerechnet werden k\u00f6nnen. Unternehmer ist eine nat\u00fcrliche oder juristische Person oder eine rechtsf\u00e4hige Personengesellschaft, die bei Abschluss eines Rechtsgesch\u00e4fts in Aus\u00fcbung ihrer gewerblichen oder selbst\u00e4ndigen beruflichen T\u00e4tigkeit handelt. 2.\u00a0Vertragspartner, Vertragsschluss, Korrekturm\u00f6glichkeiten Der Kaufvertrag kommt zustande mit Kunstmarkt Kreuzberg. Mit Einstellung der Produkte in den Online-Shop geben wir ein verbindliches Angebot zum Vertragsschluss \u00fcber diese Produkte ab. Sie k\u00f6nnen unsere Produkte zun\u00e4chst unverbindlich in den Warenkorb legen und Ihre Eingaben vor Absenden Ihrer verbindlichen Bestellung jederzeit korrigieren, indem Sie die hierf\u00fcr im Bestellablauf vorgesehenen und erl\u00e4uterten Korrekturhilfen nutzen. Der Vertrag kommt zustande, indem Sie durch Anklicken des Bestellbuttons das Angebot \u00fcber die im Warenkorb enthaltenen Produkte annehmen. Unmittelbar nach dem Absenden der Bestellung erhalten Sie noch einmal eine Best\u00e4tigung per E-Mail. 3.\u00a0Vertragssprache, Vertragstextspeicherung Die f\u00fcr den Vertragsschluss zur Verf\u00fcgung stehende(n) Sprache(n): Deutsch, Englisch Wir speichern den Vertragstext und senden Ihnen die Bestelldaten und unsere AGB in Textform zu. Den Vertragstext k\u00f6nnen Sie in unserem Kunden-Login einsehen. 4.\u00a0Lieferbedingungen \u00a0Lieferoptionen Wir versenden die Produkte an die im Bestellprozess angegebene Lieferadresse. Wir liefern nur im Versandweg. Eine Selbstabholung der Ware ist leider nicht m\u00f6glich. Wir liefern nicht an Packstationen. 5.\u00a0Bezahlung In unserem Shop stehen Ihnen grunds\u00e4tzlich die nachfolgenden Zahlungsarten zur Verf\u00fcgung. VorkasseBei Auswahl der Zahlungsart Vorkasse nennen wir Ihnen unsere Bankverbindung in separater E-Mail und liefern die Ware nach Zahlungseingang. Barzahlung bei AbholungSie zahlen den Rechnungsbetrag bei der Abholung bar. KreditkarteIm Bestellprozess geben Sie Ihre Kreditkartendaten an. Ihre Karte wird unmittelbar nach Abgabe der Bestellung belastet. PayPal, PayPal ExpressUm den Rechnungsbetrag \u00fcber den Zahlungsdienstleister PayPal (Europe) S.\u00e0 r.l. et Cie, S.C.A, 22-24 Boulevard Royal, L-2449 Luxembourg (\u201ePayPal\u201c) bezahlen zu k\u00f6nnen, m\u00fcssen Sie bei PayPal registriert sein, sich mit Ihren Zugangsdaten legitimieren und die Zahlungsanweisung best\u00e4tigen. Die Zahlungstransaktion wird durch PayPal unmittelbar nach Abgabe der Bestellung durchgef\u00fchrt. Weitere Hinweise erhalten Sie im Bestellvorgang. PayPal kann registrierten und nach eigenen Kriterien ausgew\u00e4hlten PayPal-Kunden weitere Zahlungsmodalit\u00e4ten im Kundenkonto anbieten. Auf das Anbieten dieser Modalit\u00e4ten haben wir allerdings keinen Einfluss; weitere individuell angebotene Zahlungsmodalit\u00e4ten betreffen Ihr Rechtsverh\u00e4ltnis mit PayPal. Weitere Informationen hierzu finden Sie in Ihrem PayPal-Konto. 6.\u00a0Gew\u00e4hrleistung und Garantien 6.1\u00a0M\u00e4ngelhaftungsrecht Es gilt das gesetzliche M\u00e4ngelhaftungsrecht. 6.2\u00a0Garantien und Kundendienst Informationen zu gegebenenfalls geltenden zus\u00e4tzlichen Garantien und deren genaue Bedingungen finden Sie jeweils beim Produkt und auf besonderen Informationsseiten im Online-Shop. 7.\u00a0Streitbeilegung Zur Teilnahme an einem Streitbeilegungsverfahren vor einer Verbraucherschlichtungsstelle sind wir nicht verpflichtet und nicht bereit.<\/p>","protected":false},"author":1,"featured_media":0,"parent":0,"menu_order":0,"comment_status":"closed","ping_status":"closed","template":"","meta":{"site-sidebar-layout":"no-sidebar","site-content-layout":"page-builder","ast-site-content-layout":"full-width-container","site-content-style":"default","site-sidebar-style":"default","ast-global-header-display":"","ast-banner-title-visibility":"","ast-main-header-display":"","ast-hfb-above-header-display":"","ast-hfb-below-header-display":"","ast-hfb-mobile-header-display":"","site-post-title":"","ast-breadcrumbs-content":"","ast-featured-img":"disabled","footer-sml-layout":"","ast-disable-related-posts":"","theme-transparent-header-meta":"","adv-header-id-meta":"","stick-header-meta":"","header-above-stick-meta":"","header-main-stick-meta":"","header-below-stick-meta":"","astra-migrate-meta-layouts":"set","ast-page-background-enabled":"default","ast-page-background-meta":{"desktop":{"background-color":"var(--ast-global-color-4)","background-image":"","background-repeat":"repeat","background-position":"center center","background-size":"auto","background-attachment":"scroll","background-type":"","background-media":"","overlay-type":"","overlay-color":"","overlay-opacity":"","overlay-gradient":""},"tablet":{"background-color":"","background-image":"","background-repeat":"repeat","background-position":"center center","background-size":"auto","background-attachment":"scroll","background-type":"","background-media":"","overlay-type":"","overlay-color":"","overlay-opacity":"","overlay-gradient":""},"mobile":{"background-color":"","background-image":"","background-repeat":"repeat","background-position":"center center","background-size":"auto","background-attachment":"scroll","background-type":"","background-media":"","overlay-type":"","overlay-color":"","overlay-opacity":"","overlay-gradient":""}},"ast-content-background-meta":{"desktop":{"background-color":"var(--ast-global-color-5)","background-image":"","background-repeat":"repeat","background-position":"center center","background-size":"auto","background-attachment":"scroll","background-type":"","background-media":"","overlay-type":"","overlay-color":"","overlay-opacity":"","overlay-gradient":""},"tablet":{"background-color":"var(--ast-global-color-5)","background-image":"","background-repeat":"repeat","background-position":"center center","background-size":"auto","background-attachment":"scroll","background-type":"","background-media":"","overlay-type":"","overlay-color":"","overlay-opacity":"","overlay-gradient":""},"mobile":{"background-color":"var(--ast-global-color-5)","background-image":"","background-repeat":"repeat","background-position":"center center","background-size":"auto","background-attachment":"scroll","background-type":"","background-media":"","overlay-type":"","overlay-color":"","overlay-opacity":"","overlay-gradient":""}},"footnotes":""},"class_list":["post-65","page","type-page","status-publish","hentry"],"_links":{"self":[{"href":"https:\/\/kunstmarkt-kreuzberg.com\/en\/wp-json\/wp\/v2\/pages\/65","targetHints":{"allow":["GET"]}}],"collection":[{"href":"https:\/\/kunstmarkt-kreuzberg.com\/en\/wp-json\/wp\/v2\/pages"}],"about":[{"href":"https:\/\/kunstmarkt-kreuzberg.com\/en\/wp-json\/wp\/v2\/types\/page"}],"author":[{"embeddable":true,"href":"https:\/\/kunstmarkt-kreuzberg.com\/en\/wp-json\/wp\/v2\/users\/1"}],"replies":[{"embeddable":true,"href":"https:\/\/kunstmarkt-kreuzberg.com\/en\/wp-json\/wp\/v2\/comments?post=65"}],"version-history":[{"count":0,"href":"https:\/\/kunstmarkt-kreuzberg.com\/en\/wp-json\/wp\/v2\/pages\/65\/revisions"}],"wp:attachment":[{"href":"https:\/\/kunstmarkt-kreuzberg.com\/en\/wp-json\/wp\/v2\/media?parent=65"}],"curies":[{"name":"wp","href":"https:\/\/api.w.org\/{rel}","templated":true}]}}